{"id":4313,"date":"2022-09-12T01:36:39","date_gmt":"2022-09-12T01:36:39","guid":{"rendered":"https:\/\/weathertoboat.ca\/?page_id=4313"},"modified":"2022-09-12T16:51:29","modified_gmt":"2022-09-12T16:51:29","slug":"boats-at-anchor-under-50-m-1641-fre","status":"publish","type":"page","link":"https:\/\/weathertoboat.ca\/fr\/boats-at-anchor-under-50-m-1641-fre\/","title":{"rendered":"Boats at Anchor under 50 m (164\u20191\u2019\u2019) FRE"},"content":{"rendered":"<h2>Embarcations \u00e0 l\u2019ancre d\u2019une longueur inf\u00e9rieure \u00e0 50 m (164 pi 1 po)<\/h2>\n<table class=\"t1\" cellspacing=\"0\" cellpadding=\"0\">\n<tbody>\n<tr>\n<td class=\"td1\" valign=\"top\">\n<p class=\"p1\">REMARQUE : <em><strong>Les embarcations de moins de 7 m<\/strong><\/em> ne sont pas tenues de montrer les feux ou marques prescrits, sauf<br \/>\nlorsqu\u2019ils se trouvent \u00e0 l\u2019int\u00e9rieur ou \u00e0 proximit\u00e9 d\u2019un chenal \u00e9troit, d\u2019une voie d\u2019acc\u00e8s ou d\u2019un ancrage, ou sur les routes habituellement fr\u00e9quent\u00e9es par d\u2019autres embarcations<\/p>\n<\/td>\n<\/tr>\n<\/tbody>\n<\/table>\n<h3><strong>Option 1<\/strong><\/h3>\n<p>&#8211;Un (1) feu blanc visible sur tout l\u2019horizon<img loading=\"lazy\" class=\"aligncenter size-full wp-image-4315\" src=\"https:\/\/weathertoboat.ca\/wp-content\/uploads\/2022\/09\/anchor-option1-FRE.png\" alt=\"\" width=\"834\" height=\"832\" srcset=\"https:\/\/weathertoboat.ca\/wp-content\/uploads\/2022\/09\/anchor-option1-FRE.png 834w, https:\/\/weathertoboat.ca\/wp-content\/uploads\/2022\/09\/anchor-option1-FRE-300x300.png 300w, https:\/\/weathertoboat.ca\/wp-content\/uploads\/2022\/09\/anchor-option1-FRE-150x150.png 150w, https:\/\/weathertoboat.ca\/wp-content\/uploads\/2022\/09\/anchor-option1-FRE-768x766.png 768w, https:\/\/weathertoboat.ca\/wp-content\/uploads\/2022\/09\/anchor-option1-FRE-12x12.png 12w, https:\/\/weathertoboat.ca\/wp-content\/uploads\/2022\/09\/anchor-option1-FRE-32x32.png 32w, https:\/\/weathertoboat.ca\/wp-content\/uploads\/2022\/09\/anchor-option1-FRE-48x48.png 48w, https:\/\/weathertoboat.ca\/wp-content\/uploads\/2022\/09\/anchor-option1-FRE-80x80.png 80w, https:\/\/weathertoboat.ca\/wp-content\/uploads\/2022\/09\/anchor-option1-FRE-180x180.png 180w\" sizes=\"(max-width: 834px) 100vw, 834px\" \/><br \/>\n<em><strong>FACULTATIF<\/strong><\/em> \u2013Un (1) autre feu blanc visible sur tout l\u2019horizon, \u00e0 l\u2019arri\u00e8re et plus bas que l\u2019autre feu<\/p>\n<p>REMARQUE : Vous pouvez utiliser tous les feux disponibles pour illuminer les ponts.<\/p>\n<h3><strong>Option 2 (le jour)<\/strong><\/h3>\n<p>&#8211;Une (1) boule<\/p>\n<h3><img loading=\"lazy\" class=\"aligncenter size-full wp-image-4316\" src=\"https:\/\/weathertoboat.ca\/wp-content\/uploads\/2022\/09\/anchor-option2-FRE.png\" alt=\"\" width=\"832\" height=\"832\" srcset=\"https:\/\/weathertoboat.ca\/wp-content\/uploads\/2022\/09\/anchor-option2-FRE.png 832w, https:\/\/weathertoboat.ca\/wp-content\/uploads\/2022\/09\/anchor-option2-FRE-300x300.png 300w, https:\/\/weathertoboat.ca\/wp-content\/uploads\/2022\/09\/anchor-option2-FRE-150x150.png 150w, https:\/\/weathertoboat.ca\/wp-content\/uploads\/2022\/09\/anchor-option2-FRE-768x768.png 768w, https:\/\/weathertoboat.ca\/wp-content\/uploads\/2022\/09\/anchor-option2-FRE-12x12.png 12w, https:\/\/weathertoboat.ca\/wp-content\/uploads\/2022\/09\/anchor-option2-FRE-32x32.png 32w, https:\/\/weathertoboat.ca\/wp-content\/uploads\/2022\/09\/anchor-option2-FRE-48x48.png 48w, https:\/\/weathertoboat.ca\/wp-content\/uploads\/2022\/09\/anchor-option2-FRE-80x80.png 80w, https:\/\/weathertoboat.ca\/wp-content\/uploads\/2022\/09\/anchor-option2-FRE-180x180.png 180w\" sizes=\"(max-width: 832px) 100vw, 832px\" \/><\/h3>\n<p>&nbsp;<\/p>","protected":false},"excerpt":{"rendered":"<p>Embarcations \u00e0 l\u2019ancre d\u2019une longueur inf\u00e9rieure \u00e0 50 m (164 pi 1 po) REMARQUE : Les embarcations de moins de 7 m ne sont pas tenues de montrer les feux ou marques prescrits, sauf lorsqu\u2019ils se trouvent \u00e0 l\u2019int\u00e9rieur ou \u00e0 proximit\u00e9 d\u2019un chenal \u00e9troit, d\u2019une voie d\u2019acc\u00e8s ou d\u2019un ancrage, ou sur les routes [&hellip;]<\/p>","protected":false},"author":1,"featured_media":0,"parent":0,"menu_order":0,"comment_status":"closed","ping_status":"closed","template":"","meta":[],"_links":{"self":[{"href":"https:\/\/weathertoboat.ca\/fr\/wp-json\/wp\/v2\/pages\/4313"}],"collection":[{"href":"https:\/\/weathertoboat.ca\/fr\/wp-json\/wp\/v2\/pages"}],"about":[{"href":"https:\/\/weathertoboat.ca\/fr\/wp-json\/wp\/v2\/types\/page"}],"author":[{"embeddable":true,"href":"https:\/\/weathertoboat.ca\/fr\/wp-json\/wp\/v2\/users\/1"}],"replies":[{"embeddable":true,"href":"https:\/\/weathertoboat.ca\/fr\/wp-json\/wp\/v2\/comments?post=4313"}],"version-history":[{"count":2,"href":"https:\/\/weathertoboat.ca\/fr\/wp-json\/wp\/v2\/pages\/4313\/revisions"}],"predecessor-version":[{"id":4364,"href":"https:\/\/weathertoboat.ca\/fr\/wp-json\/wp\/v2\/pages\/4313\/revisions\/4364"}],"wp:attachment":[{"href":"https:\/\/weathertoboat.ca\/fr\/wp-json\/wp\/v2\/media?parent=4313"}],"curies":[{"name":"wp","href":"https:\/\/api.w.org\/{rel}","templated":true}]}}