{"id":4308,"date":"2022-09-12T01:27:45","date_gmt":"2022-09-12T01:27:45","guid":{"rendered":"https:\/\/weathertoboat.ca\/?page_id=4308"},"modified":"2022-09-12T16:50:35","modified_gmt":"2022-09-12T16:50:35","slug":"human-powered-boats-fre","status":"publish","type":"page","link":"https:\/\/weathertoboat.ca\/fr\/human-powered-boats-fre\/","title":{"rendered":"Human Powered Boats FRE"},"content":{"rendered":"<h2>Embarcations \u00e0 propulsion humaine<\/h2>\n<h3><strong>Option 1<\/strong><\/h3>\n<p>&#8211;Une (1) lampe \u00e9lectrique ou un fanal allum\u00e9 \u00e0 feu blanc (une lampe de poche \u00e9tanche est acceptable) que vous devrez montrer suffisamment \u00e0 l\u2019avance pour pr\u00e9venir un abordage<img loading=\"lazy\" class=\"aligncenter size-full wp-image-4311\" src=\"https:\/\/weathertoboat.ca\/wp-content\/uploads\/2022\/09\/human-powered-FRE.png\" alt=\"\" width=\"832\" height=\"832\" srcset=\"https:\/\/weathertoboat.ca\/wp-content\/uploads\/2022\/09\/human-powered-FRE.png 832w, https:\/\/weathertoboat.ca\/wp-content\/uploads\/2022\/09\/human-powered-FRE-300x300.png 300w, https:\/\/weathertoboat.ca\/wp-content\/uploads\/2022\/09\/human-powered-FRE-150x150.png 150w, https:\/\/weathertoboat.ca\/wp-content\/uploads\/2022\/09\/human-powered-FRE-768x768.png 768w, https:\/\/weathertoboat.ca\/wp-content\/uploads\/2022\/09\/human-powered-FRE-12x12.png 12w, https:\/\/weathertoboat.ca\/wp-content\/uploads\/2022\/09\/human-powered-FRE-32x32.png 32w, https:\/\/weathertoboat.ca\/wp-content\/uploads\/2022\/09\/human-powered-FRE-48x48.png 48w, https:\/\/weathertoboat.ca\/wp-content\/uploads\/2022\/09\/human-powered-FRE-80x80.png 80w, https:\/\/weathertoboat.ca\/wp-content\/uploads\/2022\/09\/human-powered-FRE-180x180.png 180w\" sizes=\"(max-width: 832px) 100vw, 832px\" \/><\/p>\n<h3><strong>Option 2<\/strong><\/h3>\n<p>&#8211;M\u00eames feux que ceux utilis\u00e9s pour les voiliers, en fonction de la longueur<\/p>\n<h3><img loading=\"lazy\" class=\"aligncenter size-full wp-image-4311\" src=\"https:\/\/weathertoboat.ca\/wp-content\/uploads\/2022\/09\/human-powered-FRE.png\" alt=\"\" width=\"832\" height=\"832\" srcset=\"https:\/\/weathertoboat.ca\/wp-content\/uploads\/2022\/09\/human-powered-FRE.png 832w, https:\/\/weathertoboat.ca\/wp-content\/uploads\/2022\/09\/human-powered-FRE-300x300.png 300w, https:\/\/weathertoboat.ca\/wp-content\/uploads\/2022\/09\/human-powered-FRE-150x150.png 150w, https:\/\/weathertoboat.ca\/wp-content\/uploads\/2022\/09\/human-powered-FRE-768x768.png 768w, https:\/\/weathertoboat.ca\/wp-content\/uploads\/2022\/09\/human-powered-FRE-12x12.png 12w, https:\/\/weathertoboat.ca\/wp-content\/uploads\/2022\/09\/human-powered-FRE-32x32.png 32w, https:\/\/weathertoboat.ca\/wp-content\/uploads\/2022\/09\/human-powered-FRE-48x48.png 48w, https:\/\/weathertoboat.ca\/wp-content\/uploads\/2022\/09\/human-powered-FRE-80x80.png 80w, https:\/\/weathertoboat.ca\/wp-content\/uploads\/2022\/09\/human-powered-FRE-180x180.png 180w\" sizes=\"(max-width: 832px) 100vw, 832px\" \/><\/h3>\n<h3><\/h3>","protected":false},"excerpt":{"rendered":"<p>Embarcations \u00e0 propulsion humaine Option 1 &#8211;Une (1) lampe \u00e9lectrique ou un fanal allum\u00e9 \u00e0 feu blanc (une lampe de poche \u00e9tanche est acceptable) que vous devrez montrer suffisamment \u00e0 l\u2019avance pour pr\u00e9venir un abordage Option 2 &#8211;M\u00eames feux que ceux utilis\u00e9s pour les voiliers, en fonction de la longueur<\/p>","protected":false},"author":1,"featured_media":0,"parent":0,"menu_order":0,"comment_status":"closed","ping_status":"closed","template":"","meta":[],"_links":{"self":[{"href":"https:\/\/weathertoboat.ca\/fr\/wp-json\/wp\/v2\/pages\/4308"}],"collection":[{"href":"https:\/\/weathertoboat.ca\/fr\/wp-json\/wp\/v2\/pages"}],"about":[{"href":"https:\/\/weathertoboat.ca\/fr\/wp-json\/wp\/v2\/types\/page"}],"author":[{"embeddable":true,"href":"https:\/\/weathertoboat.ca\/fr\/wp-json\/wp\/v2\/users\/1"}],"replies":[{"embeddable":true,"href":"https:\/\/weathertoboat.ca\/fr\/wp-json\/wp\/v2\/comments?post=4308"}],"version-history":[{"count":4,"href":"https:\/\/weathertoboat.ca\/fr\/wp-json\/wp\/v2\/pages\/4308\/revisions"}],"predecessor-version":[{"id":4363,"href":"https:\/\/weathertoboat.ca\/fr\/wp-json\/wp\/v2\/pages\/4308\/revisions\/4363"}],"wp:attachment":[{"href":"https:\/\/weathertoboat.ca\/fr\/wp-json\/wp\/v2\/media?parent=4308"}],"curies":[{"name":"wp","href":"https:\/\/api.w.org\/{rel}","templated":true}]}}