{"id":4305,"date":"2022-09-12T01:22:26","date_gmt":"2022-09-12T01:22:26","guid":{"rendered":"https:\/\/weathertoboat.ca\/?page_id=4305"},"modified":"2022-09-12T16:46:26","modified_gmt":"2022-09-12T16:46:26","slug":"voiliers-dune-longueur-de-20-m-65-pi-7-po-et-plus-regle-25","status":"publish","type":"page","link":"https:\/\/weathertoboat.ca\/fr\/voiliers-dune-longueur-de-20-m-65-pi-7-po-et-plus-regle-25\/","title":{"rendered":"Sail Boats from 20m (and over) &#8211; Rule 25 FRE"},"content":{"rendered":"<h2>Voiliers d\u2019une longueur de 20 m (65 pi 7 po) et plus<\/h2>\n<h3><strong>Option 1<\/strong><\/h3>\n<p>&#8211;Des feux de c\u00f4t\u00e9<br \/>\n&#8211;Un (1) feu de poupe<img loading=\"lazy\" class=\"aligncenter size-full wp-image-4293\" src=\"https:\/\/weathertoboat.ca\/wp-content\/uploads\/2022\/09\/sail-fromr7-option1-FRE.png\" alt=\"\" width=\"832\" height=\"834\" srcset=\"https:\/\/weathertoboat.ca\/wp-content\/uploads\/2022\/09\/sail-fromr7-option1-FRE.png 832w, https:\/\/weathertoboat.ca\/wp-content\/uploads\/2022\/09\/sail-fromr7-option1-FRE-300x300.png 300w, https:\/\/weathertoboat.ca\/wp-content\/uploads\/2022\/09\/sail-fromr7-option1-FRE-150x150.png 150w, https:\/\/weathertoboat.ca\/wp-content\/uploads\/2022\/09\/sail-fromr7-option1-FRE-768x770.png 768w, https:\/\/weathertoboat.ca\/wp-content\/uploads\/2022\/09\/sail-fromr7-option1-FRE-12x12.png 12w, https:\/\/weathertoboat.ca\/wp-content\/uploads\/2022\/09\/sail-fromr7-option1-FRE-32x32.png 32w, https:\/\/weathertoboat.ca\/wp-content\/uploads\/2022\/09\/sail-fromr7-option1-FRE-48x48.png 48w, https:\/\/weathertoboat.ca\/wp-content\/uploads\/2022\/09\/sail-fromr7-option1-FRE-80x80.png 80w, https:\/\/weathertoboat.ca\/wp-content\/uploads\/2022\/09\/sail-fromr7-option1-FRE-180x180.png 180w\" sizes=\"(max-width: 832px) 100vw, 832px\" \/><\/p>\n<h3><strong>Option 2<\/strong><\/h3>\n<p>&#8211;Deux (2) feux superpos\u00e9s visibles sur tout l\u2019horizon, le feu sup\u00e9rieur \u00e9tant rouge et le feu inf\u00e9rieur \u00e9tant vert<\/p>\n<h3><img loading=\"lazy\" class=\"aligncenter size-full wp-image-4297\" src=\"https:\/\/weathertoboat.ca\/wp-content\/uploads\/2022\/09\/sail-20m-option2-FRE.png\" alt=\"\" width=\"830\" height=\"838\" srcset=\"https:\/\/weathertoboat.ca\/wp-content\/uploads\/2022\/09\/sail-20m-option2-FRE.png 830w, https:\/\/weathertoboat.ca\/wp-content\/uploads\/2022\/09\/sail-20m-option2-FRE-297x300.png 297w, https:\/\/weathertoboat.ca\/wp-content\/uploads\/2022\/09\/sail-20m-option2-FRE-150x150.png 150w, https:\/\/weathertoboat.ca\/wp-content\/uploads\/2022\/09\/sail-20m-option2-FRE-768x775.png 768w, https:\/\/weathertoboat.ca\/wp-content\/uploads\/2022\/09\/sail-20m-option2-FRE-12x12.png 12w, https:\/\/weathertoboat.ca\/wp-content\/uploads\/2022\/09\/sail-20m-option2-FRE-32x32.png 32w, https:\/\/weathertoboat.ca\/wp-content\/uploads\/2022\/09\/sail-20m-option2-FRE-48x48.png 48w, https:\/\/weathertoboat.ca\/wp-content\/uploads\/2022\/09\/sail-20m-option2-FRE-80x80.png 80w, https:\/\/weathertoboat.ca\/wp-content\/uploads\/2022\/09\/sail-20m-option2-FRE-178x180.png 178w\" sizes=\"(max-width: 830px) 100vw, 830px\" \/><\/h3>\n<h3><\/h3>","protected":false},"excerpt":{"rendered":"<p>Voiliers d\u2019une longueur de 20 m (65 pi 7 po) et plus Option 1 &#8211;Des feux de c\u00f4t\u00e9 &#8211;Un (1) feu de poupe Option 2 &#8211;Deux (2) feux superpos\u00e9s visibles sur tout l\u2019horizon, le feu sup\u00e9rieur \u00e9tant rouge et le feu inf\u00e9rieur \u00e9tant vert<\/p>","protected":false},"author":1,"featured_media":0,"parent":0,"menu_order":0,"comment_status":"closed","ping_status":"closed","template":"","meta":[],"_links":{"self":[{"href":"https:\/\/weathertoboat.ca\/fr\/wp-json\/wp\/v2\/pages\/4305"}],"collection":[{"href":"https:\/\/weathertoboat.ca\/fr\/wp-json\/wp\/v2\/pages"}],"about":[{"href":"https:\/\/weathertoboat.ca\/fr\/wp-json\/wp\/v2\/types\/page"}],"author":[{"embeddable":true,"href":"https:\/\/weathertoboat.ca\/fr\/wp-json\/wp\/v2\/users\/1"}],"replies":[{"embeddable":true,"href":"https:\/\/weathertoboat.ca\/fr\/wp-json\/wp\/v2\/comments?post=4305"}],"version-history":[{"count":3,"href":"https:\/\/weathertoboat.ca\/fr\/wp-json\/wp\/v2\/pages\/4305\/revisions"}],"predecessor-version":[{"id":4357,"href":"https:\/\/weathertoboat.ca\/fr\/wp-json\/wp\/v2\/pages\/4305\/revisions\/4357"}],"wp:attachment":[{"href":"https:\/\/weathertoboat.ca\/fr\/wp-json\/wp\/v2\/media?parent=4305"}],"curies":[{"name":"wp","href":"https:\/\/api.w.org\/{rel}","templated":true}]}}