{"id":4301,"date":"2022-09-12T01:14:11","date_gmt":"2022-09-12T01:14:11","guid":{"rendered":"https:\/\/weathertoboat.ca\/?page_id=4301"},"modified":"2022-09-12T16:47:05","modified_gmt":"2022-09-12T16:47:05","slug":"sail-boats-from-7m-23-to-under-20m-657-rule-25-fre","status":"publish","type":"page","link":"https:\/\/weathertoboat.ca\/fr\/sail-boats-from-7m-23-to-under-20m-657-rule-25-fre\/","title":{"rendered":"Sail Boats from 7m (23\u2019) to under 20m (65\u20197\u2019\u2019) &#8211; Rule 25 FRE"},"content":{"rendered":"<h2>Voiliers d\u2019une longueur de 7 m (23 pi) \u00e0 moins de 20 m (65 pi 7 po)<\/h2>\n<table class=\"t1\" cellspacing=\"0\" cellpadding=\"0\">\n<tbody>\n<tr>\n<td class=\"td1\" valign=\"top\">\n<p class=\"p1\">REMARQUE : Dans les eaux canadiennes d\u2019une rade (aire d\u2019accostage), d\u2019un port, d\u2019un cours d\u2019eau, d\u2019un lac ou d\u2019une voie navigable int\u00e9rieure, <strong><em>un voilier de moins de 12m<\/em><\/strong> qui est \u00e9galement propuls\u00e9 par un moteur <strong><em>n\u2019est pas tenu<\/em><\/strong> de montrer \u00e0 l\u2019avant, \u00e0 l\u2019endroit le plus visible, une marque de forme conique (la pointe en bas).<\/p>\n<\/td>\n<\/tr>\n<\/tbody>\n<\/table>\n<h3><strong>Option 1<\/strong><\/h3>\n<p>&#8211;Des feux de c\u00f4t\u00e9<br \/>\n&#8211;Un (1) feu de poupe<img loading=\"lazy\" class=\"aligncenter size-full wp-image-4293\" src=\"https:\/\/weathertoboat.ca\/wp-content\/uploads\/2022\/09\/sail-fromr7-option1-FRE.png\" alt=\"\" width=\"832\" height=\"834\" srcset=\"https:\/\/weathertoboat.ca\/wp-content\/uploads\/2022\/09\/sail-fromr7-option1-FRE.png 832w, https:\/\/weathertoboat.ca\/wp-content\/uploads\/2022\/09\/sail-fromr7-option1-FRE-300x300.png 300w, https:\/\/weathertoboat.ca\/wp-content\/uploads\/2022\/09\/sail-fromr7-option1-FRE-150x150.png 150w, https:\/\/weathertoboat.ca\/wp-content\/uploads\/2022\/09\/sail-fromr7-option1-FRE-768x770.png 768w, https:\/\/weathertoboat.ca\/wp-content\/uploads\/2022\/09\/sail-fromr7-option1-FRE-12x12.png 12w, https:\/\/weathertoboat.ca\/wp-content\/uploads\/2022\/09\/sail-fromr7-option1-FRE-32x32.png 32w, https:\/\/weathertoboat.ca\/wp-content\/uploads\/2022\/09\/sail-fromr7-option1-FRE-48x48.png 48w, https:\/\/weathertoboat.ca\/wp-content\/uploads\/2022\/09\/sail-fromr7-option1-FRE-80x80.png 80w, https:\/\/weathertoboat.ca\/wp-content\/uploads\/2022\/09\/sail-fromr7-option1-FRE-180x180.png 180w\" sizes=\"(max-width: 832px) 100vw, 832px\" \/><\/p>\n<h3><strong>Option 2<\/strong><\/h3>\n<p>&#8211;Des feux de c\u00f4t\u00e9<br \/>\n&#8211;Un (1) feu de poupe<br \/>\n&#8211;Deux (2) feux superpos\u00e9s visibles sur tout l\u2019horizon, le feu sup\u00e9rieur \u00e9tant rouge et le feu inf\u00e9rieur \u00e9tant vert<\/p>\n<h3><img loading=\"lazy\" class=\"aligncenter size-full wp-image-4297\" src=\"https:\/\/weathertoboat.ca\/wp-content\/uploads\/2022\/09\/sail-20m-option2-FRE.png\" alt=\"\" width=\"830\" height=\"838\" srcset=\"https:\/\/weathertoboat.ca\/wp-content\/uploads\/2022\/09\/sail-20m-option2-FRE.png 830w, https:\/\/weathertoboat.ca\/wp-content\/uploads\/2022\/09\/sail-20m-option2-FRE-297x300.png 297w, https:\/\/weathertoboat.ca\/wp-content\/uploads\/2022\/09\/sail-20m-option2-FRE-150x150.png 150w, https:\/\/weathertoboat.ca\/wp-content\/uploads\/2022\/09\/sail-20m-option2-FRE-768x775.png 768w, https:\/\/weathertoboat.ca\/wp-content\/uploads\/2022\/09\/sail-20m-option2-FRE-12x12.png 12w, https:\/\/weathertoboat.ca\/wp-content\/uploads\/2022\/09\/sail-20m-option2-FRE-32x32.png 32w, https:\/\/weathertoboat.ca\/wp-content\/uploads\/2022\/09\/sail-20m-option2-FRE-48x48.png 48w, https:\/\/weathertoboat.ca\/wp-content\/uploads\/2022\/09\/sail-20m-option2-FRE-80x80.png 80w, https:\/\/weathertoboat.ca\/wp-content\/uploads\/2022\/09\/sail-20m-option2-FRE-178x180.png 178w\" sizes=\"(max-width: 830px) 100vw, 830px\" \/><\/h3>\n<h3><strong>Option 3<\/strong><\/h3>\n<p>&#8211;Un (1) fanal combinant les feux de c\u00f4t\u00e9 et le feu de poupe<\/p>\n<h3><img loading=\"lazy\" class=\"aligncenter size-full wp-image-4298\" src=\"https:\/\/weathertoboat.ca\/wp-content\/uploads\/2022\/09\/sail-fromr7-option3-FRE.png\" alt=\"\" width=\"834\" height=\"834\" srcset=\"https:\/\/weathertoboat.ca\/wp-content\/uploads\/2022\/09\/sail-fromr7-option3-FRE.png 834w, https:\/\/weathertoboat.ca\/wp-content\/uploads\/2022\/09\/sail-fromr7-option3-FRE-300x300.png 300w, https:\/\/weathertoboat.ca\/wp-content\/uploads\/2022\/09\/sail-fromr7-option3-FRE-150x150.png 150w, https:\/\/weathertoboat.ca\/wp-content\/uploads\/2022\/09\/sail-fromr7-option3-FRE-768x768.png 768w, https:\/\/weathertoboat.ca\/wp-content\/uploads\/2022\/09\/sail-fromr7-option3-FRE-12x12.png 12w, https:\/\/weathertoboat.ca\/wp-content\/uploads\/2022\/09\/sail-fromr7-option3-FRE-32x32.png 32w, https:\/\/weathertoboat.ca\/wp-content\/uploads\/2022\/09\/sail-fromr7-option3-FRE-48x48.png 48w, https:\/\/weathertoboat.ca\/wp-content\/uploads\/2022\/09\/sail-fromr7-option3-FRE-80x80.png 80w, https:\/\/weathertoboat.ca\/wp-content\/uploads\/2022\/09\/sail-fromr7-option3-FRE-180x180.png 180w\" sizes=\"(max-width: 834px) 100vw, 834px\" \/><\/h3>","protected":false},"excerpt":{"rendered":"<p>Voiliers d\u2019une longueur de 7 m (23 pi) \u00e0 moins de 20 m (65 pi 7 po) REMARQUE : Dans les eaux canadiennes d\u2019une rade (aire d\u2019accostage), d\u2019un port, d\u2019un cours d\u2019eau, d\u2019un lac ou d\u2019une voie navigable int\u00e9rieure, un voilier de moins de 12m qui est \u00e9galement propuls\u00e9 par un moteur n\u2019est pas tenu [&hellip;]<\/p>","protected":false},"author":1,"featured_media":0,"parent":0,"menu_order":0,"comment_status":"closed","ping_status":"closed","template":"","meta":[],"_links":{"self":[{"href":"https:\/\/weathertoboat.ca\/fr\/wp-json\/wp\/v2\/pages\/4301"}],"collection":[{"href":"https:\/\/weathertoboat.ca\/fr\/wp-json\/wp\/v2\/pages"}],"about":[{"href":"https:\/\/weathertoboat.ca\/fr\/wp-json\/wp\/v2\/types\/page"}],"author":[{"embeddable":true,"href":"https:\/\/weathertoboat.ca\/fr\/wp-json\/wp\/v2\/users\/1"}],"replies":[{"embeddable":true,"href":"https:\/\/weathertoboat.ca\/fr\/wp-json\/wp\/v2\/comments?post=4301"}],"version-history":[{"count":4,"href":"https:\/\/weathertoboat.ca\/fr\/wp-json\/wp\/v2\/pages\/4301\/revisions"}],"predecessor-version":[{"id":4359,"href":"https:\/\/weathertoboat.ca\/fr\/wp-json\/wp\/v2\/pages\/4301\/revisions\/4359"}],"wp:attachment":[{"href":"https:\/\/weathertoboat.ca\/fr\/wp-json\/wp\/v2\/media?parent=4301"}],"curies":[{"name":"wp","href":"https:\/\/api.w.org\/{rel}","templated":true}]}}