{"id":4289,"date":"2022-09-12T00:42:15","date_gmt":"2022-09-12T00:42:15","guid":{"rendered":"https:\/\/weathertoboat.ca\/?page_id=4289"},"modified":"2022-09-12T16:49:42","modified_gmt":"2022-09-12T16:49:42","slug":"power-boats-12m-to-under-50m-fre","status":"publish","type":"page","link":"https:\/\/weathertoboat.ca\/fr\/power-boats-12m-to-under-50m-fre\/","title":{"rendered":"Power Boats 12m to under 50m FRE"},"content":{"rendered":"<h2>Bateaux \u00e0 moteur d\u2019une longueur de 12 m (39 pi 4 po) \u00e0 moins de 50 m (164 pi 1 po)<\/h2>\n<p>&#8211;Un (1) feu de t\u00eate de m\u00e2t<br \/>\n&#8211;Des feux de c\u00f4t\u00e9<br \/>\n&#8211;Un (1) feu de poupe<img loading=\"lazy\" class=\"aligncenter size-full wp-image-4287\" src=\"https:\/\/weathertoboat.ca\/wp-content\/uploads\/2022\/09\/under12-option1-FRE.png\" alt=\"\" width=\"836\" height=\"836\" srcset=\"https:\/\/weathertoboat.ca\/wp-content\/uploads\/2022\/09\/under12-option1-FRE.png 836w, https:\/\/weathertoboat.ca\/wp-content\/uploads\/2022\/09\/under12-option1-FRE-300x300.png 300w, https:\/\/weathertoboat.ca\/wp-content\/uploads\/2022\/09\/under12-option1-FRE-150x150.png 150w, https:\/\/weathertoboat.ca\/wp-content\/uploads\/2022\/09\/under12-option1-FRE-768x768.png 768w, https:\/\/weathertoboat.ca\/wp-content\/uploads\/2022\/09\/under12-option1-FRE-12x12.png 12w, https:\/\/weathertoboat.ca\/wp-content\/uploads\/2022\/09\/under12-option1-FRE-32x32.png 32w, https:\/\/weathertoboat.ca\/wp-content\/uploads\/2022\/09\/under12-option1-FRE-48x48.png 48w, https:\/\/weathertoboat.ca\/wp-content\/uploads\/2022\/09\/under12-option1-FRE-80x80.png 80w, https:\/\/weathertoboat.ca\/wp-content\/uploads\/2022\/09\/under12-option1-FRE-180x180.png 180w\" sizes=\"(max-width: 836px) 100vw, 836px\" \/><strong>FACULTATIF<\/strong> \u2013 Un (1) second feu de t\u00eate de m\u00e2t \u00e0 l\u2019arri\u00e8re du premier et plus haut que celui-ci<\/p>","protected":false},"excerpt":{"rendered":"<p>Bateaux \u00e0 moteur d\u2019une longueur de 12 m (39 pi 4 po) \u00e0 moins de 50 m (164 pi 1 po) &#8211;Un (1) feu de t\u00eate de m\u00e2t &#8211;Des feux de c\u00f4t\u00e9 &#8211;Un (1) feu de poupeFACULTATIF \u2013 Un (1) second feu de t\u00eate de m\u00e2t \u00e0 l\u2019arri\u00e8re du premier et plus haut que celui-ci<\/p>","protected":false},"author":1,"featured_media":0,"parent":0,"menu_order":0,"comment_status":"closed","ping_status":"closed","template":"","meta":[],"_links":{"self":[{"href":"https:\/\/weathertoboat.ca\/fr\/wp-json\/wp\/v2\/pages\/4289"}],"collection":[{"href":"https:\/\/weathertoboat.ca\/fr\/wp-json\/wp\/v2\/pages"}],"about":[{"href":"https:\/\/weathertoboat.ca\/fr\/wp-json\/wp\/v2\/types\/page"}],"author":[{"embeddable":true,"href":"https:\/\/weathertoboat.ca\/fr\/wp-json\/wp\/v2\/users\/1"}],"replies":[{"embeddable":true,"href":"https:\/\/weathertoboat.ca\/fr\/wp-json\/wp\/v2\/comments?post=4289"}],"version-history":[{"count":2,"href":"https:\/\/weathertoboat.ca\/fr\/wp-json\/wp\/v2\/pages\/4289\/revisions"}],"predecessor-version":[{"id":4362,"href":"https:\/\/weathertoboat.ca\/fr\/wp-json\/wp\/v2\/pages\/4289\/revisions\/4362"}],"wp:attachment":[{"href":"https:\/\/weathertoboat.ca\/fr\/wp-json\/wp\/v2\/media?parent=4289"}],"curies":[{"name":"wp","href":"https:\/\/api.w.org\/{rel}","templated":true}]}}