{"id":4282,"date":"2022-09-12T00:31:13","date_gmt":"2022-09-12T00:31:13","guid":{"rendered":"https:\/\/weathertoboat.ca\/?page_id=4282"},"modified":"2022-09-12T01:43:52","modified_gmt":"2022-09-12T01:43:52","slug":"navigation-lights-fre","status":"publish","type":"page","link":"https:\/\/weathertoboat.ca\/fr\/navigation-lights-fre\/","title":{"rendered":"Navigation Lights FRE"},"content":{"rendered":"<h2>Feux de navigation<\/h2>\n<p><img loading=\"lazy\" class=\"aligncenter size-full wp-image-4235\" src=\"https:\/\/weathertoboat.ca\/wp-content\/uploads\/2022\/09\/nav-lights.jpg\" alt=\"\" width=\"402\" height=\"170\" srcset=\"https:\/\/weathertoboat.ca\/wp-content\/uploads\/2022\/09\/nav-lights.jpg 402w, https:\/\/weathertoboat.ca\/wp-content\/uploads\/2022\/09\/nav-lights-300x127.jpg 300w, https:\/\/weathertoboat.ca\/wp-content\/uploads\/2022\/09\/nav-lights-16x7.jpg 16w, https:\/\/weathertoboat.ca\/wp-content\/uploads\/2022\/09\/nav-lights-240x101.jpg 240w\" sizes=\"(max-width: 402px) 100vw, 402px\" \/><\/p>\n<p>Les feux de navigation aident \u00e0 pr\u00e9venir les abordages en rendant votre embarcation et son cap plus visibles pour les autres embarcations. Les b\u00e2timents se trouvant \u00e0 proximit\u00e9 navigueront en fonction des indications transmises par vos feux. Les indications transmises par les feux de navigation des autres b\u00e2timents peuvent vous aider \u00e0 d\u00e9duire leur cap et \u00e0 savoir s\u2019ils sont \u00e0 l\u2019ancre ou en train d\u2019effectuer une autre manoeuvre.<\/p>\n<p>Si votre embarcation est \u00e9quip\u00e9e de feux de navigation, ceux-ci doivent fonctionner et satisfaire aux normes techniques \u00e9tablies dans le R\u00e8glement sur les abordages. Par exemple, vous devez :<\/p>\n<ul>\n<li>montrer les feux de navigation apr\u00e8s le coucher du soleil ou avant son lever, ainsi que par visibilit\u00e9 r\u00e9duite;<\/li>\n<li>vous assurer que votre b\u00e2timent est \u00e9quip\u00e9 des feux appropri\u00e9s \u00e0 sa taille et \u00e0 son type;<\/li>\n<li>v\u00e9rifier que les feux sont convenablement install\u00e9s.<\/li>\n<\/ul>\n<p>Le tableau suivant indique certaines exigences de base ainsi que des options pour les feux de navigation et les formes, selon le type et la longueur de votre embarcation. Si vous utilisez un voilier \u00e9galement muni d\u2019un moteur, vous devez respecter les normes applicables aux voiliers et aux bateaux \u00e0 moteur.<\/p>\n<p><strong>RAPPELEZ-VOUS<\/strong>: Un voilier qui fait route simultan\u00e9ment \u00e0 la voile et au moyen d\u2019un moteur, doit montrer \u00e0 l\u2019avant, \u00e0 l\u2019endroit le plus visible, une marque de forme conique, la pointe en bas.<\/p>\n<p><img loading=\"lazy\" class=\"aligncenter size-full wp-image-4234\" src=\"https:\/\/weathertoboat.ca\/wp-content\/uploads\/2022\/09\/conical-shape.png\" alt=\"\" width=\"832\" height=\"832\" srcset=\"https:\/\/weathertoboat.ca\/wp-content\/uploads\/2022\/09\/conical-shape.png 832w, https:\/\/weathertoboat.ca\/wp-content\/uploads\/2022\/09\/conical-shape-300x300.png 300w, https:\/\/weathertoboat.ca\/wp-content\/uploads\/2022\/09\/conical-shape-150x150.png 150w, https:\/\/weathertoboat.ca\/wp-content\/uploads\/2022\/09\/conical-shape-768x768.png 768w, https:\/\/weathertoboat.ca\/wp-content\/uploads\/2022\/09\/conical-shape-12x12.png 12w, https:\/\/weathertoboat.ca\/wp-content\/uploads\/2022\/09\/conical-shape-32x32.png 32w, https:\/\/weathertoboat.ca\/wp-content\/uploads\/2022\/09\/conical-shape-48x48.png 48w, https:\/\/weathertoboat.ca\/wp-content\/uploads\/2022\/09\/conical-shape-80x80.png 80w, https:\/\/weathertoboat.ca\/wp-content\/uploads\/2022\/09\/conical-shape-180x180.png 180w\" sizes=\"(max-width: 832px) 100vw, 832px\" \/><\/p>\n<p>&nbsp;<\/p>\n<p><strong>QUELQUES D\u00c9FINITIONS UTILES<\/strong><br \/>\n<strong>Feu de t\u00eate de m\u00e2t<\/strong><br \/>\nFeu blanc projetant une lumi\u00e8re ininterrompue sur tout le parcours d\u2019un arc d\u2019horizon de 225 degr\u00e9s et dispos\u00e9 de mani\u00e8re \u00e0 projeter cette lumi\u00e8re depuis l\u2019avant jusqu\u2019\u00e0 22,5 degr\u00e9s sur l\u2019arri\u00e8re du travers de chaque bord du b\u00e2timent.<\/p>\n<p><strong>Feu de c\u00f4t\u00e9<\/strong><br \/>\nUn feu vert plac\u00e9 \u00e0 tribord et un feu rouge plac\u00e9 \u00e0 b\u00e2bord, projetant chacun une lumi\u00e8re ininterrompue sur tout le parcours d\u2019un arc d\u2019horizon de 112,5 degr\u00e9s et dispos\u00e9s de mani\u00e8re \u00e0 projeter cette lumi\u00e8re depuis l\u2019avant jusqu\u2019\u00e0 22,5 degr\u00e9s sur l\u2019arri\u00e8re du travers de leur c\u00f4t\u00e9 respectif.<\/p>\n<p>\u00c0 bord des b\u00e2timents de longueur inf\u00e9rieure \u00e0 20 m (65 pi 7 po), les feux de c\u00f4t\u00e9 peuvent \u00eatre combin\u00e9s en un seul fanal plac\u00e9 dans l\u2019axe longitudinal du b\u00e2timent.<\/p>\n<p><strong>Feu de poupe<\/strong><br \/>\nFeu blanc plac\u00e9 aussi pr\u00e8s que possible de la poupe, projetant une lumi\u00e8re ininterrompue sur tout le parcours d\u2019un arc d\u2019horizon de 135 degr\u00e9s et dispos\u00e9 de mani\u00e8re \u00e0 projeter cette lumi\u00e8re sur un secteur de 67,5 degr\u00e9s de chaque bord \u00e0 partir de l\u2019arri\u00e8re.<\/p>\n<p><strong>Feu visible sur tout l\u2019horizon<\/strong><br \/>\nFeu projetant une lumi\u00e8re ininterrompue sur un arc d\u2019horizon de 360 degr\u00e9s.<\/p>","protected":false},"excerpt":{"rendered":"<p>Feux de navigation Les feux de navigation aident \u00e0 pr\u00e9venir les abordages en rendant votre embarcation et son cap plus visibles pour les autres embarcations. Les b\u00e2timents se trouvant \u00e0 proximit\u00e9 navigueront en fonction des indications transmises par vos feux. Les indications transmises par les feux de navigation des autres b\u00e2timents peuvent vous aider \u00e0 [&hellip;]<\/p>","protected":false},"author":1,"featured_media":0,"parent":0,"menu_order":0,"comment_status":"closed","ping_status":"closed","template":"","meta":[],"_links":{"self":[{"href":"https:\/\/weathertoboat.ca\/fr\/wp-json\/wp\/v2\/pages\/4282"}],"collection":[{"href":"https:\/\/weathertoboat.ca\/fr\/wp-json\/wp\/v2\/pages"}],"about":[{"href":"https:\/\/weathertoboat.ca\/fr\/wp-json\/wp\/v2\/types\/page"}],"author":[{"embeddable":true,"href":"https:\/\/weathertoboat.ca\/fr\/wp-json\/wp\/v2\/users\/1"}],"replies":[{"embeddable":true,"href":"https:\/\/weathertoboat.ca\/fr\/wp-json\/wp\/v2\/comments?post=4282"}],"version-history":[{"count":2,"href":"https:\/\/weathertoboat.ca\/fr\/wp-json\/wp\/v2\/pages\/4282\/revisions"}],"predecessor-version":[{"id":4318,"href":"https:\/\/weathertoboat.ca\/fr\/wp-json\/wp\/v2\/pages\/4282\/revisions\/4318"}],"wp:attachment":[{"href":"https:\/\/weathertoboat.ca\/fr\/wp-json\/wp\/v2\/media?parent=4282"}],"curies":[{"name":"wp","href":"https:\/\/api.w.org\/{rel}","templated":true}]}}