{"id":4222,"date":"2022-09-05T03:18:42","date_gmt":"2022-09-05T03:18:42","guid":{"rendered":"https:\/\/weathertoboat.ca\/?page_id=4222"},"modified":"2022-09-05T03:22:49","modified_gmt":"2022-09-05T03:22:49","slug":"reference-pour-les-tailles","status":"publish","type":"page","link":"https:\/\/weathertoboat.ca\/fr\/reference-pour-les-tailles\/","title":{"rendered":"R\u00e9f\u00e9rence pour les tailles"},"content":{"rendered":"<h1>R\u00e9f\u00e9rence pour les tailles<\/h1>\n<p><img loading=\"lazy\" class=\"aligncenter size-full wp-image-4225\" src=\"https:\/\/weathertoboat.ca\/wp-content\/uploads\/2022\/09\/too-large-FR.png\" alt=\"\" width=\"804\" height=\"1344\" srcset=\"https:\/\/weathertoboat.ca\/wp-content\/uploads\/2022\/09\/too-large-FR.png 804w, https:\/\/weathertoboat.ca\/wp-content\/uploads\/2022\/09\/too-large-FR-179x300.png 179w, https:\/\/weathertoboat.ca\/wp-content\/uploads\/2022\/09\/too-large-FR-768x1284.png 768w, https:\/\/weathertoboat.ca\/wp-content\/uploads\/2022\/09\/too-large-FR-7x12.png 7w, https:\/\/weathertoboat.ca\/wp-content\/uploads\/2022\/09\/too-large-FR-108x180.png 108w\" sizes=\"(max-width: 804px) 100vw, 804px\" \/><\/p>\n<ul>\n<li>Si un adulte peut tirer le VFI vers le haut par-dessus les oreilles\/yeux bien qu\u2019il soit mis correctement, c\u2019est qu\u2019il est <strong>trop GRAND<\/strong><\/li>\n<\/ul>\n<p><img loading=\"lazy\" class=\"aligncenter size-full wp-image-4226\" src=\"https:\/\/weathertoboat.ca\/wp-content\/uploads\/2022\/09\/too-small-FR.png\" alt=\"\" width=\"844\" height=\"1340\" srcset=\"https:\/\/weathertoboat.ca\/wp-content\/uploads\/2022\/09\/too-small-FR.png 844w, https:\/\/weathertoboat.ca\/wp-content\/uploads\/2022\/09\/too-small-FR-189x300.png 189w, https:\/\/weathertoboat.ca\/wp-content\/uploads\/2022\/09\/too-small-FR-768x1219.png 768w, https:\/\/weathertoboat.ca\/wp-content\/uploads\/2022\/09\/too-small-FR-8x12.png 8w, https:\/\/weathertoboat.ca\/wp-content\/uploads\/2022\/09\/too-small-FR-113x180.png 113w\" sizes=\"(max-width: 844px) 100vw, 844px\" \/><\/p>\n<ul>\n<li>Si vous ne pouvez pas fermer les boucles ou la fermeture \u00e9clair<\/li>\n<li>Si vous ne pouvez passer les bras dans les ouvertures pour les bras<\/li>\n<li>Si vous vous sentez coinc\u00e9s une fois que vous avez enfil\u00e9 le VFI, c\u2019est qu\u2019il est <strong>trop PETIT<\/strong><\/li>\n<\/ul>\n<p><img loading=\"lazy\" class=\"aligncenter size-full wp-image-4227\" src=\"https:\/\/weathertoboat.ca\/wp-content\/uploads\/2022\/09\/correct-size-fr.png\" alt=\"\" width=\"954\" height=\"1336\" srcset=\"https:\/\/weathertoboat.ca\/wp-content\/uploads\/2022\/09\/correct-size-fr.png 954w, https:\/\/weathertoboat.ca\/wp-content\/uploads\/2022\/09\/correct-size-fr-214x300.png 214w, https:\/\/weathertoboat.ca\/wp-content\/uploads\/2022\/09\/correct-size-fr-768x1076.png 768w, https:\/\/weathertoboat.ca\/wp-content\/uploads\/2022\/09\/correct-size-fr-9x12.png 9w, https:\/\/weathertoboat.ca\/wp-content\/uploads\/2022\/09\/correct-size-fr-129x180.png 129w\" sizes=\"(max-width: 954px) 100vw, 954px\" \/><\/p>\n<ul>\n<li>Si vous pouvez fermer le VFI \u00e0 l\u2019aide des boucles ou de la fermeture \u00e9clair<\/li>\n<li>Si les bras bougent librement dans les ouvertures des bras<\/li>\n<li>S\u2019il ne remonte pas plus haut que le nez si on le tire vers le haut<\/li>\n<\/ul>","protected":false},"excerpt":{"rendered":"<p>R\u00e9f\u00e9rence pour les tailles Si un adulte peut tirer le VFI vers le haut par-dessus les oreilles\/yeux bien qu\u2019il soit mis correctement, c\u2019est qu\u2019il est trop GRAND Si vous ne pouvez pas fermer les boucles ou la fermeture \u00e9clair Si vous ne pouvez passer les bras dans les ouvertures pour les bras Si vous vous [&hellip;]<\/p>","protected":false},"author":1,"featured_media":0,"parent":0,"menu_order":0,"comment_status":"closed","ping_status":"closed","template":"","meta":[],"_links":{"self":[{"href":"https:\/\/weathertoboat.ca\/fr\/wp-json\/wp\/v2\/pages\/4222"}],"collection":[{"href":"https:\/\/weathertoboat.ca\/fr\/wp-json\/wp\/v2\/pages"}],"about":[{"href":"https:\/\/weathertoboat.ca\/fr\/wp-json\/wp\/v2\/types\/page"}],"author":[{"embeddable":true,"href":"https:\/\/weathertoboat.ca\/fr\/wp-json\/wp\/v2\/users\/1"}],"replies":[{"embeddable":true,"href":"https:\/\/weathertoboat.ca\/fr\/wp-json\/wp\/v2\/comments?post=4222"}],"version-history":[{"count":3,"href":"https:\/\/weathertoboat.ca\/fr\/wp-json\/wp\/v2\/pages\/4222\/revisions"}],"predecessor-version":[{"id":4228,"href":"https:\/\/weathertoboat.ca\/fr\/wp-json\/wp\/v2\/pages\/4222\/revisions\/4228"}],"wp:attachment":[{"href":"https:\/\/weathertoboat.ca\/fr\/wp-json\/wp\/v2\/media?parent=4222"}],"curies":[{"name":"wp","href":"https:\/\/api.w.org\/{rel}","templated":true}]}}