{"id":4215,"date":"2022-09-05T01:31:02","date_gmt":"2022-09-05T01:31:02","guid":{"rendered":"https:\/\/weathertoboat.ca\/?page_id=4215"},"modified":"2022-09-05T01:35:57","modified_gmt":"2022-09-05T01:35:57","slug":"tableau-comparatif-pour-gilet-de-sauvetage-et-vfi","status":"publish","type":"page","link":"https:\/\/weathertoboat.ca\/fr\/tableau-comparatif-pour-gilet-de-sauvetage-et-vfi\/","title":{"rendered":"Tableau comparatif pour gilet de sauvetage et VFI"},"content":{"rendered":"<h2>Tableau comparatif pour gilet de sauvetage et VFI<\/h2>\n<p>Sachez faire la diff\u00e9rence entre un gilet de sauvetage et un v\u00eatement de flottaison individuel et comment choisir celui qui convient le mieux \u00e0 votre bateau et \u00e0 votre activit\u00e9..<\/p>\n<p><img loading=\"lazy\" class=\"aligncenter size-full wp-image-4217\" src=\"https:\/\/weathertoboat.ca\/wp-content\/uploads\/2022\/09\/lifejacket-compare-FRE.png\" alt=\"\" width=\"3226\" height=\"2088\" srcset=\"https:\/\/weathertoboat.ca\/wp-content\/uploads\/2022\/09\/lifejacket-compare-FRE.png 3226w, https:\/\/weathertoboat.ca\/wp-content\/uploads\/2022\/09\/lifejacket-compare-FRE-300x194.png 300w, https:\/\/weathertoboat.ca\/wp-content\/uploads\/2022\/09\/lifejacket-compare-FRE-768x497.png 768w, https:\/\/weathertoboat.ca\/wp-content\/uploads\/2022\/09\/lifejacket-compare-FRE-1536x994.png 1536w, https:\/\/weathertoboat.ca\/wp-content\/uploads\/2022\/09\/lifejacket-compare-FRE-2048x1326.png 2048w, https:\/\/weathertoboat.ca\/wp-content\/uploads\/2022\/09\/lifejacket-compare-FRE-16x10.png 16w, https:\/\/weathertoboat.ca\/wp-content\/uploads\/2022\/09\/lifejacket-compare-FRE-240x155.png 240w\" sizes=\"(max-width: 3226px) 100vw, 3226px\" \/><img loading=\"lazy\" class=\"aligncenter size-full wp-image-4218\" src=\"https:\/\/weathertoboat.ca\/wp-content\/uploads\/2022\/09\/lifejacket-compare2-FRE.png\" alt=\"\" width=\"3224\" height=\"1346\" srcset=\"https:\/\/weathertoboat.ca\/wp-content\/uploads\/2022\/09\/lifejacket-compare2-FRE.png 3224w, https:\/\/weathertoboat.ca\/wp-content\/uploads\/2022\/09\/lifejacket-compare2-FRE-300x125.png 300w, https:\/\/weathertoboat.ca\/wp-content\/uploads\/2022\/09\/lifejacket-compare2-FRE-768x321.png 768w, https:\/\/weathertoboat.ca\/wp-content\/uploads\/2022\/09\/lifejacket-compare2-FRE-1536x641.png 1536w, https:\/\/weathertoboat.ca\/wp-content\/uploads\/2022\/09\/lifejacket-compare2-FRE-2048x855.png 2048w, https:\/\/weathertoboat.ca\/wp-content\/uploads\/2022\/09\/lifejacket-compare2-FRE-16x7.png 16w, https:\/\/weathertoboat.ca\/wp-content\/uploads\/2022\/09\/lifejacket-compare2-FRE-240x100.png 240w\" sizes=\"(max-width: 3224px) 100vw, 3224px\" \/><\/p>","protected":false},"excerpt":{"rendered":"<p>Tableau comparatif pour gilet de sauvetage et VFI Sachez faire la diff\u00e9rence entre un gilet de sauvetage et un v\u00eatement de flottaison individuel et comment choisir celui qui convient le mieux \u00e0 votre bateau et \u00e0 votre activit\u00e9..<\/p>","protected":false},"author":1,"featured_media":0,"parent":0,"menu_order":0,"comment_status":"closed","ping_status":"closed","template":"","meta":[],"_links":{"self":[{"href":"https:\/\/weathertoboat.ca\/fr\/wp-json\/wp\/v2\/pages\/4215"}],"collection":[{"href":"https:\/\/weathertoboat.ca\/fr\/wp-json\/wp\/v2\/pages"}],"about":[{"href":"https:\/\/weathertoboat.ca\/fr\/wp-json\/wp\/v2\/types\/page"}],"author":[{"embeddable":true,"href":"https:\/\/weathertoboat.ca\/fr\/wp-json\/wp\/v2\/users\/1"}],"replies":[{"embeddable":true,"href":"https:\/\/weathertoboat.ca\/fr\/wp-json\/wp\/v2\/comments?post=4215"}],"version-history":[{"count":3,"href":"https:\/\/weathertoboat.ca\/fr\/wp-json\/wp\/v2\/pages\/4215\/revisions"}],"predecessor-version":[{"id":4220,"href":"https:\/\/weathertoboat.ca\/fr\/wp-json\/wp\/v2\/pages\/4215\/revisions\/4220"}],"wp:attachment":[{"href":"https:\/\/weathertoboat.ca\/fr\/wp-json\/wp\/v2\/media?parent=4215"}],"curies":[{"name":"wp","href":"https:\/\/api.w.org\/{rel}","templated":true}]}}