{"id":4205,"date":"2022-09-05T01:09:28","date_gmt":"2022-09-05T01:09:28","guid":{"rendered":"https:\/\/weathertoboat.ca\/?page_id=4205"},"modified":"2022-09-05T18:01:02","modified_gmt":"2022-09-05T18:01:02","slug":"gilet-de-sauvetage","status":"publish","type":"page","link":"https:\/\/weathertoboat.ca\/fr\/gilet-de-sauvetage\/","title":{"rendered":"Gilet de sauvetage"},"content":{"rendered":"<h1>Gilet de sauvetage<\/h1>\n<p class=\"p2\">Une des principales caract\u00e9ristiques d\u2019un gilet de sauvetage est de pouvoir vous retourner sur le dos pour garder votre visage hors de l\u2019eau, m\u00eame si vous \u00eates inconscient.<\/p>\n<p class=\"p2\"><strong>Trois types qui sont approuv\u00e9s au Canada :<\/strong><\/p>\n<h2><span style=\"color: #ff6600;\"><strong>1) Gilet de sauvetage SOLAS (sauvegarde de la vie humaine en mer)<\/strong><\/span><\/h2>\n<h4><span style=\"color: #ff6600;\"><img loading=\"lazy\" class=\"aligncenter size-full wp-image-4173\" src=\"https:\/\/weathertoboat.ca\/wp-content\/uploads\/2022\/09\/Lifejackets_solas.jpg\" alt=\"\" width=\"589\" height=\"594\" srcset=\"https:\/\/weathertoboat.ca\/wp-content\/uploads\/2022\/09\/Lifejackets_solas.jpg 589w, https:\/\/weathertoboat.ca\/wp-content\/uploads\/2022\/09\/Lifejackets_solas-297x300.jpg 297w, https:\/\/weathertoboat.ca\/wp-content\/uploads\/2022\/09\/Lifejackets_solas-150x150.jpg 150w, https:\/\/weathertoboat.ca\/wp-content\/uploads\/2022\/09\/Lifejackets_solas-12x12.jpg 12w, https:\/\/weathertoboat.ca\/wp-content\/uploads\/2022\/09\/Lifejackets_solas-32x32.jpg 32w, https:\/\/weathertoboat.ca\/wp-content\/uploads\/2022\/09\/Lifejackets_solas-48x48.jpg 48w, https:\/\/weathertoboat.ca\/wp-content\/uploads\/2022\/09\/Lifejackets_solas-80x80.jpg 80w, https:\/\/weathertoboat.ca\/wp-content\/uploads\/2022\/09\/Lifejackets_solas-178x180.jpg 178w\" sizes=\"(max-width: 589px) 100vw, 589px\" \/><br \/>\nCorrespond \u00e0 des standards \u00e9lev\u00e9s, approuv\u00e9 pour tous les b\u00e2timents<\/span><\/h4>\n<ul>\n<li>Un navire SOLAS est un navire \u00e0 passagers engag\u00e9 dans un voyage international ou un navire autre que des navires \u00e0 passagers d\u2019une jauge brute \u00e9gale ou sup\u00e9rieure \u00e0 500 tonneaux effectuant un voyage international.<\/li>\n<li>Vous retourne sur le dos<\/li>\n<li>Offert en deux tailles : moins de 32 kg ou plus de 32 kg (70 lb)<\/li>\n<li>Design trou de serrure<\/li>\n<li>Offert en mod\u00e8le gonflable<\/li>\n<\/ul>\n<p>&nbsp;<\/p>\n<h2><span style=\"color: #ff6600;\"><strong>2) Gilet de sauvetage standard<\/strong><\/span><\/h2>\n<h4><span style=\"color: #ff6600;\"><img loading=\"lazy\" class=\"aligncenter size-full wp-image-4175\" src=\"https:\/\/weathertoboat.ca\/wp-content\/uploads\/2022\/09\/Lifejackets_standard.jpg\" alt=\"\" width=\"540\" height=\"540\" srcset=\"https:\/\/weathertoboat.ca\/wp-content\/uploads\/2022\/09\/Lifejackets_standard.jpg 540w, https:\/\/weathertoboat.ca\/wp-content\/uploads\/2022\/09\/Lifejackets_standard-300x300.jpg 300w, https:\/\/weathertoboat.ca\/wp-content\/uploads\/2022\/09\/Lifejackets_standard-150x150.jpg 150w, https:\/\/weathertoboat.ca\/wp-content\/uploads\/2022\/09\/Lifejackets_standard-12x12.jpg 12w, https:\/\/weathertoboat.ca\/wp-content\/uploads\/2022\/09\/Lifejackets_standard-32x32.jpg 32w, https:\/\/weathertoboat.ca\/wp-content\/uploads\/2022\/09\/Lifejackets_standard-48x48.jpg 48w, https:\/\/weathertoboat.ca\/wp-content\/uploads\/2022\/09\/Lifejackets_standard-80x80.jpg 80w, https:\/\/weathertoboat.ca\/wp-content\/uploads\/2022\/09\/Lifejackets_standard-180x180.jpg 180w\" sizes=\"(max-width: 540px) 100vw, 540px\" \/><br \/>\nApprouv\u00e9 pour tous les b\u00e2timents \u00e0 l\u2019exception des b\u00e2timents SOLAS<\/span><\/h4>\n<ul>\n<li>Vous retourne sur le dos<\/li>\n<li>Offert en deux tailles : moins de 40 kg ou plus de 40 kg (88 lb)<\/li>\n<li>Design trou de serrure<\/li>\n<\/ul>\n<p>&nbsp;<\/p>\n<h2><span style=\"color: #ff6600;\"><strong>3) Gilet de sauvetage pour petites embarcations<\/strong><\/span><\/h2>\n<h4><span style=\"color: #ff6600;\"><img loading=\"lazy\" class=\"aligncenter size-full wp-image-4176\" src=\"https:\/\/weathertoboat.ca\/wp-content\/uploads\/2022\/09\/Lifejackets_small-vessel.jpg\" alt=\"\" width=\"594\" height=\"594\" srcset=\"https:\/\/weathertoboat.ca\/wp-content\/uploads\/2022\/09\/Lifejackets_small-vessel.jpg 594w, https:\/\/weathertoboat.ca\/wp-content\/uploads\/2022\/09\/Lifejackets_small-vessel-300x300.jpg 300w, https:\/\/weathertoboat.ca\/wp-content\/uploads\/2022\/09\/Lifejackets_small-vessel-150x150.jpg 150w, https:\/\/weathertoboat.ca\/wp-content\/uploads\/2022\/09\/Lifejackets_small-vessel-12x12.jpg 12w, https:\/\/weathertoboat.ca\/wp-content\/uploads\/2022\/09\/Lifejackets_small-vessel-32x32.jpg 32w, https:\/\/weathertoboat.ca\/wp-content\/uploads\/2022\/09\/Lifejackets_small-vessel-48x48.jpg 48w, https:\/\/weathertoboat.ca\/wp-content\/uploads\/2022\/09\/Lifejackets_small-vessel-80x80.jpg 80w, https:\/\/weathertoboat.ca\/wp-content\/uploads\/2022\/09\/Lifejackets_small-vessel-180x180.jpg 180w\" sizes=\"(max-width: 594px) 100vw, 594px\" \/>Gilet de sauvetage pour petites embarcations<br \/>\n<\/span><\/h4>\n<ul>\n<li>Moins de flottabilit\u00e9<\/li>\n<li>Vous retourne sur le dos mais le fait plus lentement<\/li>\n<li>Deux mod\u00e8les : trou de serrure ou veste<\/li>\n<li>Offert en trois tailles<\/li>\n<\/ul>","protected":false},"excerpt":{"rendered":"<p>Gilet de sauvetage Une des principales caract\u00e9ristiques d\u2019un gilet de sauvetage est de pouvoir vous retourner sur le dos pour garder votre visage hors de l\u2019eau, m\u00eame si vous \u00eates inconscient. Trois types qui sont approuv\u00e9s au Canada : 1) Gilet de sauvetage SOLAS (sauvegarde de la vie humaine en mer) Correspond \u00e0 des standards [&hellip;]<\/p>","protected":false},"author":1,"featured_media":0,"parent":0,"menu_order":0,"comment_status":"closed","ping_status":"closed","template":"","meta":[],"_links":{"self":[{"href":"https:\/\/weathertoboat.ca\/fr\/wp-json\/wp\/v2\/pages\/4205"}],"collection":[{"href":"https:\/\/weathertoboat.ca\/fr\/wp-json\/wp\/v2\/pages"}],"about":[{"href":"https:\/\/weathertoboat.ca\/fr\/wp-json\/wp\/v2\/types\/page"}],"author":[{"embeddable":true,"href":"https:\/\/weathertoboat.ca\/fr\/wp-json\/wp\/v2\/users\/1"}],"replies":[{"embeddable":true,"href":"https:\/\/weathertoboat.ca\/fr\/wp-json\/wp\/v2\/comments?post=4205"}],"version-history":[{"count":4,"href":"https:\/\/weathertoboat.ca\/fr\/wp-json\/wp\/v2\/pages\/4205\/revisions"}],"predecessor-version":[{"id":4231,"href":"https:\/\/weathertoboat.ca\/fr\/wp-json\/wp\/v2\/pages\/4205\/revisions\/4231"}],"wp:attachment":[{"href":"https:\/\/weathertoboat.ca\/fr\/wp-json\/wp\/v2\/media?parent=4205"}],"curies":[{"name":"wp","href":"https:\/\/api.w.org\/{rel}","templated":true}]}}