{"id":4164,"date":"2022-08-26T14:32:27","date_gmt":"2022-08-26T14:32:27","guid":{"rendered":"https:\/\/weathertoboat.ca\/?page_id=4164"},"modified":"2022-08-26T14:44:22","modified_gmt":"2022-08-26T14:44:22","slug":"bouees-speciales-2","status":"publish","type":"page","link":"https:\/\/weathertoboat.ca\/fr\/bouees-speciales-2\/","title":{"rendered":"BOU\u00c9ES SP\u00c9CIALES"},"content":{"rendered":"<h2>BOU\u00c9ES SP\u00c9CIALES<\/h2>\n<p>DESCRIPTION<\/p>\n<ul>\n<li>La forme n\u2019a aucune signification.<\/li>\n<li>Peut porter des lettres \u2013 aucun nombre.<\/li>\n<li>Mat\u00e9riau r\u00e9tror\u00e9fl\u00e9chissant jaune.<\/li>\n<li>Feux jaunes \u2013 caract\u00e8res du feu indiqu\u00e9s au dessous (si \u00e9quip\u00e9e).<\/li>\n<li>Les bou\u00e9es d\u2019avertissement, scientifiques et de mouillage peuvent porter un voyant qui<br \/>\nconsiste en un \u2018x\u2019 jaune.<\/li>\n<\/ul>\n<h2>AVERTISSEMENT<\/h2>\n<p><img loading=\"lazy\" class=\"aligncenter size-full wp-image-4109\" src=\"https:\/\/weathertoboat.ca\/wp-content\/uploads\/2022\/08\/cautionary-1.png\" alt=\"\" width=\"1788\" height=\"508\" srcset=\"https:\/\/weathertoboat.ca\/wp-content\/uploads\/2022\/08\/cautionary-1.png 1788w, https:\/\/weathertoboat.ca\/wp-content\/uploads\/2022\/08\/cautionary-1-300x85.png 300w, https:\/\/weathertoboat.ca\/wp-content\/uploads\/2022\/08\/cautionary-1-768x218.png 768w, https:\/\/weathertoboat.ca\/wp-content\/uploads\/2022\/08\/cautionary-1-1536x436.png 1536w, https:\/\/weathertoboat.ca\/wp-content\/uploads\/2022\/08\/cautionary-1-16x5.png 16w, https:\/\/weathertoboat.ca\/wp-content\/uploads\/2022\/08\/cautionary-1-240x68.png 240w\" sizes=\"(max-width: 1788px) 100vw, 1788px\" \/><br \/>\nUne bou\u00e9e d\u2019avertissement balise des dangers comme des zones de tir, des pipelines sous-marins, des zones de r\u00e9gates, des bases d\u2019hydravions et des zones o\u00f9 il n\u2019existe aucun chenal.<\/p>\n<h2>MOUILLAGE<\/h2>\n<p><img loading=\"lazy\" class=\"aligncenter size-full wp-image-4110\" src=\"https:\/\/weathertoboat.ca\/wp-content\/uploads\/2022\/08\/anchorage-1.png\" alt=\"\" width=\"1390\" height=\"534\" srcset=\"https:\/\/weathertoboat.ca\/wp-content\/uploads\/2022\/08\/anchorage-1.png 1390w, https:\/\/weathertoboat.ca\/wp-content\/uploads\/2022\/08\/anchorage-1-300x115.png 300w, https:\/\/weathertoboat.ca\/wp-content\/uploads\/2022\/08\/anchorage-1-768x295.png 768w, https:\/\/weathertoboat.ca\/wp-content\/uploads\/2022\/08\/anchorage-1-16x6.png 16w, https:\/\/weathertoboat.ca\/wp-content\/uploads\/2022\/08\/anchorage-1-240x92.png 240w\" sizes=\"(max-width: 1390px) 100vw, 1390px\" \/><br \/>\nUne bou\u00e9e de mouillage balise le p\u00e9rim\u00e8tre de zones de mouillage d\u00e9sign\u00e9es. Consulter la carte marine pour conna\u00eetre la profondeur des eaux.<\/p>\n<h2>AMARRAGE<\/h2>\n<p><img loading=\"lazy\" class=\"aligncenter size-full wp-image-4111\" src=\"https:\/\/weathertoboat.ca\/wp-content\/uploads\/2022\/08\/mooring-1.png\" alt=\"\" width=\"1454\" height=\"520\" srcset=\"https:\/\/weathertoboat.ca\/wp-content\/uploads\/2022\/08\/mooring-1.png 1454w, https:\/\/weathertoboat.ca\/wp-content\/uploads\/2022\/08\/mooring-1-300x107.png 300w, https:\/\/weathertoboat.ca\/wp-content\/uploads\/2022\/08\/mooring-1-768x275.png 768w, https:\/\/weathertoboat.ca\/wp-content\/uploads\/2022\/08\/mooring-1-16x6.png 16w, https:\/\/weathertoboat.ca\/wp-content\/uploads\/2022\/08\/mooring-1-240x86.png 240w\" sizes=\"(max-width: 1454px) 100vw, 1454px\" \/><br \/>\nUne bou\u00e9e d\u2019amarrage sert \u00e0 amarrer ou \u00e0 immobiliser un navire. Sachez qu\u2019un navire peut \u00eatre amarr\u00e9 \u00e0 une telle bou\u00e9e.<\/p>\n<h2>RENSEIGNEMENTS<\/h2>\n<p><img loading=\"lazy\" class=\"aligncenter size-full wp-image-4112\" src=\"https:\/\/weathertoboat.ca\/wp-content\/uploads\/2022\/08\/information-1.png\" alt=\"\" width=\"1284\" height=\"514\" srcset=\"https:\/\/weathertoboat.ca\/wp-content\/uploads\/2022\/08\/information-1.png 1284w, https:\/\/weathertoboat.ca\/wp-content\/uploads\/2022\/08\/information-1-300x120.png 300w, https:\/\/weathertoboat.ca\/wp-content\/uploads\/2022\/08\/information-1-768x307.png 768w, https:\/\/weathertoboat.ca\/wp-content\/uploads\/2022\/08\/information-1-16x6.png 16w, https:\/\/weathertoboat.ca\/wp-content\/uploads\/2022\/08\/information-1-240x96.png 240w\" sizes=\"(max-width: 1284px) 100vw, 1284px\" \/><br \/>\nrenseignements comme des noms d\u2019emplacements, de ports de plaisance, des terrains de camping, etc. Se fier aux<br \/>\nrenseignements illustr\u00e9s \u00e0 l\u2019int\u00e9rieur du carr\u00e9 orange.<\/p>\n<h2>OBSTACLE<\/h2>\n<p><img loading=\"lazy\" class=\"aligncenter size-full wp-image-4113\" src=\"https:\/\/weathertoboat.ca\/wp-content\/uploads\/2022\/08\/hazard-1.png\" alt=\"\" width=\"1272\" height=\"492\" srcset=\"https:\/\/weathertoboat.ca\/wp-content\/uploads\/2022\/08\/hazard-1.png 1272w, https:\/\/weathertoboat.ca\/wp-content\/uploads\/2022\/08\/hazard-1-300x116.png 300w, https:\/\/weathertoboat.ca\/wp-content\/uploads\/2022\/08\/hazard-1-768x297.png 768w, https:\/\/weathertoboat.ca\/wp-content\/uploads\/2022\/08\/hazard-1-16x6.png 16w, https:\/\/weathertoboat.ca\/wp-content\/uploads\/2022\/08\/hazard-1-240x93.png 240w\" sizes=\"(max-width: 1272px) 100vw, 1272px\" \/><br \/>\nUne bou\u00e9e d\u2019obstacle balise les obstacles trouv\u00e9s au hasard tels des petits hauts-fonds, ou des roches, les renseignements relatifs \u00e0 l\u2019obstacle sont illustr\u00e9s \u00e0 l\u2019int\u00e9rieur du losange orange.<\/p>\n<h2>CONTR\u00d4LE<\/h2>\n<p><img loading=\"lazy\" class=\"aligncenter size-full wp-image-4114\" src=\"https:\/\/weathertoboat.ca\/wp-content\/uploads\/2022\/08\/control-1.png\" alt=\"\" width=\"1224\" height=\"504\" srcset=\"https:\/\/weathertoboat.ca\/wp-content\/uploads\/2022\/08\/control-1.png 1224w, https:\/\/weathertoboat.ca\/wp-content\/uploads\/2022\/08\/control-1-300x124.png 300w, https:\/\/weathertoboat.ca\/wp-content\/uploads\/2022\/08\/control-1-768x316.png 768w, https:\/\/weathertoboat.ca\/wp-content\/uploads\/2022\/08\/control-1-16x7.png 16w, https:\/\/weathertoboat.ca\/wp-content\/uploads\/2022\/08\/control-1-240x99.png 240w\" sizes=\"(max-width: 1224px) 100vw, 1224px\" \/><br \/>\nUne bou\u00e9e de contr\u00f4le indique des limites de vitesse, des restrictions de sillage, etc. Ob\u00e9ir \u00e0 la restriction illustr\u00e9e \u00e0 l\u2019int\u00e9rieur du cercle orange.<\/p>\n<h2>ENDROIT INTERDIT<\/h2>\n<p><img loading=\"lazy\" class=\"aligncenter size-full wp-image-4115\" src=\"https:\/\/weathertoboat.ca\/wp-content\/uploads\/2022\/08\/keepout.png\" alt=\"\" width=\"1204\" height=\"498\" srcset=\"https:\/\/weathertoboat.ca\/wp-content\/uploads\/2022\/08\/keepout.png 1204w, https:\/\/weathertoboat.ca\/wp-content\/uploads\/2022\/08\/keepout-300x124.png 300w, https:\/\/weathertoboat.ca\/wp-content\/uploads\/2022\/08\/keepout-768x318.png 768w, https:\/\/weathertoboat.ca\/wp-content\/uploads\/2022\/08\/keepout-16x7.png 16w, https:\/\/weathertoboat.ca\/wp-content\/uploads\/2022\/08\/keepout-240x99.png 240w\" sizes=\"(max-width: 1204px) 100vw, 1204px\" \/><br \/>\nUne bou\u00e9e d\u2019endroit interdit signale une zone interdite aux embarcations.<\/p>\n<h2>SCIENTIFIQUE (SADO\/ODAS)<\/h2>\n<p><img loading=\"lazy\" class=\"aligncenter size-full wp-image-4116\" src=\"https:\/\/weathertoboat.ca\/wp-content\/uploads\/2022\/08\/scientific-1.png\" alt=\"\" width=\"1712\" height=\"524\" srcset=\"https:\/\/weathertoboat.ca\/wp-content\/uploads\/2022\/08\/scientific-1.png 1712w, https:\/\/weathertoboat.ca\/wp-content\/uploads\/2022\/08\/scientific-1-300x92.png 300w, https:\/\/weathertoboat.ca\/wp-content\/uploads\/2022\/08\/scientific-1-768x235.png 768w, https:\/\/weathertoboat.ca\/wp-content\/uploads\/2022\/08\/scientific-1-1536x470.png 1536w, https:\/\/weathertoboat.ca\/wp-content\/uploads\/2022\/08\/scientific-1-16x5.png 16w, https:\/\/weathertoboat.ca\/wp-content\/uploads\/2022\/08\/scientific-1-240x73.png 240w\" sizes=\"(max-width: 1712px) 100vw, 1712px\" \/><br \/>\nUne bou\u00e9e de syst\u00e8me d\u2019acquisition de donn\u00e9es oc\u00e9aniques (SADO) recueille des donn\u00e9es m\u00e9t\u00e9orologiques et d\u2019autres donn\u00e9es scientifiques.<\/p>\n<h2>PLONG\u00c9E<\/h2>\n<p><img loading=\"lazy\" class=\"aligncenter size-full wp-image-4117\" src=\"https:\/\/weathertoboat.ca\/wp-content\/uploads\/2022\/08\/diving-1.png\" alt=\"\" width=\"1484\" height=\"518\" srcset=\"https:\/\/weathertoboat.ca\/wp-content\/uploads\/2022\/08\/diving-1.png 1484w, https:\/\/weathertoboat.ca\/wp-content\/uploads\/2022\/08\/diving-1-300x105.png 300w, https:\/\/weathertoboat.ca\/wp-content\/uploads\/2022\/08\/diving-1-768x268.png 768w, https:\/\/weathertoboat.ca\/wp-content\/uploads\/2022\/08\/diving-1-16x6.png 16w, https:\/\/weathertoboat.ca\/wp-content\/uploads\/2022\/08\/diving-1-240x84.png 240w\" sizes=\"(max-width: 1484px) 100vw, 1484px\" \/><br \/>\nUne bou\u00e9e de plong\u00e9e signale une zone dans laquelle des activit\u00e9s de plong\u00e9e en scaphandre autonome ou autres sont en cours. N\u2019est habituellement pas indiqu\u00e9e sur les cartes marines.<\/p>\n<h2>NATATION<\/h2>\n<p><img loading=\"lazy\" class=\"aligncenter size-full wp-image-4118\" src=\"https:\/\/weathertoboat.ca\/wp-content\/uploads\/2022\/08\/swimming-1.png\" alt=\"\" width=\"1358\" height=\"536\" srcset=\"https:\/\/weathertoboat.ca\/wp-content\/uploads\/2022\/08\/swimming-1.png 1358w, https:\/\/weathertoboat.ca\/wp-content\/uploads\/2022\/08\/swimming-1-300x118.png 300w, https:\/\/weathertoboat.ca\/wp-content\/uploads\/2022\/08\/swimming-1-768x303.png 768w, https:\/\/weathertoboat.ca\/wp-content\/uploads\/2022\/08\/swimming-1-16x6.png 16w, https:\/\/weathertoboat.ca\/wp-content\/uploads\/2022\/08\/swimming-1-240x95.png 240w\" sizes=\"(max-width: 1358px) 100vw, 1358px\" \/><br \/>\nUne bou\u00e9e de natation balise le p\u00e9rim\u00e8tre d\u2019une zone r\u00e9serv\u00e9e \u00e0 la natation. Peut ne pas \u00eatre indiqu\u00e9e sur les<br \/>\ncartes marines.<\/p>","protected":false},"excerpt":{"rendered":"<p>BOU\u00c9ES SP\u00c9CIALES DESCRIPTION La forme n\u2019a aucune signification. Peut porter des lettres \u2013 aucun nombre. Mat\u00e9riau r\u00e9tror\u00e9fl\u00e9chissant jaune. Feux jaunes \u2013 caract\u00e8res du feu indiqu\u00e9s au dessous (si \u00e9quip\u00e9e). Les bou\u00e9es d\u2019avertissement, scientifiques et de mouillage peuvent porter un voyant qui consiste en un \u2018x\u2019 jaune. AVERTISSEMENT Une bou\u00e9e d\u2019avertissement balise des dangers comme des [&hellip;]<\/p>","protected":false},"author":1,"featured_media":0,"parent":0,"menu_order":0,"comment_status":"closed","ping_status":"closed","template":"","meta":[],"_links":{"self":[{"href":"https:\/\/weathertoboat.ca\/fr\/wp-json\/wp\/v2\/pages\/4164"}],"collection":[{"href":"https:\/\/weathertoboat.ca\/fr\/wp-json\/wp\/v2\/pages"}],"about":[{"href":"https:\/\/weathertoboat.ca\/fr\/wp-json\/wp\/v2\/types\/page"}],"author":[{"embeddable":true,"href":"https:\/\/weathertoboat.ca\/fr\/wp-json\/wp\/v2\/users\/1"}],"replies":[{"embeddable":true,"href":"https:\/\/weathertoboat.ca\/fr\/wp-json\/wp\/v2\/comments?post=4164"}],"version-history":[{"count":3,"href":"https:\/\/weathertoboat.ca\/fr\/wp-json\/wp\/v2\/pages\/4164\/revisions"}],"predecessor-version":[{"id":4167,"href":"https:\/\/weathertoboat.ca\/fr\/wp-json\/wp\/v2\/pages\/4164\/revisions\/4167"}],"wp:attachment":[{"href":"https:\/\/weathertoboat.ca\/fr\/wp-json\/wp\/v2\/media?parent=4164"}],"curies":[{"name":"wp","href":"https:\/\/api.w.org\/{rel}","templated":true}]}}