{"id":4159,"date":"2022-08-26T14:21:07","date_gmt":"2022-08-26T14:21:07","guid":{"rendered":"https:\/\/weathertoboat.ca\/?page_id=4159"},"modified":"2022-08-26T14:21:44","modified_gmt":"2022-08-26T14:21:44","slug":"aides-de-danger-isole","status":"publish","type":"page","link":"https:\/\/weathertoboat.ca\/fr\/aides-de-danger-isole\/","title":{"rendered":"AIDES DE DANGER ISOL\u00c9"},"content":{"rendered":"<h2>AIDES DE DANGER ISOL\u00c9<\/h2>\n<p><img loading=\"lazy\" class=\"aligncenter size-full wp-image-4161\" src=\"https:\/\/weathertoboat.ca\/wp-content\/uploads\/2022\/08\/Aides_DangerIsole_1.png\" alt=\"\" width=\"688\" height=\"389\" srcset=\"https:\/\/weathertoboat.ca\/wp-content\/uploads\/2022\/08\/Aides_DangerIsole_1.png 688w, https:\/\/weathertoboat.ca\/wp-content\/uploads\/2022\/08\/Aides_DangerIsole_1-300x170.png 300w, https:\/\/weathertoboat.ca\/wp-content\/uploads\/2022\/08\/Aides_DangerIsole_1-16x9.png 16w, https:\/\/weathertoboat.ca\/wp-content\/uploads\/2022\/08\/Aides_DangerIsole_1-240x136.png 240w\" sizes=\"(max-width: 688px) 100vw, 688px\" \/><br \/>\n<strong>DESCRIPTION<\/strong><\/p>\n<ul>\n<li>Noire avec une bande horizontale rouge.<\/li>\n<li>Feu blanc, group\u00e9 Fl(2) 5s ou group\u00e9 Fl(2) 10s (si \u00e9quip\u00e9e).<\/li>\n<li>Deux voyants sph\u00e9riques noirs.<\/li>\n<li>Des lettres mais aucun nombre.<\/li>\n<li>Mat\u00e9riau r\u00e9tror\u00e9fl\u00e9chissant blanc.<\/li>\n<\/ul>\n<p><img loading=\"lazy\" class=\"aligncenter size-full wp-image-4162\" src=\"https:\/\/weathertoboat.ca\/wp-content\/uploads\/2022\/08\/Aides_DangerIsole_2.png\" alt=\"\" width=\"684\" height=\"333\" srcset=\"https:\/\/weathertoboat.ca\/wp-content\/uploads\/2022\/08\/Aides_DangerIsole_2.png 684w, https:\/\/weathertoboat.ca\/wp-content\/uploads\/2022\/08\/Aides_DangerIsole_2-300x146.png 300w, https:\/\/weathertoboat.ca\/wp-content\/uploads\/2022\/08\/Aides_DangerIsole_2-16x8.png 16w, https:\/\/weathertoboat.ca\/wp-content\/uploads\/2022\/08\/Aides_DangerIsole_2-240x117.png 240w\" sizes=\"(max-width: 684px) 100vw, 684px\" \/><\/p>\n<p><strong>GUIDE DE L\u2019USAGER<\/strong><br \/>\nUne aide de danger isol\u00e9 est amarr\u00e9e \u00e0 un danger isol\u00e9, proche ou au-dessus de ce dernier qui est entour\u00e9 d\u2019eaux<br \/>\nnavigables s\u00e9curitaires. Consulter la carte marine pour tout renseignement concernant le danger (dimensions, profondeurs, etc). Peut \u00eatre utilis\u00e9e pour baliser des dangers naturels comme des petits hauts-fonds ou des petits obstacles, tels des \u00e9paves.<\/p>","protected":false},"excerpt":{"rendered":"<p>AIDES DE DANGER ISOL\u00c9 DESCRIPTION Noire avec une bande horizontale rouge. Feu blanc, group\u00e9 Fl(2) 5s ou group\u00e9 Fl(2) 10s (si \u00e9quip\u00e9e). Deux voyants sph\u00e9riques noirs. Des lettres mais aucun nombre. Mat\u00e9riau r\u00e9tror\u00e9fl\u00e9chissant blanc. GUIDE DE L\u2019USAGER Une aide de danger isol\u00e9 est amarr\u00e9e \u00e0 un danger isol\u00e9, proche ou au-dessus de ce dernier qui [&hellip;]<\/p>","protected":false},"author":1,"featured_media":0,"parent":0,"menu_order":0,"comment_status":"closed","ping_status":"closed","template":"","meta":[],"_links":{"self":[{"href":"https:\/\/weathertoboat.ca\/fr\/wp-json\/wp\/v2\/pages\/4159"}],"collection":[{"href":"https:\/\/weathertoboat.ca\/fr\/wp-json\/wp\/v2\/pages"}],"about":[{"href":"https:\/\/weathertoboat.ca\/fr\/wp-json\/wp\/v2\/types\/page"}],"author":[{"embeddable":true,"href":"https:\/\/weathertoboat.ca\/fr\/wp-json\/wp\/v2\/users\/1"}],"replies":[{"embeddable":true,"href":"https:\/\/weathertoboat.ca\/fr\/wp-json\/wp\/v2\/comments?post=4159"}],"version-history":[{"count":2,"href":"https:\/\/weathertoboat.ca\/fr\/wp-json\/wp\/v2\/pages\/4159\/revisions"}],"predecessor-version":[{"id":4163,"href":"https:\/\/weathertoboat.ca\/fr\/wp-json\/wp\/v2\/pages\/4159\/revisions\/4163"}],"wp:attachment":[{"href":"https:\/\/weathertoboat.ca\/fr\/wp-json\/wp\/v2\/media?parent=4159"}],"curies":[{"name":"wp","href":"https:\/\/api.w.org\/{rel}","templated":true}]}}