{"id":4154,"date":"2022-08-26T14:04:26","date_gmt":"2022-08-26T14:04:26","guid":{"rendered":"https:\/\/weathertoboat.ca\/?page_id=4154"},"modified":"2022-08-26T14:15:01","modified_gmt":"2022-08-26T14:15:01","slug":"aides-cardinales","status":"publish","type":"page","link":"https:\/\/weathertoboat.ca\/fr\/aides-cardinales\/","title":{"rendered":"AIDES CARDINALES"},"content":{"rendered":"<h2>AIDES CARDINALES<\/h2>\n<p><img loading=\"lazy\" class=\"aligncenter size-full wp-image-4155\" src=\"https:\/\/weathertoboat.ca\/wp-content\/uploads\/2022\/08\/Aide_Cardinal_1.png\" alt=\"\" width=\"834\" height=\"829\" srcset=\"https:\/\/weathertoboat.ca\/wp-content\/uploads\/2022\/08\/Aide_Cardinal_1.png 834w, https:\/\/weathertoboat.ca\/wp-content\/uploads\/2022\/08\/Aide_Cardinal_1-300x298.png 300w, https:\/\/weathertoboat.ca\/wp-content\/uploads\/2022\/08\/Aide_Cardinal_1-150x150.png 150w, https:\/\/weathertoboat.ca\/wp-content\/uploads\/2022\/08\/Aide_Cardinal_1-768x763.png 768w, https:\/\/weathertoboat.ca\/wp-content\/uploads\/2022\/08\/Aide_Cardinal_1-12x12.png 12w, https:\/\/weathertoboat.ca\/wp-content\/uploads\/2022\/08\/Aide_Cardinal_1-32x32.png 32w, https:\/\/weathertoboat.ca\/wp-content\/uploads\/2022\/08\/Aide_Cardinal_1-48x48.png 48w, https:\/\/weathertoboat.ca\/wp-content\/uploads\/2022\/08\/Aide_Cardinal_1-80x80.png 80w, https:\/\/weathertoboat.ca\/wp-content\/uploads\/2022\/08\/Aide_Cardinal_1-181x180.png 181w\" sizes=\"(max-width: 834px) 100vw, 834px\" \/><\/p>\n<p><strong>DESCRIPTION<\/strong><\/p>\n<ul>\n<li>Jaune et noire.<\/li>\n<li>Feux blancs \u2013 caract\u00e8res de feu indiqu\u00e9s au dessous (si \u00e9quip\u00e9e).<\/li>\n<li>Voyants coniques noirs pointant vers les parties noires de la bou\u00e9e.<\/li>\n<li>Lettre(s) \u2013 aucun nombre. Mat\u00e9riau r\u00e9tror\u00e9fl\u00e9chissant blanc.<\/li>\n<li>Deux voyants coniques, la direction des pointes ayant une signification.<\/li>\n<\/ul>\n<p class=\"p1\"><em>Note: Peuvent \u00eatre sous forme de bou\u00e9es ou aides fixes.<\/em><\/p>\n<p><img loading=\"lazy\" class=\"aligncenter size-full wp-image-4156\" src=\"https:\/\/weathertoboat.ca\/wp-content\/uploads\/2022\/08\/Aides_Cardinal_2.png\" alt=\"\" width=\"1099\" height=\"716\" srcset=\"https:\/\/weathertoboat.ca\/wp-content\/uploads\/2022\/08\/Aides_Cardinal_2.png 1099w, https:\/\/weathertoboat.ca\/wp-content\/uploads\/2022\/08\/Aides_Cardinal_2-300x195.png 300w, https:\/\/weathertoboat.ca\/wp-content\/uploads\/2022\/08\/Aides_Cardinal_2-768x500.png 768w, https:\/\/weathertoboat.ca\/wp-content\/uploads\/2022\/08\/Aides_Cardinal_2-16x10.png 16w, https:\/\/weathertoboat.ca\/wp-content\/uploads\/2022\/08\/Aides_Cardinal_2-240x156.png 240w\" sizes=\"(max-width: 1099px) 100vw, 1099px\" \/><\/p>\n<p><img loading=\"lazy\" class=\"aligncenter size-full wp-image-4157\" src=\"https:\/\/weathertoboat.ca\/wp-content\/uploads\/2022\/08\/Aides_Cardinal_3.png\" alt=\"\" width=\"1087\" height=\"520\" srcset=\"https:\/\/weathertoboat.ca\/wp-content\/uploads\/2022\/08\/Aides_Cardinal_3.png 1087w, https:\/\/weathertoboat.ca\/wp-content\/uploads\/2022\/08\/Aides_Cardinal_3-300x144.png 300w, https:\/\/weathertoboat.ca\/wp-content\/uploads\/2022\/08\/Aides_Cardinal_3-768x367.png 768w, https:\/\/weathertoboat.ca\/wp-content\/uploads\/2022\/08\/Aides_Cardinal_3-16x8.png 16w, https:\/\/weathertoboat.ca\/wp-content\/uploads\/2022\/08\/Aides_Cardinal_3-240x115.png 240w\" sizes=\"(max-width: 1087px) 100vw, 1087px\" \/><\/p>","protected":false},"excerpt":{"rendered":"<p>AIDES CARDINALES DESCRIPTION Jaune et noire. Feux blancs \u2013 caract\u00e8res de feu indiqu\u00e9s au dessous (si \u00e9quip\u00e9e). Voyants coniques noirs pointant vers les parties noires de la bou\u00e9e. Lettre(s) \u2013 aucun nombre. Mat\u00e9riau r\u00e9tror\u00e9fl\u00e9chissant blanc. Deux voyants coniques, la direction des pointes ayant une signification. Note: Peuvent \u00eatre sous forme de bou\u00e9es ou aides fixes.<\/p>","protected":false},"author":1,"featured_media":0,"parent":0,"menu_order":0,"comment_status":"closed","ping_status":"closed","template":"","meta":[],"_links":{"self":[{"href":"https:\/\/weathertoboat.ca\/fr\/wp-json\/wp\/v2\/pages\/4154"}],"collection":[{"href":"https:\/\/weathertoboat.ca\/fr\/wp-json\/wp\/v2\/pages"}],"about":[{"href":"https:\/\/weathertoboat.ca\/fr\/wp-json\/wp\/v2\/types\/page"}],"author":[{"embeddable":true,"href":"https:\/\/weathertoboat.ca\/fr\/wp-json\/wp\/v2\/users\/1"}],"replies":[{"embeddable":true,"href":"https:\/\/weathertoboat.ca\/fr\/wp-json\/wp\/v2\/comments?post=4154"}],"version-history":[{"count":1,"href":"https:\/\/weathertoboat.ca\/fr\/wp-json\/wp\/v2\/pages\/4154\/revisions"}],"predecessor-version":[{"id":4158,"href":"https:\/\/weathertoboat.ca\/fr\/wp-json\/wp\/v2\/pages\/4154\/revisions\/4158"}],"wp:attachment":[{"href":"https:\/\/weathertoboat.ca\/fr\/wp-json\/wp\/v2\/media?parent=4154"}],"curies":[{"name":"wp","href":"https:\/\/api.w.org\/{rel}","templated":true}]}}