{"id":4147,"date":"2022-08-26T02:38:02","date_gmt":"2022-08-26T02:38:02","guid":{"rendered":"https:\/\/weathertoboat.ca\/?page_id=4147"},"modified":"2022-08-26T02:41:53","modified_gmt":"2022-08-26T02:41:53","slug":"ais-aton-fr","status":"publish","type":"page","link":"https:\/\/weathertoboat.ca\/fr\/ais-aton-fr\/","title":{"rendered":"AIS-ATON FR"},"content":{"rendered":"<h2>AIS-ATON<\/h2>\n<p><img loading=\"lazy\" class=\"aligncenter size-full wp-image-4151\" src=\"https:\/\/weathertoboat.ca\/wp-content\/uploads\/2022\/08\/Aides_LumMajeur_AisAton-1.png\" alt=\"\" width=\"1036\" height=\"639\" srcset=\"https:\/\/weathertoboat.ca\/wp-content\/uploads\/2022\/08\/Aides_LumMajeur_AisAton-1.png 1036w, https:\/\/weathertoboat.ca\/wp-content\/uploads\/2022\/08\/Aides_LumMajeur_AisAton-1-300x185.png 300w, https:\/\/weathertoboat.ca\/wp-content\/uploads\/2022\/08\/Aides_LumMajeur_AisAton-1-768x474.png 768w, https:\/\/weathertoboat.ca\/wp-content\/uploads\/2022\/08\/Aides_LumMajeur_AisAton-1-16x10.png 16w, https:\/\/weathertoboat.ca\/wp-content\/uploads\/2022\/08\/Aides_LumMajeur_AisAton-1-240x148.png 240w\" sizes=\"(max-width: 1036px) 100vw, 1036px\" \/><br \/>\n<strong>DESCRIPTION<\/strong><br \/>\nUne AIS-AtoN est une aide \u00e0 la navigation \u00e9lectronique (num\u00e9rique) qui est diffus\u00e9e par un fournisseur de service autoris\u00e9 en utilisant le message 21 de l&#8217;AIS (rapport d&#8217;aide \u00e0 la navigation) et peut \u00eatre affich\u00e9e sur des \u00e9quipements de navigation correctement configur\u00e9s, soit \u00e0 bord des navires ou bas\u00e9 \u00e0 terre. Il existe deux types d&#8217;AIS AtoN utilis\u00e9s au Canada: physique et virtuel.<\/p>\n<p>L&#8217;AIS-AtoN fournit aux navigateurs un moyen efficace d&#8217;identification dans toutes les conditions. Pour plus d&#8217;informations, veuillez consulter le <a href=\"https:\/\/e-navigation.canada.ca\/topics\/aides\/documents\/ais-aton\/index-fr\" target=\"_blank\" rel=\"noopener\">Portail de navigation \u00e9lectronique de la GCC<\/a>.<\/p>\n<p><img loading=\"lazy\" class=\"aligncenter size-full wp-image-4152\" src=\"https:\/\/weathertoboat.ca\/wp-content\/uploads\/2022\/08\/AIS-FR.png\" alt=\"\" width=\"2536\" height=\"364\" srcset=\"https:\/\/weathertoboat.ca\/wp-content\/uploads\/2022\/08\/AIS-FR.png 2536w, https:\/\/weathertoboat.ca\/wp-content\/uploads\/2022\/08\/AIS-FR-300x43.png 300w, https:\/\/weathertoboat.ca\/wp-content\/uploads\/2022\/08\/AIS-FR-768x110.png 768w, https:\/\/weathertoboat.ca\/wp-content\/uploads\/2022\/08\/AIS-FR-1536x220.png 1536w, https:\/\/weathertoboat.ca\/wp-content\/uploads\/2022\/08\/AIS-FR-2048x294.png 2048w, https:\/\/weathertoboat.ca\/wp-content\/uploads\/2022\/08\/AIS-FR-16x2.png 16w, https:\/\/weathertoboat.ca\/wp-content\/uploads\/2022\/08\/AIS-FR-240x34.png 240w\" sizes=\"(max-width: 2536px) 100vw, 2536px\" \/><\/p>","protected":false},"excerpt":{"rendered":"<p>AIS-ATON DESCRIPTION Une AIS-AtoN est une aide \u00e0 la navigation \u00e9lectronique (num\u00e9rique) qui est diffus\u00e9e par un fournisseur de service autoris\u00e9 en utilisant le message 21 de l&#8217;AIS (rapport d&#8217;aide \u00e0 la navigation) et peut \u00eatre affich\u00e9e sur des \u00e9quipements de navigation correctement configur\u00e9s, soit \u00e0 bord des navires ou bas\u00e9 \u00e0 terre. Il existe [&hellip;]<\/p>","protected":false},"author":1,"featured_media":0,"parent":0,"menu_order":0,"comment_status":"closed","ping_status":"closed","template":"","meta":[],"_links":{"self":[{"href":"https:\/\/weathertoboat.ca\/fr\/wp-json\/wp\/v2\/pages\/4147"}],"collection":[{"href":"https:\/\/weathertoboat.ca\/fr\/wp-json\/wp\/v2\/pages"}],"about":[{"href":"https:\/\/weathertoboat.ca\/fr\/wp-json\/wp\/v2\/types\/page"}],"author":[{"embeddable":true,"href":"https:\/\/weathertoboat.ca\/fr\/wp-json\/wp\/v2\/users\/1"}],"replies":[{"embeddable":true,"href":"https:\/\/weathertoboat.ca\/fr\/wp-json\/wp\/v2\/comments?post=4147"}],"version-history":[{"count":3,"href":"https:\/\/weathertoboat.ca\/fr\/wp-json\/wp\/v2\/pages\/4147\/revisions"}],"predecessor-version":[{"id":4153,"href":"https:\/\/weathertoboat.ca\/fr\/wp-json\/wp\/v2\/pages\/4147\/revisions\/4153"}],"wp:attachment":[{"href":"https:\/\/weathertoboat.ca\/fr\/wp-json\/wp\/v2\/media?parent=4147"}],"curies":[{"name":"wp","href":"https:\/\/api.w.org\/{rel}","templated":true}]}}