{"id":4120,"date":"2022-08-26T02:10:30","date_gmt":"2022-08-26T02:10:30","guid":{"rendered":"https:\/\/weathertoboat.ca\/?page_id=4120"},"modified":"2022-08-26T02:20:08","modified_gmt":"2022-08-26T02:20:08","slug":"fixed-aids-fr","status":"publish","type":"page","link":"https:\/\/weathertoboat.ca\/fr\/fixed-aids-fr\/","title":{"rendered":"Fixed Aids &#8211; FR"},"content":{"rendered":"<h2>AIDES LUMINEUSES MAJEURES<\/h2>\n<p><img loading=\"lazy\" class=\"aligncenter wp-image-4130 size-full\" src=\"https:\/\/weathertoboat.ca\/wp-content\/uploads\/2022\/08\/Aides_LumMajeur_AidesFix_1-2.png\" alt=\"\" width=\"573\" height=\"714\" srcset=\"https:\/\/weathertoboat.ca\/wp-content\/uploads\/2022\/08\/Aides_LumMajeur_AidesFix_1-2.png 573w, https:\/\/weathertoboat.ca\/wp-content\/uploads\/2022\/08\/Aides_LumMajeur_AidesFix_1-2-241x300.png 241w, https:\/\/weathertoboat.ca\/wp-content\/uploads\/2022\/08\/Aides_LumMajeur_AidesFix_1-2-10x12.png 10w, https:\/\/weathertoboat.ca\/wp-content\/uploads\/2022\/08\/Aides_LumMajeur_AidesFix_1-2-144x180.png 144w\" sizes=\"(max-width: 573px) 100vw, 573px\" \/><\/p>\n<p>Une aide lumineuse majeure peut \u00eatre munie d\u2019un feu principal et pouvant \u00eatre \u00e9quip\u00e9e d\u2019un signal de brume et\/ou d\u2019une balise<br \/>\nradar.<\/p>\n<p>Les couleurs et les caract\u00e8ristiques des feux sont illustr\u00e9es sur la carte marine et sont indiqu\u00e9s dans le \u00ab <a href=\"https:\/\/www.notmar.gc.ca\/livre-feux\" target=\"_blank\" rel=\"noopener\">Livre des feux, des bou\u00e9es et des signaux de brume<\/a> \u00bb. La couleur de la structure peut ne pas avoir de signification lat\u00e9rale. La hauteur focale au-dessus du niveau de l\u2019eau, en m\u00e8tres (m) ou pieds (ft), et la port\u00e9e nominale, en milles marins (M), peuvent \u00eatre indiqu\u00e9es sur la carte marine. Pour toutes les aides, lorsque la couleur n\u2019est pas pr\u00e9cis\u00e9e, le feu est blanc.<\/p>\n<p>Les caract\u00e9ristiques des signaux de brume sont indiqu\u00e9es sur les cartes marines et dans la publication \u00ab <a href=\"https:\/\/www.notmar.gc.ca\/livre-feux\" target=\"_blank\" rel=\"noopener\">Livre des feux, des bou\u00e9es et des signaux de brume<\/a> \u00bb.<\/p>\n<p>Un RACON \u00e9met une s\u00e9rie d\u2019impulsions cod\u00e9es (code Morse) qui appara\u00eet sur un \u00e9cran radar permettant ainsi de le distinguer des cibles radar environnantes. On peut se renseigner sur les RACON en consultant la publication des \u00ab <a href=\"https:\/\/www.ccg-gcc.gc.ca\/publications\/mcts-sctm\/ramn-arnm\/index-fra.html\" target=\"_blank\" rel=\"noopener\">Aides radio \u00e0 la navigation maritime<\/a> \u00bb.<\/p>\n<p><img loading=\"lazy\" class=\"aligncenter size-full wp-image-4029\" src=\"https:\/\/weathertoboat.ca\/wp-content\/uploads\/2022\/08\/MajorAid_Fix_2.png\" alt=\"\" width=\"418\" height=\"651\" srcset=\"https:\/\/weathertoboat.ca\/wp-content\/uploads\/2022\/08\/MajorAid_Fix_2.png 418w, https:\/\/weathertoboat.ca\/wp-content\/uploads\/2022\/08\/MajorAid_Fix_2-193x300.png 193w, https:\/\/weathertoboat.ca\/wp-content\/uploads\/2022\/08\/MajorAid_Fix_2-8x12.png 8w, https:\/\/weathertoboat.ca\/wp-content\/uploads\/2022\/08\/MajorAid_Fix_2-116x180.png 116w\" sizes=\"(max-width: 418px) 100vw, 418px\" \/><\/p>\n<h2>AIDES LUMINEUSES SECONDAIRES\/AIDES D&#8217;ATTERRAGES SECONDAIRES<\/h2>\n<p><img loading=\"lazy\" class=\"aligncenter size-full wp-image-4124\" src=\"https:\/\/weathertoboat.ca\/wp-content\/uploads\/2022\/08\/Aids_LumSecond_AidesFix_1.png\" alt=\"\" width=\"1036\" height=\"672\" srcset=\"https:\/\/weathertoboat.ca\/wp-content\/uploads\/2022\/08\/Aids_LumSecond_AidesFix_1.png 1036w, https:\/\/weathertoboat.ca\/wp-content\/uploads\/2022\/08\/Aids_LumSecond_AidesFix_1-300x195.png 300w, https:\/\/weathertoboat.ca\/wp-content\/uploads\/2022\/08\/Aids_LumSecond_AidesFix_1-768x498.png 768w, https:\/\/weathertoboat.ca\/wp-content\/uploads\/2022\/08\/Aids_LumSecond_AidesFix_1-16x10.png 16w, https:\/\/weathertoboat.ca\/wp-content\/uploads\/2022\/08\/Aids_LumSecond_AidesFix_1-240x156.png 240w\" sizes=\"(max-width: 1036px) 100vw, 1036px\" \/><br \/>\nLes caract\u00e9ristiques des aides lumineuses secondaires peuvent avoir une signification lat\u00e9rale. Consulter le \u00ab <a href=\"https:\/\/www.notmar.gc.ca\/livre-feux\" target=\"_blank\" rel=\"noopener\">Livre des feux, des bou\u00e9es et des signaux de brume<\/a> \u00bb pour obtenir une description physique de ces aides.<br \/>\n<img loading=\"lazy\" class=\"aligncenter size-full wp-image-4031\" src=\"https:\/\/weathertoboat.ca\/wp-content\/uploads\/2022\/08\/Minor_LightAid_Fix_2.png\" alt=\"\" width=\"497\" height=\"231\" srcset=\"https:\/\/weathertoboat.ca\/wp-content\/uploads\/2022\/08\/Minor_LightAid_Fix_2.png 497w, https:\/\/weathertoboat.ca\/wp-content\/uploads\/2022\/08\/Minor_LightAid_Fix_2-300x139.png 300w, https:\/\/weathertoboat.ca\/wp-content\/uploads\/2022\/08\/Minor_LightAid_Fix_2-16x7.png 16w, https:\/\/weathertoboat.ca\/wp-content\/uploads\/2022\/08\/Minor_LightAid_Fix_2-240x112.png 240w\" sizes=\"(max-width: 497px) 100vw, 497px\" \/><\/p>\n<h2>ALIGNEMENTS<\/h2>\n<p><img loading=\"lazy\" class=\"aligncenter size-full wp-image-4125\" src=\"https:\/\/weathertoboat.ca\/wp-content\/uploads\/2022\/08\/Alignement_AidesFix.png\" alt=\"\" width=\"871\" height=\"865\" srcset=\"https:\/\/weathertoboat.ca\/wp-content\/uploads\/2022\/08\/Alignement_AidesFix.png 871w, https:\/\/weathertoboat.ca\/wp-content\/uploads\/2022\/08\/Alignement_AidesFix-300x298.png 300w, https:\/\/weathertoboat.ca\/wp-content\/uploads\/2022\/08\/Alignement_AidesFix-150x150.png 150w, https:\/\/weathertoboat.ca\/wp-content\/uploads\/2022\/08\/Alignement_AidesFix-768x763.png 768w, https:\/\/weathertoboat.ca\/wp-content\/uploads\/2022\/08\/Alignement_AidesFix-12x12.png 12w, https:\/\/weathertoboat.ca\/wp-content\/uploads\/2022\/08\/Alignement_AidesFix-32x32.png 32w, https:\/\/weathertoboat.ca\/wp-content\/uploads\/2022\/08\/Alignement_AidesFix-48x48.png 48w, https:\/\/weathertoboat.ca\/wp-content\/uploads\/2022\/08\/Alignement_AidesFix-80x80.png 80w, https:\/\/weathertoboat.ca\/wp-content\/uploads\/2022\/08\/Alignement_AidesFix-181x180.png 181w\" sizes=\"(max-width: 871px) 100vw, 871px\" \/><br \/>\n<strong>DESCRIPTION<\/strong><br \/>\nUn alignement est compos\u00e9 de deux marques fixes ou davantage, situ\u00e9es \u00e0 une certaine distance l\u2019une de l\u2019autre et \u00e0 des hauteurs diff\u00e9rentes. Les alignements peuvent \u00eatre lumineux ou non. La forme et les couleurs des marques de jour ainsi que les couleurs et les caract\u00e8res des feux sont d\u00e9crits dans le \u00ab <a href=\"https:\/\/www.notmar.gc.ca\/livre-feux\" target=\"_blank\" rel=\"noopener\">Livre des feux, des bou\u00e9es et des signaux de brume<\/a> \u00bb.<\/p>\n<p><strong>GUIDE DE L\u2019USAGER<\/strong><br \/>\nLes navigateurs s\u2019alignent sur ces marques. Lorsque les deux marques sont align\u00e9es, l\u2019observateur se trouve dans l\u2019axe du chenal. Consulter la carte marine pour d\u00e9terminer la partie du chenal que dessert l\u2019alignement.<\/p>\n<h2>MOUILLAGE INTERDIT<\/h2>\n<p><img loading=\"lazy\" class=\"aligncenter size-full wp-image-4040\" src=\"https:\/\/weathertoboat.ca\/wp-content\/uploads\/2022\/08\/NonAnchor_fixed_1.png\" alt=\"\" width=\"345\" height=\"216\" srcset=\"https:\/\/weathertoboat.ca\/wp-content\/uploads\/2022\/08\/NonAnchor_fixed_1.png 345w, https:\/\/weathertoboat.ca\/wp-content\/uploads\/2022\/08\/NonAnchor_fixed_1-300x188.png 300w, https:\/\/weathertoboat.ca\/wp-content\/uploads\/2022\/08\/NonAnchor_fixed_1-16x10.png 16w, https:\/\/weathertoboat.ca\/wp-content\/uploads\/2022\/08\/NonAnchor_fixed_1-240x150.png 240w\" sizes=\"(max-width: 345px) 100vw, 345px\" \/><br \/>\n<strong>DESCRIPTION<\/strong><br \/>\nAncre de couleur noire au centre d\u2019un carr\u00e9 blanc, lui-m\u00eame travers\u00e9 obliquement (du coin sup\u00e9rieur gauche vers le coin inf\u00e9rieur droit) par une bande rouge fluorescente.<\/p>\n<p><strong>GUIDE DE L\u2019USAGER<\/strong><br \/>\nNe pas mouiller d\u2019ancre dans la zone indiqu\u00e9e sur la carte marine car des pipelines, des c\u00e2bles d\u2019alimentation, etc. peuvent \u00eatre immerg\u00e9s \u00e0 cet endroit.<br \/>\n<img loading=\"lazy\" class=\"aligncenter size-full wp-image-4041\" src=\"https:\/\/weathertoboat.ca\/wp-content\/uploads\/2022\/08\/NonAnchor_fixed_2.png\" alt=\"\" width=\"465\" height=\"144\" srcset=\"https:\/\/weathertoboat.ca\/wp-content\/uploads\/2022\/08\/NonAnchor_fixed_2.png 465w, https:\/\/weathertoboat.ca\/wp-content\/uploads\/2022\/08\/NonAnchor_fixed_2-300x93.png 300w, https:\/\/weathertoboat.ca\/wp-content\/uploads\/2022\/08\/NonAnchor_fixed_2-16x5.png 16w, https:\/\/weathertoboat.ca\/wp-content\/uploads\/2022\/08\/NonAnchor_fixed_2-240x74.png 240w\" sizes=\"(max-width: 465px) 100vw, 465px\" \/><\/p>\n<h2>FEUX \u00c0 SECTEURS<\/h2>\n<p><img loading=\"lazy\" class=\"aligncenter size-full wp-image-4043\" src=\"https:\/\/weathertoboat.ca\/wp-content\/uploads\/2022\/08\/Sector_Fix_1.png\" alt=\"\" width=\"444\" height=\"349\" srcset=\"https:\/\/weathertoboat.ca\/wp-content\/uploads\/2022\/08\/Sector_Fix_1.png 444w, https:\/\/weathertoboat.ca\/wp-content\/uploads\/2022\/08\/Sector_Fix_1-300x236.png 300w, https:\/\/weathertoboat.ca\/wp-content\/uploads\/2022\/08\/Sector_Fix_1-16x12.png 16w, https:\/\/weathertoboat.ca\/wp-content\/uploads\/2022\/08\/Sector_Fix_1-229x180.png 229w\" sizes=\"(max-width: 444px) 100vw, 444px\" \/><br \/>\n<strong>DESCRIPTION<\/strong><br \/>\nLe faisceau lumineux d\u2019un feu \u00e0 secteurs est divis\u00e9 en secteurs de diff\u00e9rentes couleurs.<\/p>\n<p><strong>GUIDE DE L\u2019USAGER<\/strong><br \/>\nLes diff\u00e9rentes couleurs des secteurs informent le navigateur sur sa position par rapport \u00e0 l\u2019axe central du chenal. Le \u00ab <a href=\"https:\/\/www.notmar.gc.ca\/livre-feux\" target=\"_blank\" rel=\"noopener\">Livre des feux, des bou\u00e9es et des signaux de brume<\/a> \u00bb et les cartes marines indiquent les couleurs et les limites de ces secteurs.<br \/>\n<img loading=\"lazy\" class=\"aligncenter size-full wp-image-4044\" src=\"https:\/\/weathertoboat.ca\/wp-content\/uploads\/2022\/08\/Sector_Fix_2.png\" alt=\"\" width=\"397\" height=\"843\" srcset=\"https:\/\/weathertoboat.ca\/wp-content\/uploads\/2022\/08\/Sector_Fix_2.png 397w, https:\/\/weathertoboat.ca\/wp-content\/uploads\/2022\/08\/Sector_Fix_2-141x300.png 141w, https:\/\/weathertoboat.ca\/wp-content\/uploads\/2022\/08\/Sector_Fix_2-6x12.png 6w, https:\/\/weathertoboat.ca\/wp-content\/uploads\/2022\/08\/Sector_Fix_2-85x180.png 85w\" sizes=\"(max-width: 397px) 100vw, 397px\" \/><\/p>\n<h2>CARACT\u00c9RISTIQUES DES BALISES DE JOUR STANDARD<\/h2>\n<p><img loading=\"lazy\" class=\"aligncenter size-full wp-image-4126\" src=\"https:\/\/weathertoboat.ca\/wp-content\/uploads\/2022\/08\/Caracter_Des_Balises_1.png\" alt=\"\" width=\"922\" height=\"432\" srcset=\"https:\/\/weathertoboat.ca\/wp-content\/uploads\/2022\/08\/Caracter_Des_Balises_1.png 922w, https:\/\/weathertoboat.ca\/wp-content\/uploads\/2022\/08\/Caracter_Des_Balises_1-300x141.png 300w, https:\/\/weathertoboat.ca\/wp-content\/uploads\/2022\/08\/Caracter_Des_Balises_1-768x360.png 768w, https:\/\/weathertoboat.ca\/wp-content\/uploads\/2022\/08\/Caracter_Des_Balises_1-16x7.png 16w, https:\/\/weathertoboat.ca\/wp-content\/uploads\/2022\/08\/Caracter_Des_Balises_1-240x112.png 240w\" sizes=\"(max-width: 922px) 100vw, 922px\" \/><\/p>\n<h3><strong>B\u00c2BORD<\/strong><\/h3>\n<p>Carr\u00e9 vert fluorescent ou noir centr\u00e9 sur un fond blanc et entour\u00e9 d\u2019une bordure r\u00e9tror\u00e9fl\u00e9chissante verte. Peut<br \/>\nmontrer un nombre impair fait de mat\u00e9riau r\u00e9tror\u00e9fl\u00e9chissant blanc.<\/p>\n<p><strong>GUIDE DE L\u2019USAGER<\/strong><br \/>\nUn navire se dirigeant vers l\u2019amont doit laisser sur b\u00e2bord (\u00e0 gauche) une balise de jour de b\u00e2bord.<\/p>\n<h3><strong>BIFURCATION B\u00c2BORD<\/strong><\/h3>\n<p>Carr\u00e9 vert r\u00e9tror\u00e9fl\u00e9chissant sur un losange blanc, lui-m\u00eame entour\u00e9 d\u2019une bordure rouge fluorescente.<\/p>\n<p><strong>GUIDE DE L\u2019USAGER<\/strong><br \/>\nMarque le point d\u2019embranchement d\u2019un chenal et peut \u00eatre laiss\u00e9e sur b\u00e2bord ou sur tribord. Si on d\u00e9sire emprunter le chenal pr\u00e9f\u00e9r\u00e9 (droit) la balise de jour devrait \u00eatre laiss\u00e9e sur b\u00e2bord (\u00e0 gauche).<\/p>\n<p><img loading=\"lazy\" class=\"aligncenter size-full wp-image-4127\" src=\"https:\/\/weathertoboat.ca\/wp-content\/uploads\/2022\/08\/Caracter_Des_Balises_2.png\" alt=\"\" width=\"922\" height=\"432\" srcset=\"https:\/\/weathertoboat.ca\/wp-content\/uploads\/2022\/08\/Caracter_Des_Balises_2.png 922w, https:\/\/weathertoboat.ca\/wp-content\/uploads\/2022\/08\/Caracter_Des_Balises_2-300x141.png 300w, https:\/\/weathertoboat.ca\/wp-content\/uploads\/2022\/08\/Caracter_Des_Balises_2-768x360.png 768w, https:\/\/weathertoboat.ca\/wp-content\/uploads\/2022\/08\/Caracter_Des_Balises_2-16x7.png 16w, https:\/\/weathertoboat.ca\/wp-content\/uploads\/2022\/08\/Caracter_Des_Balises_2-240x112.png 240w\" sizes=\"(max-width: 922px) 100vw, 922px\" \/><\/p>\n<h3><strong>BIFURCATION TRIBORD<\/strong><\/h3>\n<p>Triangle rouge r\u00e9tror\u00e9fl\u00e9chissant sur un losange blanc, lui-m\u00eame entour\u00e9 d\u2019une bordure rouge fluorescente.<\/p>\n<p><strong>GUIDE DE L\u2019USAGER<\/strong><br \/>\nMarque le point d\u2019embranchement d\u2019un chenal et peut \u00eatre laiss\u00e9e sur b\u00e2bord ou sur tribord. Si on d\u00e9sire<br \/>\nemprunter le chenal pr\u00e9f\u00e9r\u00e9 (gauche), la balise de jour devrait \u00eatre laiss\u00e9e sur tribord (\u00e0 droite).<\/p>\n<h3><strong>TRIBORD<\/strong><\/h3>\n<p>Triangle rouge fluorescent centr\u00e9 sur un fond blanc et entour\u00e9 d\u2019une bordure r\u00e9tror\u00e9fl\u00e9chissante rouge. Peut montrer un nombre pair fait de mat\u00e9riau r\u00e9tror\u00e9fl\u00e9chissant blanc.<\/p>\n<p><strong>GUIDE DE L\u2019USAGER<\/strong><br \/>\nUn navire se dirigeant vers l\u2019amont doit laisser sur tribord (\u00e0 droite) une balise de jour de tribord.<\/p>","protected":false},"excerpt":{"rendered":"<p>AIDES LUMINEUSES MAJEURES Une aide lumineuse majeure peut \u00eatre munie d\u2019un feu principal et pouvant \u00eatre \u00e9quip\u00e9e d\u2019un signal de brume et\/ou d\u2019une balise radar. Les couleurs et les caract\u00e8ristiques des feux sont illustr\u00e9es sur la carte marine et sont indiqu\u00e9s dans le \u00ab Livre des feux, des bou\u00e9es et des signaux de brume \u00bb. [&hellip;]<\/p>","protected":false},"author":1,"featured_media":0,"parent":0,"menu_order":0,"comment_status":"closed","ping_status":"closed","template":"","meta":[],"_links":{"self":[{"href":"https:\/\/weathertoboat.ca\/fr\/wp-json\/wp\/v2\/pages\/4120"}],"collection":[{"href":"https:\/\/weathertoboat.ca\/fr\/wp-json\/wp\/v2\/pages"}],"about":[{"href":"https:\/\/weathertoboat.ca\/fr\/wp-json\/wp\/v2\/types\/page"}],"author":[{"embeddable":true,"href":"https:\/\/weathertoboat.ca\/fr\/wp-json\/wp\/v2\/users\/1"}],"replies":[{"embeddable":true,"href":"https:\/\/weathertoboat.ca\/fr\/wp-json\/wp\/v2\/comments?post=4120"}],"version-history":[{"count":4,"href":"https:\/\/weathertoboat.ca\/fr\/wp-json\/wp\/v2\/pages\/4120\/revisions"}],"predecessor-version":[{"id":4131,"href":"https:\/\/weathertoboat.ca\/fr\/wp-json\/wp\/v2\/pages\/4120\/revisions\/4131"}],"wp:attachment":[{"href":"https:\/\/weathertoboat.ca\/fr\/wp-json\/wp\/v2\/media?parent=4120"}],"curies":[{"name":"wp","href":"https:\/\/api.w.org\/{rel}","templated":true}]}}