{"id":4021,"date":"2022-08-24T19:53:51","date_gmt":"2022-08-24T19:53:51","guid":{"rendered":"https:\/\/weathertoboat.ca\/?page_id=4021"},"modified":"2022-08-24T21:29:08","modified_gmt":"2022-08-24T21:29:08","slug":"bouees-speciales","status":"publish","type":"page","link":"https:\/\/weathertoboat.ca\/fr\/bouees-speciales\/","title":{"rendered":"BOU\u00c9ES SP\u00c9CIALES"},"content":{"rendered":"<h1>BOU\u00c9ES SP\u00c9CIALES<\/h1>\n<p><strong>Description:<\/strong><\/p>\n<ul>\n<li>La forme n\u2019a aucune signification particuli\u00e8re<\/li>\n<li>Peut porter des lettres, mais aucun nombre<\/li>\n<li>Les bou\u00e9es d\u2019avertissement, les bou\u00e9es scientifiques et les bou\u00e9es de mouillage peuvent porter un voyant jaune en forme de \u00ab X \u00bb<\/li>\n<li>Feux jaunes \u2013 caract\u00e9ristiques des feux \u00e0 \u00e9clat (si \u00e9quip\u00e9e)<\/li>\n<li>Mat\u00e9riel r\u00e9tror\u00e9fl\u00e9chissant jaune<\/li>\n<\/ul>\n<h2><span style=\"color: #015a99;\">Avertissement<\/span><\/h2>\n<p><img loading=\"lazy\" class=\"aligncenter size-full wp-image-3989\" src=\"https:\/\/weathertoboat.ca\/wp-content\/uploads\/2022\/08\/cautionary.png\" alt=\"\" width=\"764\" height=\"528\" srcset=\"https:\/\/weathertoboat.ca\/wp-content\/uploads\/2022\/08\/cautionary.png 764w, https:\/\/weathertoboat.ca\/wp-content\/uploads\/2022\/08\/cautionary-300x207.png 300w, https:\/\/weathertoboat.ca\/wp-content\/uploads\/2022\/08\/cautionary-16x12.png 16w, https:\/\/weathertoboat.ca\/wp-content\/uploads\/2022\/08\/cautionary-240x166.png 240w\" sizes=\"(max-width: 764px) 100vw, 764px\" \/><\/p>\n<p>Une bou\u00e9e d\u2019avertissement indique des dangers comme des zones de tir, des pipelines sous-marins, des zones de r\u00e9gates, des bases d\u2019hydravions et des zones o\u00f9 il n\u2019existe aucun chenal.<\/p>\n<p>&nbsp;<\/p>\n<h2><span style=\"color: #015a99;\">Mouillage<\/span><\/h2>\n<p><img loading=\"lazy\" class=\"aligncenter wp-image-3990 size-full\" src=\"https:\/\/weathertoboat.ca\/wp-content\/uploads\/2022\/08\/anchorage.png\" alt=\"\" width=\"772\" height=\"484\" srcset=\"https:\/\/weathertoboat.ca\/wp-content\/uploads\/2022\/08\/anchorage.png 772w, https:\/\/weathertoboat.ca\/wp-content\/uploads\/2022\/08\/anchorage-300x188.png 300w, https:\/\/weathertoboat.ca\/wp-content\/uploads\/2022\/08\/anchorage-768x481.png 768w, https:\/\/weathertoboat.ca\/wp-content\/uploads\/2022\/08\/anchorage-16x10.png 16w, https:\/\/weathertoboat.ca\/wp-content\/uploads\/2022\/08\/anchorage-240x150.png 240w\" sizes=\"(max-width: 772px) 100vw, 772px\" \/><\/p>\n<p>Une bou\u00e9e de mouillage indique le p\u00e9rim\u00e8tre de zones de mouillage d\u00e9sign\u00e9es. Consulter la carte marine pour conna\u00eetre la profondeur des eaux.<\/p>\n<p>&nbsp;<\/p>\n<h2><span style=\"color: #015a99;\">Amarrage<\/span><\/h2>\n<p><img loading=\"lazy\" class=\"aligncenter wp-image-3992 size-full\" src=\"https:\/\/weathertoboat.ca\/wp-content\/uploads\/2022\/08\/mooring.png\" alt=\"\" width=\"756\" height=\"514\" srcset=\"https:\/\/weathertoboat.ca\/wp-content\/uploads\/2022\/08\/mooring.png 756w, https:\/\/weathertoboat.ca\/wp-content\/uploads\/2022\/08\/mooring-300x204.png 300w, https:\/\/weathertoboat.ca\/wp-content\/uploads\/2022\/08\/mooring-16x12.png 16w, https:\/\/weathertoboat.ca\/wp-content\/uploads\/2022\/08\/mooring-240x163.png 240w\" sizes=\"(max-width: 756px) 100vw, 756px\" \/><\/p>\n<p>Une bou\u00e9e d\u2019amarrage sert \u00e0 amarrer ou \u00e0 immobiliser un navire. Sachez qu\u2019un navire peut<br \/>\ny \u00eatre amarr\u00e9.<\/p>\n<p>&nbsp;<\/p>\n<h2><span style=\"color: #015a99;\">Renseignements<\/span><\/h2>\n<p><img loading=\"lazy\" class=\"aligncenter wp-image-3993 size-full\" src=\"https:\/\/weathertoboat.ca\/wp-content\/uploads\/2022\/08\/information.png\" alt=\"\" width=\"760\" height=\"438\" srcset=\"https:\/\/weathertoboat.ca\/wp-content\/uploads\/2022\/08\/information.png 760w, https:\/\/weathertoboat.ca\/wp-content\/uploads\/2022\/08\/information-300x173.png 300w, https:\/\/weathertoboat.ca\/wp-content\/uploads\/2022\/08\/information-16x9.png 16w, https:\/\/weathertoboat.ca\/wp-content\/uploads\/2022\/08\/information-240x138.png 240w\" sizes=\"(max-width: 760px) 100vw, 760px\" \/><\/p>\n<p>Une bou\u00e9e de renseignements pr\u00e9sente des renseignements comme des noms d\u2019emplacements, de ports de plaisance, de terrains de camping, etc. Ces renseignements sont inscrits \u00e0 l\u2019int\u00e9rieur du <strong>carr\u00e9<\/strong> orange.<\/p>\n<p>&nbsp;<\/p>\n<h2><span style=\"color: #015a99;\">Obstacle<\/span><\/h2>\n<p><img loading=\"lazy\" class=\"aligncenter wp-image-3994 size-full\" src=\"https:\/\/weathertoboat.ca\/wp-content\/uploads\/2022\/08\/hazard.png\" alt=\"\" width=\"762\" height=\"484\" srcset=\"https:\/\/weathertoboat.ca\/wp-content\/uploads\/2022\/08\/hazard.png 762w, https:\/\/weathertoboat.ca\/wp-content\/uploads\/2022\/08\/hazard-300x191.png 300w, https:\/\/weathertoboat.ca\/wp-content\/uploads\/2022\/08\/hazard-16x10.png 16w, https:\/\/weathertoboat.ca\/wp-content\/uploads\/2022\/08\/hazard-240x152.png 240w\" sizes=\"(max-width: 762px) 100vw, 762px\" \/><\/p>\n<p>Une bou\u00e9e d\u2019obstacle balise les obstacles trouv\u00e9s au hasard tels des petits hauts-fonds ou des roches. Ces renseignements sont illustr\u00e9s \u00e0 l\u2019int\u00e9rieur du <strong>losange<\/strong> orange.<\/p>\n<p>&nbsp;<\/p>\n<h2><span style=\"color: #015a99;\">Contr\u00f4le<\/span><\/h2>\n<p><img loading=\"lazy\" class=\"aligncenter wp-image-3995 size-full\" src=\"https:\/\/weathertoboat.ca\/wp-content\/uploads\/2022\/08\/control.png\" alt=\"\" width=\"766\" height=\"440\" srcset=\"https:\/\/weathertoboat.ca\/wp-content\/uploads\/2022\/08\/control.png 766w, https:\/\/weathertoboat.ca\/wp-content\/uploads\/2022\/08\/control-300x172.png 300w, https:\/\/weathertoboat.ca\/wp-content\/uploads\/2022\/08\/control-16x9.png 16w, https:\/\/weathertoboat.ca\/wp-content\/uploads\/2022\/08\/control-240x138.png 240w\" sizes=\"(max-width: 766px) 100vw, 766px\" \/><\/p>\n<p>Une bou\u00e9e de contr\u00f4le indique, \u00e0 l\u2019int\u00e9rieur du <strong>cercle<\/strong> orange, des limites de vitesse, des restrictions de sillage, etc.<\/p>\n<p>&nbsp;<\/p>\n<h2><span style=\"color: #015a99;\">Endroit interdit<\/span><\/h2>\n<p><img loading=\"lazy\" class=\"aligncenter wp-image-3997 size-full\" src=\"https:\/\/weathertoboat.ca\/wp-content\/uploads\/2022\/08\/scientific.png\" alt=\"\" width=\"750\" height=\"466\" srcset=\"https:\/\/weathertoboat.ca\/wp-content\/uploads\/2022\/08\/scientific.png 750w, https:\/\/weathertoboat.ca\/wp-content\/uploads\/2022\/08\/scientific-300x186.png 300w, https:\/\/weathertoboat.ca\/wp-content\/uploads\/2022\/08\/scientific-16x10.png 16w, https:\/\/weathertoboat.ca\/wp-content\/uploads\/2022\/08\/scientific-240x149.png 240w\" sizes=\"(max-width: 750px) 100vw, 750px\" \/><\/p>\n<p>Une bou\u00e9e d\u2019endroit interdit signale une zone interdite aux embarcations.<\/p>\n<p>&nbsp;<\/p>\n<h2><span style=\"color: #015a99;\">Scientifique (SADO)<\/span><\/h2>\n<p><img loading=\"lazy\" class=\"aligncenter wp-image-3997 size-full\" src=\"https:\/\/weathertoboat.ca\/wp-content\/uploads\/2022\/08\/scientific.png\" alt=\"\" width=\"750\" height=\"466\" srcset=\"https:\/\/weathertoboat.ca\/wp-content\/uploads\/2022\/08\/scientific.png 750w, https:\/\/weathertoboat.ca\/wp-content\/uploads\/2022\/08\/scientific-300x186.png 300w, https:\/\/weathertoboat.ca\/wp-content\/uploads\/2022\/08\/scientific-16x10.png 16w, https:\/\/weathertoboat.ca\/wp-content\/uploads\/2022\/08\/scientific-240x149.png 240w\" sizes=\"(max-width: 750px) 100vw, 750px\" \/><\/p>\n<p>Une bou\u00e9e de syst\u00e8me d\u2019acquisition de donn\u00e9es oc\u00e9aniques recueille des donn\u00e9es m\u00e9teorologiques et d\u2019autres donn\u00e9es scientifiques.<\/p>\n<p>&nbsp;<\/p>\n<h2><span style=\"color: #015a99;\">Plong\u00e9e<\/span><\/h2>\n<p><img loading=\"lazy\" class=\"aligncenter wp-image-3998 size-full\" src=\"https:\/\/weathertoboat.ca\/wp-content\/uploads\/2022\/08\/diving.png\" alt=\"\" width=\"694\" height=\"470\" srcset=\"https:\/\/weathertoboat.ca\/wp-content\/uploads\/2022\/08\/diving.png 694w, https:\/\/weathertoboat.ca\/wp-content\/uploads\/2022\/08\/diving-300x203.png 300w, https:\/\/weathertoboat.ca\/wp-content\/uploads\/2022\/08\/diving-16x12.png 16w, https:\/\/weathertoboat.ca\/wp-content\/uploads\/2022\/08\/diving-240x163.png 240w\" sizes=\"(max-width: 694px) 100vw, 694px\" \/><\/p>\n<p>Une bou\u00e9e de plong\u00e9e signale une zone o\u00f9 des activit\u00e9s de plong\u00e9e en scaphandre autonome ou autres sont <strong>en cours<\/strong>. Cette bou\u00e9e n\u2019est habituellement pas indiqu\u00e9e sur les cartes marines.<\/p>\n<p>&nbsp;<\/p>\n<h2><span style=\"color: #015a99;\">Natation<\/span><\/h2>\n<p><img loading=\"lazy\" class=\"aligncenter wp-image-3999 size-full\" src=\"https:\/\/weathertoboat.ca\/wp-content\/uploads\/2022\/08\/swimming.png\" alt=\"\" width=\"664\" height=\"438\" srcset=\"https:\/\/weathertoboat.ca\/wp-content\/uploads\/2022\/08\/swimming.png 664w, https:\/\/weathertoboat.ca\/wp-content\/uploads\/2022\/08\/swimming-300x198.png 300w, https:\/\/weathertoboat.ca\/wp-content\/uploads\/2022\/08\/swimming-16x12.png 16w, https:\/\/weathertoboat.ca\/wp-content\/uploads\/2022\/08\/swimming-240x158.png 240w\" sizes=\"(max-width: 664px) 100vw, 664px\" \/><\/p>\n<p>Une bou\u00e9e de natation balise le p\u00e9rim\u00e8tre d\u2019une zone r\u00e9serv\u00e9e \u00e0 la natation. Il se peut que cette bou\u00e9e ne soit pas indiqu\u00e9e sur les cartes marines.<\/p>\n<p>&nbsp;<\/p>","protected":false},"excerpt":{"rendered":"<p>BOU\u00c9ES SP\u00c9CIALES Description: La forme n\u2019a aucune signification particuli\u00e8re Peut porter des lettres, mais aucun nombre Les bou\u00e9es d\u2019avertissement, les bou\u00e9es scientifiques et les bou\u00e9es de mouillage peuvent porter un voyant jaune en forme de \u00ab X \u00bb Feux jaunes \u2013 caract\u00e9ristiques des feux \u00e0 \u00e9clat (si \u00e9quip\u00e9e) Mat\u00e9riel r\u00e9tror\u00e9fl\u00e9chissant jaune Avertissement Une bou\u00e9e d\u2019avertissement [&hellip;]<\/p>","protected":false},"author":1,"featured_media":0,"parent":0,"menu_order":0,"comment_status":"closed","ping_status":"closed","template":"","meta":[],"_links":{"self":[{"href":"https:\/\/weathertoboat.ca\/fr\/wp-json\/wp\/v2\/pages\/4021"}],"collection":[{"href":"https:\/\/weathertoboat.ca\/fr\/wp-json\/wp\/v2\/pages"}],"about":[{"href":"https:\/\/weathertoboat.ca\/fr\/wp-json\/wp\/v2\/types\/page"}],"author":[{"embeddable":true,"href":"https:\/\/weathertoboat.ca\/fr\/wp-json\/wp\/v2\/users\/1"}],"replies":[{"embeddable":true,"href":"https:\/\/weathertoboat.ca\/fr\/wp-json\/wp\/v2\/comments?post=4021"}],"version-history":[{"count":3,"href":"https:\/\/weathertoboat.ca\/fr\/wp-json\/wp\/v2\/pages\/4021\/revisions"}],"predecessor-version":[{"id":4024,"href":"https:\/\/weathertoboat.ca\/fr\/wp-json\/wp\/v2\/pages\/4021\/revisions\/4024"}],"wp:attachment":[{"href":"https:\/\/weathertoboat.ca\/fr\/wp-json\/wp\/v2\/media?parent=4021"}],"curies":[{"name":"wp","href":"https:\/\/api.w.org\/{rel}","templated":true}]}}