{"id":4018,"date":"2022-08-24T16:05:31","date_gmt":"2022-08-24T16:05:31","guid":{"rendered":"https:\/\/weathertoboat.ca\/?page_id=4018"},"modified":"2022-08-24T16:05:31","modified_gmt":"2022-08-24T16:05:31","slug":"bouees-cardinales","status":"publish","type":"page","link":"https:\/\/weathertoboat.ca\/fr\/bouees-cardinales\/","title":{"rendered":"BOU\u00c9ES CARDINALES"},"content":{"rendered":"<h1>BOU\u00c9ES CARDINALES<\/h1>\n<p><img loading=\"lazy\" class=\"aligncenter wp-image-4019 size-full\" src=\"https:\/\/weathertoboat.ca\/wp-content\/uploads\/2022\/08\/cardinal-buoys-topmark-FR.png\" alt=\"\" width=\"1404\" height=\"938\" srcset=\"https:\/\/weathertoboat.ca\/wp-content\/uploads\/2022\/08\/cardinal-buoys-topmark-FR.png 1404w, https:\/\/weathertoboat.ca\/wp-content\/uploads\/2022\/08\/cardinal-buoys-topmark-FR-300x200.png 300w, https:\/\/weathertoboat.ca\/wp-content\/uploads\/2022\/08\/cardinal-buoys-topmark-FR-768x513.png 768w, https:\/\/weathertoboat.ca\/wp-content\/uploads\/2022\/08\/cardinal-buoys-topmark-FR-16x12.png 16w, https:\/\/weathertoboat.ca\/wp-content\/uploads\/2022\/08\/cardinal-buoys-topmark-FR-240x160.png 240w\" sizes=\"(max-width: 1404px) 100vw, 1404px\" \/><\/p>\n<p><strong>Description:<\/strong><\/p>\n<ul>\n<li>Jaune et noire<\/li>\n<li>Feux blancs &#8211; Voir les caract\u00e9ristiques des feux \u00e0 \u00e9clat si la bou\u00e9e est \u00e9quip\u00e9e d\u2019un feu<\/li>\n<li>La direction vers laquelle pointe les deux (2) marques de forme conique indique l\u2019endroit o\u00f9 les eaux sont s\u00e9curitaires (voir la description des voyants)<\/li>\n<li>Les marques de forme conique indiquent le ou les endroits o\u00f9 apparaissent les bandes noires sur la bou\u00e9e (voir la description des voyants)<\/li>\n<li>Lettre(s) \u2013 aucun nombre<\/li>\n<li>Mat\u00e9riel r\u00e9tror\u00e9fl\u00e9chissant blanc<\/li>\n<\/ul>\n<h2><span style=\"color: #015a99;\">Caract\u00e9ristiques des feux \u00e0 \u00e9clat<\/span><\/h2>\n<p>&nbsp;<\/p>\n<h3><span style=\"color: #015a99;\">NORD<\/span><\/h3>\n<p>&nbsp;<\/p>\n<p><img loading=\"lazy\" class=\"size-full wp-image-3975 aligncenter\" src=\"https:\/\/weathertoboat.ca\/wp-content\/uploads\/2022\/08\/north.png\" alt=\"\" width=\"774\" height=\"404\" srcset=\"https:\/\/weathertoboat.ca\/wp-content\/uploads\/2022\/08\/north.png 774w, https:\/\/weathertoboat.ca\/wp-content\/uploads\/2022\/08\/north-300x157.png 300w, https:\/\/weathertoboat.ca\/wp-content\/uploads\/2022\/08\/north-768x401.png 768w, https:\/\/weathertoboat.ca\/wp-content\/uploads\/2022\/08\/north-16x8.png 16w, https:\/\/weathertoboat.ca\/wp-content\/uploads\/2022\/08\/north-240x125.png 240w\" sizes=\"(max-width: 774px) 100vw, 774px\" \/><\/p>\n<p>&nbsp;<\/p>\n<h3><span style=\"color: #015a99;\">EST<\/span><\/h3>\n<p>&nbsp;<\/p>\n<p><img loading=\"lazy\" class=\"size-full wp-image-3974 aligncenter\" src=\"https:\/\/weathertoboat.ca\/wp-content\/uploads\/2022\/08\/east.png\" alt=\"\" width=\"770\" height=\"404\" srcset=\"https:\/\/weathertoboat.ca\/wp-content\/uploads\/2022\/08\/east.png 770w, https:\/\/weathertoboat.ca\/wp-content\/uploads\/2022\/08\/east-300x157.png 300w, https:\/\/weathertoboat.ca\/wp-content\/uploads\/2022\/08\/east-768x403.png 768w, https:\/\/weathertoboat.ca\/wp-content\/uploads\/2022\/08\/east-16x8.png 16w, https:\/\/weathertoboat.ca\/wp-content\/uploads\/2022\/08\/east-240x126.png 240w\" sizes=\"(max-width: 770px) 100vw, 770px\" \/><\/p>\n<p>&nbsp;<\/p>\n<h3><span style=\"color: #015a99;\">SUD<\/span><\/h3>\n<p>&nbsp;<\/p>\n<p><img loading=\"lazy\" class=\"aligncenter wp-image-3981 size-full\" src=\"https:\/\/weathertoboat.ca\/wp-content\/uploads\/2022\/08\/south-r.png\" alt=\"\" width=\"770\" height=\"402\" srcset=\"https:\/\/weathertoboat.ca\/wp-content\/uploads\/2022\/08\/south-r.png 770w, https:\/\/weathertoboat.ca\/wp-content\/uploads\/2022\/08\/south-r-300x157.png 300w, https:\/\/weathertoboat.ca\/wp-content\/uploads\/2022\/08\/south-r-768x401.png 768w, https:\/\/weathertoboat.ca\/wp-content\/uploads\/2022\/08\/south-r-16x8.png 16w, https:\/\/weathertoboat.ca\/wp-content\/uploads\/2022\/08\/south-r-240x125.png 240w\" sizes=\"(max-width: 770px) 100vw, 770px\" \/><\/p>\n<p>&nbsp;<\/p>\n<h3><span style=\"color: #015a99;\">QUEST<\/span><\/h3>\n<p>&nbsp;<\/p>\n<p><img loading=\"lazy\" class=\"size-full wp-image-3979 aligncenter\" src=\"https:\/\/weathertoboat.ca\/wp-content\/uploads\/2022\/08\/west.png\" alt=\"\" width=\"768\" height=\"400\" srcset=\"https:\/\/weathertoboat.ca\/wp-content\/uploads\/2022\/08\/west.png 768w, https:\/\/weathertoboat.ca\/wp-content\/uploads\/2022\/08\/west-300x156.png 300w, https:\/\/weathertoboat.ca\/wp-content\/uploads\/2022\/08\/west-16x8.png 16w, https:\/\/weathertoboat.ca\/wp-content\/uploads\/2022\/08\/west-240x125.png 240w\" sizes=\"(max-width: 768px) 100vw, 768px\" \/><\/p>","protected":false},"excerpt":{"rendered":"<p>BOU\u00c9ES CARDINALES Description: Jaune et noire Feux blancs &#8211; Voir les caract\u00e9ristiques des feux \u00e0 \u00e9clat si la bou\u00e9e est \u00e9quip\u00e9e d\u2019un feu La direction vers laquelle pointe les deux (2) marques de forme conique indique l\u2019endroit o\u00f9 les eaux sont s\u00e9curitaires (voir la description des voyants) Les marques de forme conique indiquent le ou [&hellip;]<\/p>","protected":false},"author":1,"featured_media":0,"parent":0,"menu_order":0,"comment_status":"closed","ping_status":"closed","template":"","meta":[],"_links":{"self":[{"href":"https:\/\/weathertoboat.ca\/fr\/wp-json\/wp\/v2\/pages\/4018"}],"collection":[{"href":"https:\/\/weathertoboat.ca\/fr\/wp-json\/wp\/v2\/pages"}],"about":[{"href":"https:\/\/weathertoboat.ca\/fr\/wp-json\/wp\/v2\/types\/page"}],"author":[{"embeddable":true,"href":"https:\/\/weathertoboat.ca\/fr\/wp-json\/wp\/v2\/users\/1"}],"replies":[{"embeddable":true,"href":"https:\/\/weathertoboat.ca\/fr\/wp-json\/wp\/v2\/comments?post=4018"}],"version-history":[{"count":1,"href":"https:\/\/weathertoboat.ca\/fr\/wp-json\/wp\/v2\/pages\/4018\/revisions"}],"predecessor-version":[{"id":4020,"href":"https:\/\/weathertoboat.ca\/fr\/wp-json\/wp\/v2\/pages\/4018\/revisions\/4020"}],"wp:attachment":[{"href":"https:\/\/weathertoboat.ca\/fr\/wp-json\/wp\/v2\/media?parent=4018"}],"curies":[{"name":"wp","href":"https:\/\/api.w.org\/{rel}","templated":true}]}}