{"id":4016,"date":"2022-08-24T13:27:22","date_gmt":"2022-08-24T13:27:22","guid":{"rendered":"https:\/\/weathertoboat.ca\/?page_id=4016"},"modified":"2022-08-24T13:27:22","modified_gmt":"2022-08-24T13:27:22","slug":"bouees-laterales","status":"publish","type":"page","link":"https:\/\/weathertoboat.ca\/fr\/bouees-laterales\/","title":{"rendered":"BOU\u00c9ES LAT\u00c9RALES"},"content":{"rendered":"<h1>BOU\u00c9ES LAT\u00c9RALES<\/h1>\n<p><img loading=\"lazy\" class=\"aligncenter size-full wp-image-4014\" src=\"https:\/\/weathertoboat.ca\/wp-content\/uploads\/2022\/08\/lateral-buoys.png\" alt=\"\" width=\"1882\" height=\"2240\" srcset=\"https:\/\/weathertoboat.ca\/wp-content\/uploads\/2022\/08\/lateral-buoys.png 1882w, https:\/\/weathertoboat.ca\/wp-content\/uploads\/2022\/08\/lateral-buoys-252x300.png 252w, https:\/\/weathertoboat.ca\/wp-content\/uploads\/2022\/08\/lateral-buoys-768x914.png 768w, https:\/\/weathertoboat.ca\/wp-content\/uploads\/2022\/08\/lateral-buoys-1291x1536.png 1291w, https:\/\/weathertoboat.ca\/wp-content\/uploads\/2022\/08\/lateral-buoys-1721x2048.png 1721w, https:\/\/weathertoboat.ca\/wp-content\/uploads\/2022\/08\/lateral-buoys-10x12.png 10w, https:\/\/weathertoboat.ca\/wp-content\/uploads\/2022\/08\/lateral-buoys-151x180.png 151w\" sizes=\"(max-width: 1882px) 100vw, 1882px\" \/><\/p>\n<ol>\n<li style=\"list-style-type: none;\">\n<ol>\n<li><strong>De b\u00e2bord<\/strong> (espar vert) Gardez cette bou\u00e9e sur b\u00e2bord (\u00e0 gauche) lorsque vous vous dirigez vers l\u2019amont.<\/li>\n<li><strong>De bifurcation<\/strong> (bandes rouges et vertes) Passez d\u2019un c\u00f4t\u00e9 ou de l\u2019autre de cette bou\u00e9e (\u00e0 gauche ou \u00e0 droite) lorsque vous vous dirigez vers l\u2019amont. Le chenal principal ou \u00e0 privil\u00e9gier est indiqu\u00e9 par la couleur de la bande sup\u00e9rieure de la bou\u00e9e. Dans cet exemple, il est pr\u00e9f\u00e9rable de garder la bou\u00e9e sur tribord (\u00e0 droite).<\/li>\n<li><strong>De b\u00e2bord<\/strong> (cylindrique verte) Gardez cette bou\u00e9e sur b\u00e2bord (\u00e0 gauche) lorsque vous vous dirigez vers l\u2019amont.<\/li>\n<li><strong>De b\u00e2bord<\/strong> (charpente verte) Gardez cette bou\u00e9e sur b\u00e2bord (\u00e0 gauche) lorsque vous vous dirigez vers l\u2019amont.<\/li>\n<li><strong>De tribord<\/strong> (espar rouge) Gardez cette bou\u00e9e sur tribord (\u00e0 droite) lorsque vous vous dirigez vers l\u2019amont.<\/li>\n<li><strong>De tribord<\/strong> (conique rouge) Gardez cette bou\u00e9e sur tribord (\u00e0 droite) lorsque vous vous dirigez vers l\u2019amont.<\/li>\n<li><strong>De tribord<\/strong> (charpente rouge) Gardez cette bou\u00e9e sur tribord (\u00e0 droite) lorsque vous vous dirigez vers l\u2019amont.<\/li>\n<\/ol>\n<\/li>\n<\/ol>\n<p>&nbsp;<\/p>\n<h2><span style=\"color: #015a99;\">MI-CHENAL<\/span><\/h2>\n<p><img loading=\"lazy\" class=\"aligncenter size-full wp-image-4009\" src=\"https:\/\/weathertoboat.ca\/wp-content\/uploads\/2022\/08\/fairway.png\" alt=\"\" width=\"1882\" height=\"950\" srcset=\"https:\/\/weathertoboat.ca\/wp-content\/uploads\/2022\/08\/fairway.png 1882w, https:\/\/weathertoboat.ca\/wp-content\/uploads\/2022\/08\/fairway-300x151.png 300w, https:\/\/weathertoboat.ca\/wp-content\/uploads\/2022\/08\/fairway-768x388.png 768w, https:\/\/weathertoboat.ca\/wp-content\/uploads\/2022\/08\/fairway-1536x775.png 1536w, https:\/\/weathertoboat.ca\/wp-content\/uploads\/2022\/08\/fairway-16x8.png 16w, https:\/\/weathertoboat.ca\/wp-content\/uploads\/2022\/08\/fairway-240x121.png 240w\" sizes=\"(max-width: 1882px) 100vw, 1882px\" \/><br \/>\nCette bou\u00e9e indique une zone d\u2019eau s\u00e9curitaire et signale des atterrages, l\u2019entr\u00e9e ou le milieu des chenaux. Vous pouvez passer de chaque c\u00f4t\u00e9 de la bou\u00e9e, mais il est pr\u00e9f\u00e9rable de la garder sur b\u00e2bord (\u00e0 gauche).<\/p>\n<h2><span style=\"color: #015a99;\">DANGER ISOL\u00c9<\/span><\/h2>\n<p><img loading=\"lazy\" class=\"aligncenter wp-image-4010 size-full\" src=\"https:\/\/weathertoboat.ca\/wp-content\/uploads\/2022\/08\/isolated-danger.png\" alt=\"\" width=\"1806\" height=\"900\" srcset=\"https:\/\/weathertoboat.ca\/wp-content\/uploads\/2022\/08\/isolated-danger.png 1806w, https:\/\/weathertoboat.ca\/wp-content\/uploads\/2022\/08\/isolated-danger-300x150.png 300w, https:\/\/weathertoboat.ca\/wp-content\/uploads\/2022\/08\/isolated-danger-768x383.png 768w, https:\/\/weathertoboat.ca\/wp-content\/uploads\/2022\/08\/isolated-danger-1536x765.png 1536w, https:\/\/weathertoboat.ca\/wp-content\/uploads\/2022\/08\/isolated-danger-16x8.png 16w, https:\/\/weathertoboat.ca\/wp-content\/uploads\/2022\/08\/isolated-danger-240x120.png 240w\" sizes=\"(max-width: 1806px) 100vw, 1806px\" \/><br \/>\nCette bou\u00e9e indique un danger isol\u00e9, comme un petit r\u00e9cif ou une \u00e9pave, entour\u00e9 d\u2019eau navigable s\u00e9curitaire. Consultez la carte marine pour plus de d\u00e9tails concernant le danger (dimensions, profondeurs, etc.)<\/p>","protected":false},"excerpt":{"rendered":"<p>BOU\u00c9ES LAT\u00c9RALES De b\u00e2bord (espar vert) Gardez cette bou\u00e9e sur b\u00e2bord (\u00e0 gauche) lorsque vous vous dirigez vers l\u2019amont. De bifurcation (bandes rouges et vertes) Passez d\u2019un c\u00f4t\u00e9 ou de l\u2019autre de cette bou\u00e9e (\u00e0 gauche ou \u00e0 droite) lorsque vous vous dirigez vers l\u2019amont. Le chenal principal ou \u00e0 privil\u00e9gier est indiqu\u00e9 par la [&hellip;]<\/p>","protected":false},"author":1,"featured_media":0,"parent":0,"menu_order":0,"comment_status":"closed","ping_status":"closed","template":"","meta":[],"_links":{"self":[{"href":"https:\/\/weathertoboat.ca\/fr\/wp-json\/wp\/v2\/pages\/4016"}],"collection":[{"href":"https:\/\/weathertoboat.ca\/fr\/wp-json\/wp\/v2\/pages"}],"about":[{"href":"https:\/\/weathertoboat.ca\/fr\/wp-json\/wp\/v2\/types\/page"}],"author":[{"embeddable":true,"href":"https:\/\/weathertoboat.ca\/fr\/wp-json\/wp\/v2\/users\/1"}],"replies":[{"embeddable":true,"href":"https:\/\/weathertoboat.ca\/fr\/wp-json\/wp\/v2\/comments?post=4016"}],"version-history":[{"count":1,"href":"https:\/\/weathertoboat.ca\/fr\/wp-json\/wp\/v2\/pages\/4016\/revisions"}],"predecessor-version":[{"id":4017,"href":"https:\/\/weathertoboat.ca\/fr\/wp-json\/wp\/v2\/pages\/4016\/revisions\/4017"}],"wp:attachment":[{"href":"https:\/\/weathertoboat.ca\/fr\/wp-json\/wp\/v2\/media?parent=4016"}],"curies":[{"name":"wp","href":"https:\/\/api.w.org\/{rel}","templated":true}]}}