{"id":3968,"date":"2022-08-23T20:59:06","date_gmt":"2022-08-23T20:59:06","guid":{"rendered":"https:\/\/weathertoboat.ca\/?page_id=3968"},"modified":"2022-08-23T20:59:06","modified_gmt":"2022-08-23T20:59:06","slug":"aides-a-la-navigation","status":"publish","type":"page","link":"https:\/\/weathertoboat.ca\/fr\/aides-a-la-navigation\/","title":{"rendered":"Aides \u00e0 la navigation"},"content":{"rendered":"<div>\n      <img src=\"https:\/\/weathertoboat.ca\/wp-content\/uploads\/2022\/08\/navigation_aids.jpg\" style=\"display: block; width: 100%; height: auto; margin-left: auto; margin-right: auto;\">\n    <\/div>\n<h3 id=\"aidesLaNavigation-heading10\" style=\"color:#000000;\">Aides \u00e0 la navigation<\/h3>\n<div id=\"aidesLaNavigation-markdown8\" class=\"show-list-numbers-and-dots\">\n<p style=\"color:#000000;\">Comme sur la route, on voit sur l\u2019eau des signaux con\u00e7us pour nous aider : les aides \u00e0 la navigation. Elles indiquent o\u00f9 se trouvent les voies de navigation s\u00fbres et les dangers ou encore des restrictions de vitesse. Les aides que l\u2019on voit le plus<br \/>\n        souvent sont les bou\u00e9es lat\u00e9rales et les balises de jour ordinaires :<\/p>\n<\/p><\/div>\n<h4 id=\"aidesLaNavigation-heading11\" style=\"color:#000000;text-align:center;\">Bou\u00e9es lat\u00e9rales<\/h4>\n<div>\n      <img src=\"https:\/\/weathertoboat.ca\/wp-content\/uploads\/2022\/08\/lateral_bouys.png\" style=\"display: block; width: 100%; height: auto; margin-left: auto; margin-right: auto;\">\n    <\/div>\n<div class=\"spacer\" style=\"width: 300px; height: 47px;\"><\/div>\n<h4 id=\"aidesLaNavigation-heading12\" style=\"color:#000000;text-align:center;\">Balises de jour ordinaires<\/h4>\n<div>\n      <img src=\"https:\/\/weathertoboat.ca\/wp-content\/uploads\/2022\/08\/porthand.png\" style=\"display: block; width: 100%; height: auto; margin-left: auto; margin-right: auto;\">\n    <\/div>\n<div id=\"aidesLaNavigation-markdown9\" class=\"show-list-numbers-and-dots\">\n<p style=\"color:#000000;\">\n        <strong>B\u00e2bord<\/strong>: Quand vous remontez le courant, laissez une balise de jour b\u00e2bord sur votre c\u00f4t\u00e9 b\u00e2bord (gauche).<\/p>\n<\/p><\/div>\n<div>\n      <img src=\"https:\/\/weathertoboat.ca\/wp-content\/uploads\/2022\/08\/junction_right.png\" style=\"display: block; width: 100%; height: auto; margin-left: auto; margin-right: auto;\">\n    <\/div>\n<div id=\"aidesLaNavigation-markdown10\" class=\"show-list-numbers-and-dots\">\n<p style=\"color:#000000;\">\n        <strong>Jonction<\/strong>: chenal pr\u00e9f\u00e9r\u00e9 \u00e0 droite) Cette balise de jour indique l\u2019endroit o\u00f9 le chenal se s\u00e9pare et peut \u00eatre emprunt\u00e9 d\u2019un c\u00f4t\u00e9 ou de l\u2019autre. Pour le prendre \u00e0 droite, laissez cette balise sur votre c\u00f4t\u00e9 b\u00e2bord (gauche).<\/p>\n<\/p><\/div>\n<div>\n      <img src=\"https:\/\/weathertoboat.ca\/wp-content\/uploads\/2022\/08\/starboardhand.png\" style=\"display: block; width: 100%; height: auto; margin-left: auto; margin-right: auto;\">\n    <\/div>\n<div id=\"aidesLaNavigation-markdown11\" class=\"show-list-numbers-and-dots\">\n<p style=\"color:#000000;\">\n        <strong>C\u00f4t\u00e9 tribord<\/strong>: Quand vous remontez le courant, laissez une balise de jour tribord sur votre c\u00f4t\u00e9 tribord (droit).<\/p>\n<\/p><\/div>\n<div>\n      <img src=\"https:\/\/weathertoboat.ca\/wp-content\/uploads\/2022\/08\/junction_left.png\" style=\"display: block; width: 100%; height: auto; margin-left: auto; margin-right: auto;\">\n    <\/div>\n<div id=\"aidesLaNavigation-markdown12\" class=\"show-list-numbers-and-dots\">\n<p style=\"color:#000000;\">\n        <strong>Jonction<\/strong>: (Chenal pr\u00e9f\u00e9r\u00e9 \u00e0 gauche) Cette balise de jour indique l\u2019endroit o\u00f9 le chenal se s\u00e9pare et peut \u00eatre emprunt\u00e9 d\u2019un c\u00f4t\u00e9 ou de l\u2019autre. Pour le prendre \u00e0 gauche, laissez cette balise sur votre c\u00f4t\u00e9 tribord (droit).<\/p>\n<\/p><\/div>","protected":false},"excerpt":{"rendered":"<p>Aides \u00e0 la navigation Comme sur la route, on voit sur l\u2019eau des signaux con\u00e7us pour nous aider : les aides \u00e0 la navigation. Elles indiquent o\u00f9 se trouvent les voies de navigation s\u00fbres et les dangers ou encore des restrictions de vitesse. Les aides que l\u2019on voit le plus souvent sont les bou\u00e9es lat\u00e9rales [&hellip;]<\/p>","protected":false},"author":1,"featured_media":0,"parent":0,"menu_order":0,"comment_status":"closed","ping_status":"closed","template":"","meta":[],"_links":{"self":[{"href":"https:\/\/weathertoboat.ca\/fr\/wp-json\/wp\/v2\/pages\/3968"}],"collection":[{"href":"https:\/\/weathertoboat.ca\/fr\/wp-json\/wp\/v2\/pages"}],"about":[{"href":"https:\/\/weathertoboat.ca\/fr\/wp-json\/wp\/v2\/types\/page"}],"author":[{"embeddable":true,"href":"https:\/\/weathertoboat.ca\/fr\/wp-json\/wp\/v2\/users\/1"}],"replies":[{"embeddable":true,"href":"https:\/\/weathertoboat.ca\/fr\/wp-json\/wp\/v2\/comments?post=3968"}],"version-history":[{"count":1,"href":"https:\/\/weathertoboat.ca\/fr\/wp-json\/wp\/v2\/pages\/3968\/revisions"}],"predecessor-version":[{"id":3969,"href":"https:\/\/weathertoboat.ca\/fr\/wp-json\/wp\/v2\/pages\/3968\/revisions\/3969"}],"wp:attachment":[{"href":"https:\/\/weathertoboat.ca\/fr\/wp-json\/wp\/v2\/media?parent=3968"}],"curies":[{"name":"wp","href":"https:\/\/api.w.org\/{rel}","templated":true}]}}