{"id":3922,"date":"2022-08-17T02:48:33","date_gmt":"2022-08-17T02:48:33","guid":{"rendered":"https:\/\/weathertoboat.ca\/?page_id=3922"},"modified":"2022-08-17T02:48:33","modified_gmt":"2022-08-17T02:48:33","slug":"grapnel-fre","status":"publish","type":"page","link":"https:\/\/weathertoboat.ca\/fr\/grapnel-fre\/","title":{"rendered":"Grapnel FRE"},"content":{"rendered":"<h2>Les ancres \u00e0 grappin<\/h2>\n<p>Les ancres \u00e0 grappin pliant sont destin\u00e9es aux fonds marins compos\u00e9s de roches et de d\u2019herbes denses\u2026l\u00e0 o\u00f9 elles peuvent s\u2019agripper \u00e0 quelque chose. Ces ancres sont compactes et se rangent facilement. Cependant, elles sont moins utiles dans le sable et la vase.<br \/>\n<br \/>\n<div class=\"epyt-video-wrapper\"><iframe  id=\"_ytid_13184\"  width=\"480\" height=\"270\"  data-origwidth=\"480\" data-origheight=\"270\"  data-relstop=\"1\" src=\"https:\/\/www.youtube.com\/embed\/sqYZ_zrFJzg?enablejsapi=1&autoplay=0&cc_load_policy=0&iv_load_policy=1&loop=0&modestbranding=1&fs=1&playsinline=0&controls=1&color=red&cc_lang_pref=&rel=0&autohide=2&theme=dark&\" class=\"__youtube_prefs__  no-lazyload\" title=\"YouTube player\"  allow=\"accelerometer; autoplay; clipboard-write; encrypted-media; gyroscope; picture-in-picture\" allowfullscreen data-no-lazy=\"1\" data-skipgform_ajax_framebjll=\"\"><\/iframe><\/div><\/p>","protected":false},"excerpt":{"rendered":"<p>Les ancres \u00e0 grappin Les ancres \u00e0 grappin pliant sont destin\u00e9es aux fonds marins compos\u00e9s de roches et de d\u2019herbes denses\u2026l\u00e0 o\u00f9 elles peuvent s\u2019agripper \u00e0 quelque chose. Ces ancres sont compactes et se rangent facilement. Cependant, elles sont moins utiles dans le sable et la vase.<\/p>","protected":false},"author":1,"featured_media":0,"parent":0,"menu_order":0,"comment_status":"closed","ping_status":"closed","template":"","meta":[],"_links":{"self":[{"href":"https:\/\/weathertoboat.ca\/fr\/wp-json\/wp\/v2\/pages\/3922"}],"collection":[{"href":"https:\/\/weathertoboat.ca\/fr\/wp-json\/wp\/v2\/pages"}],"about":[{"href":"https:\/\/weathertoboat.ca\/fr\/wp-json\/wp\/v2\/types\/page"}],"author":[{"embeddable":true,"href":"https:\/\/weathertoboat.ca\/fr\/wp-json\/wp\/v2\/users\/1"}],"replies":[{"embeddable":true,"href":"https:\/\/weathertoboat.ca\/fr\/wp-json\/wp\/v2\/comments?post=3922"}],"version-history":[{"count":1,"href":"https:\/\/weathertoboat.ca\/fr\/wp-json\/wp\/v2\/pages\/3922\/revisions"}],"predecessor-version":[{"id":3923,"href":"https:\/\/weathertoboat.ca\/fr\/wp-json\/wp\/v2\/pages\/3922\/revisions\/3923"}],"wp:attachment":[{"href":"https:\/\/weathertoboat.ca\/fr\/wp-json\/wp\/v2\/media?parent=3922"}],"curies":[{"name":"wp","href":"https:\/\/api.w.org\/{rel}","templated":true}]}}