{"id":3839,"date":"2022-07-12T14:38:22","date_gmt":"2022-07-12T14:38:22","guid":{"rendered":"https:\/\/weathertoboat.ca\/?page_id=3839"},"modified":"2022-07-12T14:38:22","modified_gmt":"2022-07-12T14:38:22","slug":"boating-tips-fr","status":"publish","type":"page","link":"https:\/\/weathertoboat.ca\/fr\/boating-tips-fr\/","title":{"rendered":"Boating Tips FR"},"content":{"rendered":"<style>\r\n\t\t\t\t\r\n\t\t\t\t\t#tab_container_3838 {\r\n\toverflow:hidden;\r\n\tdisplay:block;\r\n\twidth:100%;\r\n\tborder:0px solid #ddd;\r\n\tmargin-bottom:30px;\r\n\t}\r\n\r\n#tab_container_3838 .tab-content{\r\n\tpadding:20px;\r\n\tborder: 1px solid #e6e6e6 !important;\r\n\tmargin-top: 0px;\r\n\tbackground-color:#ffffff !important;\r\n\tcolor: #000000 !important;\r\n\tfont-size:16px !important;\r\n\tfont-family: Open Sans !important;\r\n\t\r\n\t\tborder: 1px solid #e6e6e6 !important;\r\n\t}\r\n#tab_container_3838 .wpsm_nav-tabs {\r\n    border-bottom: 0px solid #ddd;\r\n}\r\n#tab_container_3838 .wpsm_nav-tabs > li.active > a, #tab_container_3838 .wpsm_nav-tabs > li.active > a:hover, #tab_container_3838 .wpsm_nav-tabs > li.active > a:focus {\r\n\tcolor: #000000 !important;\r\n\tcursor: default;\r\n\tbackground-color: #ffffff !important;\r\n\tborder: 1px solid #e6e6e6 !important;\r\n}\r\n\r\n#tab_container_3838 .wpsm_nav-tabs > li > a {\r\n    margin-right: 0px !important; \r\n    line-height: 1.42857143 !important;\r\n    border: 1px solid #d5d5d5 !important;\r\n    border-radius: 0px 0px 0 0 !important; \r\n\tbackground-color: #e8e8e8 !important;\r\n\tcolor: #000000 !important;\r\n\tpadding: 15px 18px 15px 18px !important;\r\n\ttext-decoration: none !important;\r\n\tfont-size: 14px !important;\r\n\ttext-align:center !important;\r\n\tfont-family: Open Sans !important;\r\n}\r\n#tab_container_3838 .wpsm_nav-tabs > li > a:focus {\r\noutline: 0px !important;\r\n}\r\n\r\n#tab_container_3838 .wpsm_nav-tabs > li > a:before {\r\n\tdisplay:none !important;\r\n}\r\n#tab_container_3838 .wpsm_nav-tabs > li > a:after {\r\n\tdisplay:none !important ;\r\n}\r\n#tab_container_3838 .wpsm_nav-tabs > li{\r\npadding:0px !important ;\r\nmargin:0px;\r\n}\r\n\r\n#tab_container_3838 .wpsm_nav-tabs > li > a:hover , #tab_container_3838 .wpsm_nav-tabs > li > a:focus {\r\n    color: #000000 !important;\r\n    background-color: #e8e8e8 !important;\r\n\tborder: 1px solid #d5d5d5 !important;\r\n\t\r\n}\r\n#tab_container_3838 .wpsm_nav-tabs > li > a .fa{\r\n\r\nmargin-right:5px !important;\r\n\r\nmargin-left:5px !important;\r\n\r\n\r\n}\r\n\r\n\t\t#tab_container_3838 .wpsm_nav-tabs a{\r\n\t\t\tbackground-image: none;\r\n\t\t\tbackground-position: 0 0;\r\n\t\t\tbackground-repeat: repeat-x;\r\n\t\t}\r\n\t\t\t\r\n\r\n\r\n#tab_container_3838 .wpsm_nav-tabs > li {\r\n    float: left;\r\n    margin-bottom: -1px !important;\r\n\tmargin-right:0px !important; \r\n}\r\n\r\n\r\n#tab_container_3838 .tab-content{\r\noverflow:hidden !important;\r\n}\r\n\r\n\r\n@media (min-width: 769px) {\r\n\r\n\t#tab_container_3838 .wpsm_nav-tabs > li{\r\n\t\tfloat:left !important ;\r\n\t\t\t\tmargin-right:-1px !important;\r\n\t\t\t\t\t}\r\n\t#tab_container_3838 .wpsm_nav-tabs{\r\n\t\tfloat:none !important;\r\n\t\tmargin:0px !important;\r\n\t}\r\n\r\n\t#tab_container_3838 .wpsm_nav-tabs > li {\r\n\t\t\t\t\r\n\t}\r\n\t#tab_container_3838 .wpsm_nav{\r\n\t\t\t}\r\n\r\n}\r\n\r\n\r\n\r\n@media (max-width: 768px) {\r\n\t#tab_container_3838 .wpsm_nav-tabs > li {\r\n\t\t\t\t\r\n\t}\r\n\t#tab_container_3838 .wpsm_nav{\r\n\t\t\t}\r\n}\r\n\r\n\r\n\t.wpsm_nav-tabs li:before{\r\n\t\tdisplay:none !important;\r\n\t}\r\n\r\n\t@media (max-width: 768px) {\r\n\t\t\t\t\r\n\t\t\t\t.wpsm_nav-tabs{\r\n\t\t\tmargin-left:0px !important;\r\n\t\t\tmargin-right:0px !important; \r\n\t\t\t\r\n\t\t}\r\n\t\t\t\t#tab_container_3838 .wpsm_nav-tabs > li{\r\n\t\t\tfloat:none !important;\r\n\t\t}\r\n\t\t\t\r\n\t}\t\t\t\t<\/style>\r\n\t\t\t\t<div id=\"tab_container_3838\" >\r\n\t \r\n\t\t\t\t\t<ul class=\"wpsm_nav wpsm_nav-tabs\" role=\"tablist\" id=\"myTab_3838\">\r\n\t\t\t\t\t\t\t\r\n\t\t\t\t\t\t\t<li role=\"presentation\"  class=\"active\"  onclick=\"do_resize()\">\r\n\t\t\t\t\t\t\t\t<a href=\"#tabs_desc_3838_1\" aria-controls=\"tabs_desc_3838_1\" role=\"tab\" data-toggle=\"tab\">\r\n\t\t\t\t\t\t\t\t\t\r\n\t\t\t\t\t\t\t\t\t\t\t\t\t\t\t\t\t\t\t\t\t\t\t\t\t\t\t\t\t\t\t<i class=\"fa fa-angle-double-right\"><\/i> \t\t\t\t\t\t\t\t\t\t\t\t\t\t\t\t\t\t\t\r\n\t\t\t\t\t\t\t\t\t\t\t\t\t\t\t\t\t\t\r\n\t\t\t\t\t\t\t\t\t<span>Avis aux navigateurs vs Avertissements de navigation<\/span>\r\n\t\t\t\t\t\t\t\t\t\r\n\t\t\t\t\t\t\t\t\t\t\t\t\t\t\t\t\t\t\r\n\t\t\t\t\t\t\t\t\t\t\t\t\t\t\t\t\t\t\t\t\r\n\t\t\t\t\t\t\t\t\t\r\n\t\t\t\t\t\t\t\t<\/a>\r\n\t\t\t\t\t\t\t<\/li>\r\n\t\t\t\t\t\t\t\r\n\t\t\t\t\t\t\t<li role=\"presentation\"  onclick=\"do_resize()\">\r\n\t\t\t\t\t\t\t\t<a href=\"#tabs_desc_3838_2\" aria-controls=\"tabs_desc_3838_2\" role=\"tab\" data-toggle=\"tab\">\r\n\t\t\t\t\t\t\t\t\t\r\n\t\t\t\t\t\t\t\t\t\t\t\t\t\t\t\t\t\t\t\t\t\t\t\t\t\t\t\t\t\t\t<i class=\"fa fa-angle-double-right\"><\/i> \t\t\t\t\t\t\t\t\t\t\t\t\t\t\t\t\t\t\t\r\n\t\t\t\t\t\t\t\t\t\t\t\t\t\t\t\t\t\t\r\n\t\t\t\t\t\t\t\t\t<span>Navigation d\u2019automne<\/span>\r\n\t\t\t\t\t\t\t\t\t\r\n\t\t\t\t\t\t\t\t\t\t\t\t\t\t\t\t\t\t\r\n\t\t\t\t\t\t\t\t\t\t\t\t\t\t\t\t\t\t\t\t\r\n\t\t\t\t\t\t\t\t\t\r\n\t\t\t\t\t\t\t\t<\/a>\r\n\t\t\t\t\t\t\t<\/li>\r\n\t\t\t\t\t\t\t\t\t\t\t <\/ul>\r\n\r\n\t\t\t\t\t  <!-- Tab panes -->\r\n\t\t\t\t\t  <div class=\"tab-content\" id=\"tab-content_3838\">\r\n\t\t\t\t\t\t\t\t\t\t\t\t <div role=\"tabpanel\" class=\"tab-pane  in active\" id=\"tabs_desc_3838_1\">\r\n\t\t\t\t\t\t\t\t<div>\r\n<h3 id=\"rulesOfTheRoad-heading16\" style=\"color: #000000;text-align: center\">Avis aux navigateurs vs Avertissements de navigation (Avis \u00e0 la navigation)<\/h3>\r\n<div id=\"rulesOfTheRoad-markdown17\" class=\"show-list-numbers-and-dots\">\r\n<p style=\"text-align: center\">Quelle est la diff\u00e9rence?<\/p>\r\n<img class=\"wp-image-3826 size-full aligncenter\" src=\"https:\/\/weathertoboat.ca\/wp-content\/uploads\/2022\/07\/notice-to-mariners-boating.png\" alt=\"\" width=\"1080\" height=\"884\" \/>\r\n\r\n<\/div>\r\n<img class=\"wp-image-3569 size-full aligncenter\" src=\"https:\/\/weathertoboat.ca\/wp-content\/uploads\/2021\/10\/fall_boating_plan_ahead.jpg\" alt=\"\" width=\"1080\" height=\"848\" \/>Avant de partir, les plaisanciers devraient toujours r\u00e9gler leurs radios VHF sur la fr\u00e9quence de diffusion maritime continue de la Garde c\u00f4ti\u00e8re canadienne applicable dans leur r\u00e9gion, afin de se familiariser avec les avis \u00e0 la navigation ou les mises \u00e0 jour m\u00e9t\u00e9orologiques urgentes qui pourraient \u00eatre \u00e9mises.\r\n\r\n<\/div>\r\n<div><\/div>\r\n<div id=\"rulesOfTheRoad-markdown20\" class=\"show-list-numbers-and-dots\">\r\n\r\n\u00a0\r\n\r\n<\/div>\r\n<div><img class=\"wp-image-3828 size-full aligncenter\" src=\"https:\/\/weathertoboat.ca\/wp-content\/uploads\/2022\/07\/notice-to-mariners-boating2.png\" alt=\"\" width=\"1080\" height=\"884\" \/><\/div>\r\n<div id=\"rulesOfTheRoad-markdown21\" class=\"show-list-numbers-and-dots\">\r\n<p style=\"color: #000000\">Plusieurs plaisanciers utilisent les termes avis aux navigateurs et avis \u00e0 la navigation comme des synonymes. Ils sont toutefois diff\u00e9rents.<\/p>\r\n\r\n<\/div>\r\n<div class=\"spacer\" style=\"height: 20px\"><\/div>\r\n<img class=\"alignnone wp-image-3821 size-full\" src=\"https:\/\/weathertoboat.ca\/wp-content\/uploads\/2022\/07\/notice-to-mariners-eng.png\" alt=\"\" width=\"1634\" height=\"876\" \/>\r\n\r\n<span style=\"color: #000000\">Un avis au navigateur est en fait une modification permanente \u00e0 une carte imprim\u00e9e qui doit \u00eatre not\u00e9e par le navigateur pour une navigation en toute s\u00e9curit\u00e9. Par exemple, si une bou\u00e9e est retir\u00e9e de fa\u00e7on permanente, le changement appara\u00eetra dans les avis. Il appartient \u00e0 l'utilisateur de le corriger sur ses cartes. Vous remarquerez peut-\u00eatre lors de l'achat d'une carte qu\u2019elle affiche une mise \u00e0 jour estampill\u00e9e et dat\u00e9e qui inclut toutes les modifications pr\u00e9c\u00e9dentes.<\/span>\r\n<div class=\"spacer\" style=\"height: 20px\"><\/div>\r\n<img class=\"wp-image-3830 size-full aligncenter\" src=\"https:\/\/weathertoboat.ca\/wp-content\/uploads\/2022\/07\/notice-to-mariners-boating-navigation.png\" alt=\"\" width=\"1080\" height=\"884\" \/>\r\n<span style=\"color: #000000\">L'avis \u00e0 la navigation est ce que nous \u00e9coutons sur les \u00e9missions maritimes continues. Ils sont maintenant appel\u00e9s avertissements de navigation et informent le navigateur de tout changement temporaire dont il doit \u00eatre inform\u00e9 pour une navigation en toute s\u00e9curit\u00e9. Par exemple, si une bou\u00e9e a d\u00e9riv\u00e9 hors station ou si son feu est d\u00e9fectueux, ce changement temporaire appara\u00eetra sur la liste des avertissements de navigation.<\/span>\r\n<div>\r\n\r\n\u00a0\r\n\r\n<\/div>\r\n<div><img class=\"wp-image-3822 size-full aligncenter\" src=\"https:\/\/weathertoboat.ca\/wp-content\/uploads\/2022\/07\/notice-to-mariners-laptop.png\" alt=\"\" width=\"1080\" height=\"884\" \/><\/div>\r\n<div class=\"spacer\" style=\"height: 10px\">\r\n\r\n<span style=\"color: #000000\">En plus de r\u00e9gler votre radio VHF sur la fr\u00e9quence de diffusion maritime continue avant de partir, sachez que la Garde c\u00f4ti\u00e8re a mis en ligne les avertissements de navigation et les avis aux navigateurs, ce qui est d'une grande aide.<\/span>\r\n\r\nOn a acc\u00e8s aux :<br>\r\n<strong>Avis aux navigateurs \u00e0 <\/strong><a href=\"https:\/\/www.notmar.gc.ca\/\" target=\"_blank\" rel=\"noopener\">www.notmar.gc.ca<\/a>\r\n<strong>Avertissements de navigation \u00e0 <\/strong><a href=\"https:\/\/nis.ccg-gcc.gc.ca\" target=\"_blank\" rel=\"noopener\">https:\/\/nis.ccg-gcc.gc.ca<\/a>\r\n\r\n<\/div>\r\n\u00a0\r\n<div class=\"spacer\" style=\"height: 320px\"><\/div>\t\t\t\t\t\t <\/div>\r\n\t\t\t\t\t\t\t\t\t\t\t\t <div role=\"tabpanel\" class=\"tab-pane\" id=\"tabs_desc_3838_2\">\r\n\t\t\t\t\t\t\t\t<div><img class=\"size-full wp-image-3571 aligncenter\" src=\"https:\/\/weathertoboat.ca\/wp-content\/uploads\/2021\/10\/fall_boating.jpg\" alt=\"\" width=\"1080\" height=\"848\" \/><\/div>\r\n<h3 id=\"rulesOfTheRoad-heading16\" style=\"color: #000000;text-align: center\">Navigation d\u2019automne<\/h3>\r\n<div id=\"rulesOfTheRoad-markdown17\" class=\"show-list-numbers-and-dots\">\r\n<p style=\"text-align: center\">Vous \u00e9tirez votre saison de navigation jusqu\u2019en automne?<\/p>\r\n<p style=\"text-align: center\">Voici quelques facteurs \u00e0 consid\u00e9rer.<\/p>\r\n\u00a0\r\n<h4 style=\"color: #000000;text-align: center\">V\u00e9rifiez la m\u00e9t\u00e9o<\/h4>\r\n<img class=\"size-full wp-image-3565 aligncenter\" src=\"https:\/\/weathertoboat.ca\/wp-content\/uploads\/2021\/10\/fall_boating_check_weather.jpg\" alt=\"\" width=\"1080\" height=\"848\" \/>Les masses d\u2019air chaud et d\u2019air froid qui se c\u00f4toient \u00e0 l\u2019automne font que les conditions changent rapidement. Une temp\u00eate automnale peut appara\u00eetre sans avertir. V\u00e9rifiez la m\u00e9t\u00e9o avant de partir, de m\u00eame qu\u2019en cours de route, tout en gardant un \u0153il sur le ciel pour des signes annonciateurs d\u2019orages.\r\n\r\n<\/div>\r\n<div><\/div>\r\n<div id=\"rulesOfTheRoad-markdown20\" class=\"show-list-numbers-and-dots\">\r\n\r\n\u00a0\r\n<h4 style=\"color: #000000;text-align: center\">Habillez-vous en fonction de la temp\u00e9rature de l\u2019eau<\/h4>\r\n<\/div>\r\n<div><img class=\"size-full wp-image-3566 aligncenter\" src=\"https:\/\/weathertoboat.ca\/wp-content\/uploads\/2021\/10\/fall_boating_dress_warm.jpg\" alt=\"\" width=\"1080\" height=\"848\" \/><\/div>\r\n<div id=\"rulesOfTheRoad-markdown21\" class=\"show-list-numbers-and-dots\">\r\n<p style=\"color: #000000\">Par journ\u00e9es plus chaudes, r\u00e9sistez \u00e0 la tentation de porter des v\u00eatements d\u2019\u00e9t\u00e9. Optez pour plusieurs couches de v\u00eatement que vous pourrez retirer ou ajouter au besoin, en vous assurant que votre gilet de sauvetage puisse \u00eatre port\u00e9 par-dessus celles-ci. L\u2019eau refroidit et une chute par-dessus bord peut \u00eatre mortelle.<\/p>\r\n\r\n<\/div>\r\n<div class=\"spacer\" style=\"height: 20px\"><\/div>\r\n<h4 id=\"rulesOfTheRoad-heading17\" style=\"color: #000000;text-align: center\">Ayez des lumi\u00e8res<\/h4>\r\n<img class=\"size-full wp-image-3568 aligncenter\" src=\"https:\/\/weathertoboat.ca\/wp-content\/uploads\/2021\/10\/fall_boating_have_lights.jpg\" alt=\"\" width=\"1080\" height=\"848\" \/><span style=\"color: #000000\">La noirceur survient de plus en plus t\u00f4t en automne. Ne vous faites donc pas surprendre. Assurez-vous que vos feux de navigation fonctionnent correctement et que vos fus\u00e9es de d\u00e9tresse ne sont pas p\u00e9rim\u00e9es.<\/span>\r\n<div id=\"rulesOfTheRoad-markdown26\" class=\"show-list-numbers-and-dots\">\r\n<p style=\"color: #000000\">Apportez quelques lampes de poche \u00e9tanches en pr\u00e9vision de d\u00e9charger le bateau \u00e0 votre retour au quai ou \u00e0 la rampe de mise \u00e0 l\u2019eau \u00e0 la noirceur. Et pensez \u00e0 avoir des piles de rechange.<\/p>\r\n\r\n<\/div>\r\n<div class=\"spacer\" style=\"height: 20px\"><\/div>\r\n<h4 style=\"color: #000000;text-align: center\">Planifiez \u00e0 l\u2019avance<\/h4>\r\n<img class=\"size-full wp-image-3569 aligncenter\" src=\"https:\/\/weathertoboat.ca\/wp-content\/uploads\/2021\/10\/fall_boating_plan_ahead.jpg\" alt=\"\" width=\"1080\" height=\"848\" \/> <span style=\"color: #000000\">Il y aura moins de bateaux sur l\u2019eau \u00e0 cette \u00e9poque de l\u2019ann\u00e9e. Vous ne pourrez donc pas compter sur l\u2019aide d\u2019autres plaisanciers en cas de probl\u00e8me. <\/span>\r\n<div id=\"rulesOfTheRoad-markdown26\" class=\"show-list-numbers-and-dots\"><span style=\"color: #000000\">Laissez un plan de navigation et ayez une radio VHF ou un cellulaire avec vous. Une radio VHF peut servir pour appeler \u00e0 l\u2019aide l\u00e0 o\u00f9 il n\u2019y a pas de service cellulaire.\r\n<\/span><\/div>\r\n<div>\r\n\r\n\u00a0\r\n<h4 style=\"color: #000000;text-align: center\">Portez votre gilet d sauvetage<\/h4>\r\n<\/div>\r\n<div><img class=\"size-full wp-image-3570 aligncenter\" src=\"https:\/\/weathertoboat.ca\/wp-content\/uploads\/2021\/10\/fall_boating_wear_lifejacket.jpg\" alt=\"\" width=\"1080\" height=\"848\" \/><\/div>\r\n<div class=\"spacer\" style=\"height: 10px\"><span style=\"color: #000000\">L\u2019effet du souffle coup\u00e9 et la panique r\u00e9sultant d\u2019une chute en eau froide peuvent \u00eatre mortels. Un gilet de sauvetage vous gardera \u00e0 flot et offrira une certaine protection contre le froid alors que vous tentez de vous en sortir.<\/span><\/div>\r\n\u00a0\r\n<div><br><\/br>\r\n<div class=\"spacer\" style=\"height: 20px\"><\/div>\r\n<h4 style=\"color: #000000;text-align: center\">Faites le plein avant de partir<\/h4>\r\n<div>\r\n<div><img class=\"size-full wp-image-3567 aligncenter\" src=\"https:\/\/weathertoboat.ca\/wp-content\/uploads\/2021\/10\/fall_boating_fuel_before_go.jpg\" alt=\"\" width=\"1080\" height=\"848\" \/><span style=\"color: #000000\">Plusieurs quais de service d\u2019essence ferment au cours de l\u2019automne. Ne pr\u00e9sumez pas de pouvoir faire le plein \u00e0 destination en pr\u00e9vision de votre retour \u00e0 la maison. Informez-vous et planifiez votre consommation.<\/span><\/div>\r\n<div><\/div>\r\n<div><br><\/br>\r\n<p style=\"color: #000000\">L\u2019automne peut \u00eatre une saison magnifique pour naviguer. Ayez en t\u00eate ces quelques conseils et chaque sortie sera faite d\u2019un aller et d\u2019un retour.<\/p>\r\n\r\n<\/div>\r\n<\/div>\r\n<\/div>\t\t\t\t\t\t <\/div>\r\n\t\t\t\t\t\t\t\r\n\t\t\t\t\t <\/div>\r\n\t\t\t\t\t \r\n\t\t\t\t <\/div>\r\n <script>\r\n\t\tjQuery(function () {\r\n\t\t\tjQuery('#myTab_3838 a:first').tab('show')\r\n\t\t});\r\n\t\t\r\n\t\t\t\tjQuery(function(){\r\n\t\t\tvar b=\"fadeIn\";\r\n\t\t\tvar c;\r\n\t\t\tvar a;\r\n\t\t\td(jQuery(\"#myTab_3838 a\"),jQuery(\"#tab-content_3838\"));function d(e,f,g){\r\n\t\t\t\te.click(function(i){\r\n\t\t\t\t\ti.preventDefault();\r\n\t\t\t\t\tjQuery(this).tab(\"show\");\r\n\t\t\t\t\tvar h=jQuery(this).data(\"easein\");\r\n\t\t\t\t\tif(c){c.removeClass(a);}\r\n\t\t\t\t\tif(h){f.find(\"div.active\").addClass(\"animated \"+h);a=h;}\r\n\t\t\t\t\telse{if(g){f.find(\"div.active\").addClass(\"animated \"+g);a=g;}else{f.find(\"div.active\").addClass(\"animated \"+b);a=b;}}c=f.find(\"div.active\");\r\n\t\t\t\t});\r\n\t\t\t}\r\n\t\t});\r\n\t\t\r\n\r\n\t\tfunction do_resize(){\r\n\r\n\t\t\tvar width=jQuery( '.tab-content .tab-pane iframe' ).width();\r\n\t\t\tvar height=jQuery( '.tab-content .tab-pane iframe' ).height();\r\n\r\n\t\t\tvar toggleSize = true;\r\n\t\t\tjQuery('iframe').animate({\r\n\t\t\t    width: toggleSize ? width : 640,\r\n\t\t\t    height: toggleSize ? height : 360\r\n\t\t\t  }, 250);\r\n\r\n\t\t\t  toggleSize = !toggleSize;\r\n\t\t}\r\n\r\n\r\n\t<\/script>","protected":false},"excerpt":{"rendered":"","protected":false},"author":1,"featured_media":0,"parent":0,"menu_order":0,"comment_status":"closed","ping_status":"closed","template":"","meta":[],"_links":{"self":[{"href":"https:\/\/weathertoboat.ca\/fr\/wp-json\/wp\/v2\/pages\/3839"}],"collection":[{"href":"https:\/\/weathertoboat.ca\/fr\/wp-json\/wp\/v2\/pages"}],"about":[{"href":"https:\/\/weathertoboat.ca\/fr\/wp-json\/wp\/v2\/types\/page"}],"author":[{"embeddable":true,"href":"https:\/\/weathertoboat.ca\/fr\/wp-json\/wp\/v2\/users\/1"}],"replies":[{"embeddable":true,"href":"https:\/\/weathertoboat.ca\/fr\/wp-json\/wp\/v2\/comments?post=3839"}],"version-history":[{"count":1,"href":"https:\/\/weathertoboat.ca\/fr\/wp-json\/wp\/v2\/pages\/3839\/revisions"}],"predecessor-version":[{"id":3840,"href":"https:\/\/weathertoboat.ca\/fr\/wp-json\/wp\/v2\/pages\/3839\/revisions\/3840"}],"wp:attachment":[{"href":"https:\/\/weathertoboat.ca\/fr\/wp-json\/wp\/v2\/media?parent=3839"}],"curies":[{"name":"wp","href":"https:\/\/api.w.org\/{rel}","templated":true}]}}