{"id":3626,"date":"2022-03-09T14:01:21","date_gmt":"2022-03-09T14:01:21","guid":{"rendered":"https:\/\/weathertoboat.ca\/?page_id=3626"},"modified":"2022-03-15T16:46:37","modified_gmt":"2022-03-15T16:46:37","slug":"inflatable-lifejackets","status":"publish","type":"page","link":"https:\/\/weathertoboat.ca\/fr\/inflatable-lifejackets\/","title":{"rendered":"Gilets de sauvetage gonflables"},"content":{"rendered":"<h1 class=\"wtb-blue\">Gilets de sauvetage gonflables<\/h1>\n<p>Le concept des gilets de sauvetage gonflables repose sur leur aisance \u00e0 \u00eatre port\u00e9s. Toutefois, si vous d\u00e9cidez qu\u2019un tel gilet convient le mieux \u00e0 vos besoins de navigateur, il est important que vous compreniez ses limitations, comment vous en servir et en prendre soin.<\/p>\n<p>Un gilet gonflable est approuv\u00e9 dans une embarcation ouverte seulement si vous le portez. Si votre bateau a un habitacle ferm\u00e9, vous n\u2019avez alors \u00e0 porter un gilet gonflable que lorsque vous \u00eates sur le pont ou dans le cockpit.<\/p>\n<h4>Il existe deux types\u00a0de gilets de sauvetage gonflables :<\/h4>\n<ul>\n<li>\n<p>Le premier s\u2019apparente \u00e0 un gilet sans manches qui peut \u00eatre gonfl\u00e9 manuellement ou automatiquement \u00e0 l\u2019aide d\u2019un cartouche de CO2. Les gilets automatiques sont con\u00e7us pour se gonfler lorsqu\u2019ils sont submerg\u00e9s. Ils sont aussi munis d\u2019un syst\u00e8me d\u2019activation manuelle pour \u00eatre d\u00e9clench\u00e9 \u00e0 l\u2019aide d\u2019une tirette.<\/p>\n<\/li>\n<li>\n<p>Le second s\u2019apparente \u00e0 un sac se portant \u00e0 la taille qui ne peut \u00eatre gonfl\u00e9 que manuellement.<\/p>\n<\/li>\n<\/ul>\n<p>Tous les VFI gonflables sont munis d\u2019un tube de gonflage par la bouche au  cas o\u00f9 le syst\u00e8me d\u2019activation au CO2 ferait d\u00e9faut. Cependant, pour les nageurs peu aguerris, cela pourrait \u00eatre difficile alors qu\u2019ils s\u2019efforcent de garder la t\u00eate hors de l\u2019eau.<\/p>\n<ul>\n<li>Toute personne de moins de 16 ans.<\/li>\n<li>Toute personne pesant moins de 36,3 kg ou 80 lb.<\/li>\n<li>Utilisation en motomarine.<\/li>\n<li>Activit\u00e9s en eaux vives en embarcation \u00e0 pagaie.<\/li>\n<\/ul>\n<p>Lorsque vous choisissez un dispositif de sauvetage, sachez reconna\u00eetre les diff\u00e9rences de fonctionnalit\u00e9 entre gilets de sauvetage, VFI et VFI gonflables. Procurez-vous celui qui convient le mieux \u00e0 vos besoins et prenez le temps de r\u00e9fl\u00e9chir avant d\u2019acheter. Vous devriez \u00e9galement penser \u00e0 sa couleur. En effet, les couleurs vives sont plus faciles \u00e0 rep\u00e9rer sur l\u2019eau. Le meilleur gilet de sauvetage ou VFI est celui que vous voudrez porter chaque fois que vous allez sur l\u2019eau. Pensez aussi qu\u2019une situation d\u2019urgence n\u2019est pas le bon moment pour tester un nouveau dispositif de sauvetage; quel que soit votre type de gilet de sauvetage ou de VFI, prenez donc le temps de lire attentivement son manuel d\u2019instruction et sachez comment vous en servir avant de partir sur l\u2019eau.<\/p>\n\n<\/p>\n<div class=\"wtb-video-container\"><iframe loading=\"lazy\" src=\"https:\/\/www.youtube.com\/embed\/1N1liNLT7AY\" frameborder=\"0\" width=\"560\" height=\"315\" allowfullscreen=\"allowfullscreen\"><\/iframe><\/div>\n<p>","protected":false},"excerpt":{"rendered":"<p>Inflatable Lifejackets Inflatable lifejackets have been designed for wearability. However if you decide that an inflatable best suits your boating needs, it is important that you understand its limitations, how to use it and how to care for it. An inflatable lifejacket is only approved in an open boat if you are wearing it. If [&hellip;]<\/p>","protected":false},"author":2,"featured_media":0,"parent":0,"menu_order":0,"comment_status":"closed","ping_status":"closed","template":"","meta":[],"_links":{"self":[{"href":"https:\/\/weathertoboat.ca\/fr\/wp-json\/wp\/v2\/pages\/3626"}],"collection":[{"href":"https:\/\/weathertoboat.ca\/fr\/wp-json\/wp\/v2\/pages"}],"about":[{"href":"https:\/\/weathertoboat.ca\/fr\/wp-json\/wp\/v2\/types\/page"}],"author":[{"embeddable":true,"href":"https:\/\/weathertoboat.ca\/fr\/wp-json\/wp\/v2\/users\/2"}],"replies":[{"embeddable":true,"href":"https:\/\/weathertoboat.ca\/fr\/wp-json\/wp\/v2\/comments?post=3626"}],"version-history":[{"count":4,"href":"https:\/\/weathertoboat.ca\/fr\/wp-json\/wp\/v2\/pages\/3626\/revisions"}],"predecessor-version":[{"id":3745,"href":"https:\/\/weathertoboat.ca\/fr\/wp-json\/wp\/v2\/pages\/3626\/revisions\/3745"}],"wp:attachment":[{"href":"https:\/\/weathertoboat.ca\/fr\/wp-json\/wp\/v2\/media?parent=3626"}],"curies":[{"name":"wp","href":"https:\/\/api.w.org\/{rel}","templated":true}]}}