{"id":3,"date":"2020-10-29T19:53:35","date_gmt":"2020-10-29T19:53:35","guid":{"rendered":"http:\/\/weathertoboat.ca\/?page_id=3"},"modified":"2021-06-09T21:09:09","modified_gmt":"2021-06-09T21:09:09","slug":"privacy-policy","status":"publish","type":"page","link":"https:\/\/weathertoboat.ca\/fr\/privacy-policy\/","title":{"rendered":"Politique de Confidentialit\u00e9"},"content":{"rendered":"<p>Derni\u00e8re mise \u00e0 jour : 9 juin 2021<\/p>\n<p>Cette Politique de Confidentialit\u00e9 d\u00e9crit nos politiques et proc\u00e9dures sur la collecte, l\u2019utilisation et la divulgation de vos renseignements lorsque vous utilisez ce Service et vous dit ce que sont vos droits \u00e0 la Confidentialit\u00e9 et comment les lois vous prot\u00e8gent.<\/p>\n<p>Nous utilisons vos renseignements personnels pour les fins du Service et son am\u00e9lioration. Vous consentez \u00e0 la collecte et \u00e0 l\u2019utilisation de vos renseignements conform\u00e9ment \u00e0 cette Politique de Confidentialit\u00e9.<\/p>\n<p>Interpr\u00e9tation et d\u00e9finitions<\/p>\n<h2>Interpr\u00e9tation<\/h2>\n<p>Les mots dont la premi\u00e8re lettre est en majuscule sont d\u00e9finis selon les conditions qui suivent. Les d\u00e9finitions qui suivent doivent \u00eatre consid\u00e9r\u00e9es comme ayant le m\u00eame sens sans \u00e9gard \u00e0 leur utilisation au singulier ou au pluriel.<\/p>\n<h2>D\u00e9finitions<\/h2>\n<p>Pour les fins de cette Politique de Confidentialit\u00e9 :<\/p>\n<p class=\" translation-block\"><strong>Compte<\/strong> signifie un compte unique cr\u00e9\u00e9 pour Vous afin que que vous ayez acc\u00e8s \u00e0 notre Service ou \u00e0 des parties de notre Service.<\/p>\n<p class=\" translation-block\"><strong>Affili\u00e9<\/strong> r\u00e9f\u00e8re \u00e0 une entit\u00e9 qui contr\u00f4le, est contr\u00f4l\u00e9e par ou est sous contr\u00f4le commun avec une partie, o\u00f9 contr\u00f4le signifie la propri\u00e9t\u00e9 de 50% ou plus des actions, d\u2019un int\u00e9r\u00eat dans le capital ou d\u2019autres actions habilit\u00e9es \u00e0 voter \u00e0 l\u2019\u00e9lection des directeurs ou une autre entit\u00e9 de gestion d\u00fbment autoris\u00e9e.<\/p>\n<p class=\" translation-block\"><strong>Application<strong> r\u00e9f\u00e8re au logiciel fourni par la Compagnie, appel\u00e9 Carnet de bord, que vous avez t\u00e9l\u00e9charg\u00e9 sur un dispositif \u00e9lectronique quelconque.<\/p>\n<p class=\" translation-block\"><strong>Compagnie<\/strong> (appara\u00eet sous les noms \u00ab la Compagnie \u00bb, \u00abNous \u00bb ou encore \u00ab Notre \u00bb dans la pr\u00e9sente entente), r\u00e9f\u00e8re \u00e0  1440993 Ontario Inc., 24 Robert Street, Keswick, ON, Canada L4P 1K7.<\/p>\n<p class=\" translation-block\"><strong>Pays<\/strong> r\u00e9f\u00e8re \u00e0 : Ontario, Canada<\/p>\n<p class=\" translation-block\"><strong>Appareil<\/strong> r\u00e9f\u00e8re \u00e0 tout dispositif qui peut donner acc\u00e8s au Service comme un ordinateur, un t\u00e9l\u00e9phone cellulaire ou une tablette \u00e9lectronique.<\/p>\n<p class=\" translation-block\"><strong>Donn\u00e9es<\/strong> personnelles r\u00e9f\u00e8re \u00e0 tous les renseignements relatifs \u00e0 une personne identifi\u00e9e ou identifiable.<\/p>\n<p class=\" translation-block\"><strong>Service<\/strong> r\u00e9f\u00e8re \u00e0 l\u2019Application.<\/p>\n<p class=\" translation-block\"><strong>Prestataire de services<\/strong> r\u00e9f\u00e8re \u00e0 toute personne naturelle ou l\u00e9gale qui traite les donn\u00e9es au nom de la Compagnie. Ceci r\u00e9f\u00e8re \u00e0 des tiers comme des compagnies ou des individus mandat\u00e9s par la Compagnie afin de faciliter le Service, de fournir le Service au nom de la Compagnie, d\u2019effectuer des services relatifs au Service ou d\u2019assister la Compagnie afin d\u2019analyser la mani\u00e8re dont le Service est rendu.<\/p>\n<p class=\" translation-block\"><strong>Service de m\u00e9dias sociaux tiers<\/strong> r\u00e9f\u00e8re \u00e0 tout site web ou tout r\u00e9seau social sur le web pouvant servir \u00e0 un Utilisateur pour qu\u2019il s\u2019inscrive ou cr\u00e9e un compte pour utiliser le Service.<\/p>\n<p class=\" translation-block\"><strong>Donn\u00e9es d\u2019utilisation<\/strong> r\u00e9f\u00e8re aux donn\u00e9es collect\u00e9es automatiquement, qu\u2019elles soient g\u00e9n\u00e9r\u00e9es par l\u2019utilisation du Service ou par l\u2019infrastructure du Service elle-m\u00eame (par exemple, la dur\u00e9e de visite d\u2019une page).<\/p>\n<p class=\" translation-block\"><strong>Vous<\/strong> r\u00e9f\u00e8re \u00e0 l\u2019individu qui acc\u00e8de ou qui utilise le Service, ou une compagnie ou une autre entit\u00e9 l\u00e9gale pour le compte de laquelle un tel individu acc\u00e8de ou utilise le Service, selon les cas.<\/p>\n<p><strong>Collecte et utilisation de vos Donn\u00e9es personnelles<\/strong><\/p>\n<h2>Types de donn\u00e9es collect\u00e9es<\/h2>\n<h3>Donn\u00e9es personnelles<\/h3>\n<p>Lorsque Vous utilisez Notre Service, Nous pourrions Vous demander de Nous fournir des renseignements personnels identifiables pouvant servir \u00e0 communiquer avec Vous ou \u00e0 Vous identifier. De tels renseignements personnels identifiables peuvent \u00eatre, mais ne pas se limiter \u00e0 :<\/p>\n<p>Adresse courriel<\/p>\n<p>Pr\u00e9nom et nom<\/p>\n<p>Num\u00e9ro de t\u00e9l\u00e9phone<\/p>\n<p>Adresse, \u00c9tat, Province, ZIP ou code postal, Ville<\/p>\n<p>Donn\u00e9es d\u2019utilisation<\/p>\n<h3>Donn\u00e9es d\u2019utilisation<\/h3>\n<p>Les Donn\u00e9es d\u2019utilisation sont collect\u00e9es automatiquement lors de l\u2019utilisation du Service.<\/p>\n<p>Les Donn\u00e9es d\u2019utilisation peuvent comprendre des renseignements comme l\u2019adresse de protocole Internet de votre Appareil (ex. adresse IP), type de fureteur, les pages de notre Service que Vous avez visit\u00e9es, l\u2019heure et la date de Votre visite, le temps pass\u00e9 sur ces pages, des identifiants uniques d\u2019appareil et des donn\u00e9es diagnostiques.<\/p>\n<p>Lorsque Vous acc\u00e9dez au Service par ou \u00e0 l\u2019aide d\u2019un appareil mobile, Nous pouvons collecter certains renseignements automatiquement, incluant, mais sans \u00eatre limit\u00e9 au type d\u2019appareil mobile que Vous utilisez, Votre identifiant unique d\u2019appareil mobile, Votre syst\u00e8me d\u2019exploitation d\u2019appareil mobile, le type de fureteur Internet de Votre appareil mobile, des identifiants uniques d\u2019appareil et d\u2019autres donn\u00e9es de diagnostic.<\/p>\n<p>Nous pouvons collecter des renseignements transmis par Votre fureteur en tout temps lorsque Vous visitez notre Service ou lorsque Vous acc\u00e9dez au Service par ou \u00e0 l\u2019aide d\u2019un appareil mobile.<\/p>\n<h3>Renseignements collect\u00e9s lors de l\u2019utilisation de l\u2019Application<\/h3>\n<p>Lors de l\u2019utilisation de Notre Application, et de mani\u00e8re \u00e0 offrir les fonctionnalit\u00e9s de Notre Application, Nous pouvons collecter, avec votre permission :<\/p>\n<p>Des renseignements sur votre localisation<\/p>\n<p>Nous utilisons ces renseignements afin de fournir les fonctionnalit\u00e9s de Notre Service et pour am\u00e9liorer et personnaliser Notre Service. Les renseignements peuvent \u00eatre t\u00e9l\u00e9charg\u00e9s sur les serveurs de la Compagnie et\/ou sur le serveur d\u2019un Prestataire de Service ou \u00eatre simplement mis en stockage sur Votre appareil.<\/p>\n<p>Vous pouvez activer ou d\u00e9sactiver l\u2019acc\u00e8s \u00e0 ces renseignements en tout temps \u00e0 l\u2019aide des r\u00e9glages de Votre Appareil.<\/p>\n<h2>Utilisation de vos Donn\u00e9es personnelles<\/h2>\n<p>La Compagnie peut utiliser vos Donn\u00e9es personnels aux fins suivantes :<\/p>\n<p class=\" translation-block\"><strong>Pour offrir et maintenir notre Service, <\/strong>incluant le monitorage de l\u2019utilisation de notre Service.<\/p>\n<p class=\" translation-block\"><strong>Pour g\u00e9rer Votre Compte : <\/strong>pour g\u00e9rer Votre inscription en tant qu\u2019utilisateur du Service. Les Donn\u00e9es personnelles que Vous fournissez peuvent Vous donner acc\u00e8s aux diff\u00e9rentes fonctionnalit\u00e9s qui Vous sont  offertes par le Service en tant qu\u2019utilisateur inscrit.<\/p>\n<p class=\" translation-block\"><strong>Pour la r\u00e9alisation d\u2019un contrat :<\/strong> le d\u00e9veloppement, la conformit\u00e9 et la r\u00e9alisation d\u2019un contrat d\u2019acquisition pour les produits, des articles ou services que Vous avez acquis ou tout autre contrat avec Nous par le biais du Service.<\/p>\n<p class=\" translation-block\"><strong>Pour communiquer avec Vous :<\/strong> pour communiquer avec Vous par courriel par t\u00e9l\u00e9phone ou par message texte ou d\u2019autres formes de communication \u00e9lectronique \u00e9quivalentes, comme les notifications directes d\u2019une application mobile sur des mises \u00e0 jour ou de communication de renseignements relatifs aux fonctionnalit\u00e9s, produits ou services contractuels, incluant des mises \u00e0 jour sur la s\u00e9curit\u00e9, lorsque n\u00e9cessaire ou raisonnable pour leur ex\u00e9cution.<\/p>\n<p class=\" translation-block\"><strong>Pour Vous fournir <\/strong>des nouvelles, des offres sp\u00e9ciales et des renseignements g\u00e9n\u00e9raux sur d\u2019autres produits, services et \u00e9v\u00e9nements que nous offrons qui sont similaires \u00e0 ceux que vous avez d\u00e9j\u00e0 acquis ou dont vous vous \u00eates inform\u00e9s, \u00e0 moins que Vous ayez choisi de ne pas recevoir de telles informations.<\/p>\n<p class=\" translation-block\"><strong>Pour g\u00e9rer Vos demandes : <\/strong>pour s\u2019occuper et g\u00e9rer les demandes dont Vous Nous avez fait part.<\/p>\n<p class=\" translation-block\"><strong>Pour des transferts d\u2019affaires : <\/strong> Nous pouvons utiliser Vos informations pour \u00e9valuer ou faire une fusion, une cession, une restructuration, une r\u00e9organisation, une dissolution ou une autre vente ou transfert de tous Nos actifs, que ce soit en tant qu\u2019entit\u00e9 active ou partie d\u2019une faillite, d\u2019une liquidation ou d\u2019un processus similaire o\u00f9 des Donn\u00e9es personnelles que Nous d\u00e9tenons sur les utilisateurs de notre Service font partie des actifs transf\u00e9r\u00e9s.<\/p>\n<p class=\" translation-block\"><strong>Pour d\u2019autres fins : <\/strong>Nous pouvons utiliser Vos informations pour d\u2019autres fins comme l\u2019analyse de donn\u00e9es, l\u2019identification de tendances d\u2019utilisation, l\u2019efficacit\u00e9 de nos campagnes promotionnelles et pour l\u2019\u00e9valuation et l\u2019am\u00e9lioration de notre Service, produits, services, marketing et votre exp\u00e9rience.<\/p>\n<p>Nous pouvons partager Vos informations personnelles dans les situations suivantes :<\/p>\n<p class=\" translation-block\"><strong>Avec des Prestataires de services : <\/strong>Nous pouvons partager Vos informations personnelles avec des Prestataires de services pour monitorer et analyser l\u2019utilisation de notre Service, pour communiquer avec vous.<\/p>\n<p class=\" translation-block\"><strong>Pour des transferts d\u2019affaires : <\/strong>Nous pouvons utiliser Vos informations pour \u00e9valuer ou faire une fusion, une cession, une restructuration, une r\u00e9organisation, une dissolution ou une autre vente ou transfert de tous Nos actifs, que ce soit en tant qu\u2019entit\u00e9 active ou partie d\u2019une faillite, d\u2019une liquidation ou d\u2019un processus similaire o\u00f9 des Donn\u00e9es personnelles que Nous d\u00e9tenons sur les utilisateurs de notre Service font partie des actifs transf\u00e9r\u00e9s.<\/p>\n<p class=\" translation-block\"><strong>Avec des Affili\u00e9s :<\/strong> Nous pouvons partager Vos informations avec Nos affili\u00e9s, auquel cas nous exigerons que ces affili\u00e9s honorent cette Politique de Confidentialit\u00e9. Les affili\u00e9s comprennent Notre compagnie m\u00e8re et tous autres subsidiaires, partenaires de coentreprise et d\u2019autres compagnies que Nous d\u00e9tenons ou qui sont sous contr\u00f4le commun avec Nous.<\/p>\n<p class=\" translation-block\"><strong>Avec des partenaires d\u2019affaires :<\/strong> Nous pouvons partager Vos informations avec Nos partenaires d\u2019affaires afin de vous offrir certains produits, services et promotions.<\/p>\n<p class=\" translation-block\"><strong>Avec d\u2019autres utilisateurs :<\/strong> lorsque Vous partagez Vos informations personnelles ou que Vous interagissez dans les aires publiques avec d\u2019autres utilisateurs, de tels renseignements peuvent \u00eatre vus par tous les utilisateurs et peuvent \u00eatre diffus\u00e9s publiquement \u00e0 l\u2019ext\u00e9rieur. Si Vous interagissez avec d\u2019autres utilisateurs ou que Vous vous inscrivez par le biais d\u2019un Service de m\u00e9dia social tiers, Vos contacts sur le Service de m\u00e9dia social tiers peuvent voir Vos nom, profil, photos et la description de Votre activit\u00e9.  De la m\u00eame mani\u00e8re, d\u2019autres utilisateurs pourront voir des descriptions de Votre activit\u00e9, communiquer avec Vous et voir Votre profil.<\/p>\n<p class=\" translation-block\"><strong>Avec votre consentement : <\/strong>Nous pouvons d\u00e9voiler Vos informations personnelles pour toute autre fin avec Votre consentement.<\/p>\n<h2>R\u00e9tention de Vos Donn\u00e9es personnelles<\/h2>\n<p>La Compagnie conservera Vos informations personnelles seulement et aussi longtemps que n\u00e9cessaire pour les raisons mises de l\u2019avant dans cette Politique de Confidentialit\u00e9. Nous conserverons et utiliserons Vos renseignements personnels dans la mesure o\u00f9 cela est n\u00e9cessaire en respect de nos obligations l\u00e9gales (par exemple, si nous sommes requis de garder Vos renseignements pour Nous conformer aux lois en vigueur), r\u00e9soudre des disputes et pour l\u2019application de Nos ententes l\u00e9gales et de Nos politiques.<\/p>\n<p>La Compagnie conservera \u00e9galement les Donn\u00e9es d\u2019utilisation pour des fins d\u2019analyse interne. Les Donn\u00e9es d\u2019utilisation sont g\u00e9n\u00e9ralement conserv\u00e9es pour une plus courte p\u00e9riode de temps, sauf lorsque ces donn\u00e9es sont utilis\u00e9es pour renforcer la s\u00e9curit\u00e9 ou pour am\u00e9liorer la fonctionnalit\u00e9 de Notre Service, ou que Nous sommes dans l\u2019obligation l\u00e9gale de conserver ces donn\u00e9es pour des p\u00e9riodes de temps plus longues.<\/p>\n<h2>Transfert de Vos Donn\u00e9s personnelles<\/h2>\n<p>Vos renseignements, incluant Vos informations  personnelles, sont trait\u00e9s aux bureaux des op\u00e9rations de la Compagnie et \u00e0 tout autre endroit o\u00f9 les parties engag\u00e9es pour leur traitement se trouvent. Cela signifie que cette information peut \u00eatre transf\u00e9r\u00e9e \u00e0 \u2013 et maintenue sur \u2013 des ordinateurs situ\u00e9s \u00e0 l\u2019ext\u00e9rieur de votre \u00e9tat, province, pays ou autre juridiction o\u00f9 les lois sur la protection des donn\u00e9es peuvent \u00eatre diff\u00e9rentes de celles de Votre juridiction.<\/p>\n<p>Votre consentement \u00e0 cette Politique de Confidentialit\u00e9 suivie par Votre acceptation d\u2019une telle information constitue votre accord \u00e0 ce transfert.<\/p>\n<p>La Compagnie prendra toutes les mesures raisonnablement n\u00e9cessaires pour s\u2019assurer que Vos donn\u00e9es soient trait\u00e9es de mani\u00e8re s\u00e9curitaire et conform\u00e9ment \u00e0 cette Politique de Confidentialit\u00e9 et aucun transfert de Vos Donn\u00e9es personnelles ne sera effectu\u00e9 vers une organisation ou un pays \u00e0 moins que des contr\u00f4les ad\u00e9quats soient en place incluant la s\u00e9curit\u00e9 de Vos donn\u00e9es et d\u2019autres renseignements personnels.<\/p>\n<h2>Divulgation de Vos Donn\u00e9es personnelles<\/h2>\n<h3>Transactions d\u2019affaires<\/h3>\n<p>Si la Compagnie est engag\u00e9e dans une fusion, l\u2019acquisition ou la vente d\u2019actifs, Vos informations personnelles peuvent \u00eatre transf\u00e9r\u00e9es. Nous Vous feront parvenir un avis avant que Vos Donn\u00e9es personnelles soient transf\u00e9r\u00e9es et deviennent assujetties \u00e0 une Politique de Confidentialit\u00e9 diff\u00e9rente.<\/p>\n<h3>Respect des lois<\/h3>\n<p>Dans certaines circonstances, la Compagnie peut \u00eatre tenue de divulguer Vos Donn\u00e9es personnelles si la loi l\u2019exige ou \u00e0 la demande l\u00e9gitime d\u2019autorit\u00e9s publiques (ex. un tribunal ou une agence gouvernementale).<\/p>\n<h3>Autres exigences l\u00e9gales<\/h3>\n<p>La Compagnie peut divulguer Vos Donn\u00e9es personnelles si une telle action est jug\u00e9e n\u00e9cessaire en toute bonne foi pour :<\/p>\n<p>Se conformer \u00e0 une obligation l\u00e9gale<\/p>\n<p>Prot\u00e9ger et d\u00e9fendre les droits ou la propri\u00e9t\u00e9 de la Compagnie<\/p>\n<p>Pr\u00e9venir ou investiguer la possibilit\u00e9 de malversation en connexion avec le Service<\/p>\n<p>Prot\u00e9ger la s\u00e9curit\u00e9 personnelle des Usagers du Service ou du public<\/p>\n<p>Assurer sa protection en mati\u00e8re de responsabilit\u00e9 l\u00e9gale<\/p>\n<h2>S\u00e9curit\u00e9 de Vos Donn\u00e9es personnelles<\/h2>\n<p>La s\u00e9curit\u00e9 de Vos Donn\u00e9es personnelles Nous importe, mais rappelez-vous qu\u2019aucune m\u00e9thode de transmission sur Internet ou m\u00e9thode de stockage \u00e9lectronique n\u2019est s\u00fbre \u00e0 100%. Bien que Nous nous efforcions d\u2019utiliser des moyens commerciaux acceptables pour prot\u00e9ger Vos Donn\u00e9es personnelles, Nous ne pouvons garantir leur s\u00e9curit\u00e9 absolue.<\/p>\n<p><strong>Liens vers d\u2019autres sites web<\/strong><\/p>\n<p>Notre Service peut contenir des liens vers d\u2019autres sites web qui ne sont pas g\u00e9r\u00e9s par Nous. Si Vous cliquez sur le lien d\u2019une tierce partie, Vous serez automatiquement dirig\u00e9s vers son site. Nous Vous recommandons fortement de lire la Politique de Confidentialit\u00e9 de chaque site que Vous visitez.<\/p>\n<p>Nous n\u2019avons aucun contr\u00f4le et n\u2019assumons aucune responsabilit\u00e9 quant au contenu, aux politiques de confidentialit\u00e9 ou aux pratiques de quelque site tiers ou services tiers que ce soit.<\/p>\n<p><strong>Changements \u00e0 cette Politique de Confidentialit\u00e9<\/strong><\/p>\n<p>Nous pouvons effectuer une mise \u00e0 jour de Notre Politique de Confidentialit\u00e9 de temps \u00e0 autre. Nous Vous ferons part de tout changement en publiant la nouvelle Politique de Confidentialit\u00e9 sur cette page.<\/p>\n<p>Nous Vous le ferons savoir par courriel et\/ou un avis pro\u00e9minent sur Notre Service, avant que le changement prenne effet et mettrons \u00e0 jour la date de \u00ab derni\u00e8re mise \u00e0 jour \u00bb au haut de la Politique de Confidentialit\u00e9.<\/p>\n<p>Il est avis\u00e9 que Vous r\u00e9visiez cette Politique de Confidentialit\u00e9 p\u00e9riodiquement pour tout changement.<\/p>\n<p><strong>Contactez-nous<\/strong><\/p>\n<p>Si vous avez des questions concernant cette Politique de Confidentialit\u00e9, Vous pouvez nous contacter :<\/p>\n<p class=\" translation-block\">En visitant cette page de notre site web : <a href=\"https:\/\/weathertoboat.ca\/contact\" target=\"_self\">https:\/\/weathertoboat.ca\/fr\/contact<\/a><\/p>","protected":false},"excerpt":{"rendered":"<p>Last updated: June 09, 2021 This Privacy Policy describes Our policies and procedures on the collection, use and disclosure of Your information when You use the Service and tells You about Your privacy rights and how the law protects You. We use Your Personal data to provide and improve the Service. By using the Service, [&hellip;]<\/p>","protected":false},"author":1,"featured_media":0,"parent":0,"menu_order":0,"comment_status":"closed","ping_status":"open","template":"","meta":[],"_links":{"self":[{"href":"https:\/\/weathertoboat.ca\/fr\/wp-json\/wp\/v2\/pages\/3"}],"collection":[{"href":"https:\/\/weathertoboat.ca\/fr\/wp-json\/wp\/v2\/pages"}],"about":[{"href":"https:\/\/weathertoboat.ca\/fr\/wp-json\/wp\/v2\/types\/page"}],"author":[{"embeddable":true,"href":"https:\/\/weathertoboat.ca\/fr\/wp-json\/wp\/v2\/users\/1"}],"replies":[{"embeddable":true,"href":"https:\/\/weathertoboat.ca\/fr\/wp-json\/wp\/v2\/comments?post=3"}],"version-history":[{"count":5,"href":"https:\/\/weathertoboat.ca\/fr\/wp-json\/wp\/v2\/pages\/3\/revisions"}],"predecessor-version":[{"id":2522,"href":"https:\/\/weathertoboat.ca\/fr\/wp-json\/wp\/v2\/pages\/3\/revisions\/2522"}],"wp:attachment":[{"href":"https:\/\/weathertoboat.ca\/fr\/wp-json\/wp\/v2\/media?parent=3"}],"curies":[{"name":"wp","href":"https:\/\/api.w.org\/{rel}","templated":true}]}}