{"id":2665,"date":"2021-06-15T01:37:54","date_gmt":"2021-06-15T01:37:54","guid":{"rendered":"https:\/\/weathertoboat.ca\/?page_id=2665"},"modified":"2024-10-31T15:25:59","modified_gmt":"2024-10-31T15:25:59","slug":"motomarines","status":"publish","type":"page","link":"https:\/\/weathertoboat.ca\/fr\/motomarines\/","title":{"rendered":"Motomarines"},"content":{"rendered":"<div><img style=\"display: block; width: 100%; height: auto; margin-left: auto; margin-right: auto;\" src=\"https:\/\/weathertoboat.ca\/wp-content\/uploads\/boatnotes\/fre\/img\/8daDQDXsT0mfQj5jOZVm_PWC_header.png\" \/><\/div>\n<h4 id=\"motomarines-heading92\" style=\"color: #000000; text-align: center;\">Motomarines<\/h4>\n<div id=\"motomarines-markdown104\" class=\"show-list-numbers-and-dots\" style=\"text-align: center;\">\n<p style=\"color: #000000;\"><strong>Exigences minimales en mati\u00e8re d\u2019\u00e9quipement de s\u00e9curit\u00e9<\/strong><\/p>\n<\/div>\n<div id=\"motomarines-markdown105\" class=\"show-list-numbers-and-dots\">\n<p style=\"color: #000000;\">Le tableau suivant pr\u00e9sente l\u2019\u00e9quipement de s\u00e9curit\u00e9 minimal qui doit se trouver \u00e0 bord d\u2019une<br \/>\n<strong>Motomarines<\/strong>. Vous pouvez d\u00e9cider de transporter plus d\u2019\u00e9quipements selon votre type d\u2019embarcation, votre activit\u00e9 ainsi que les conditions m\u00e9t\u00e9orologiques et l\u2019\u00e9tat des eaux du moment et \u00e0 venir. Apr\u00e8s avoir d\u00e9termin\u00e9 quel \u00e9quipement<br \/>\nvous devez avoir \u00e0 bord, lisez les sections qui suivent afin de vous renseigner sur chaque type d\u2019\u00e9quipement.<\/p>\n<\/div>\n<table class=\"table\">\n<thead>\n<tr>\n<th colspan=\"2\">DISPOSITIFS DE SAUVETAGE INDIVIDUELS<\/th>\n<\/tr>\n<\/thead>\n<tbody>\n<tr>\n<td>Un (1) gilet de sauvetage ou VFI pour chaque personne \u00e0 bord*<\/td>\n<\/tr>\n<tr>\n<td>Un (1) dispositif de remont\u00e9e \u00e0 bord<\/p>\n<p><a href=\"https:\/\/weathertoboat.ca\/fr\/remarques\/\">(voir remarque 1)<\/a><\/td>\n<\/tr>\n<tr>\n<td>Une (1) ligne d\u2019attrape flottante d\u2019au moins 15 m (49 pi 3 po) de longueur<\/td>\n<\/tr>\n<\/tbody>\n<\/table>\n<div id=\"motomarines-markdown106\" class=\"show-list-numbers-and-dots callout\">\n<p style=\"color: #000000;\">*Si toutes les personnes \u00e0 bord portent un gilet de sauvetage ou un VFI de la taille appropri\u00e9e, vous devez seulement avoir \u00e0 bord<\/p>\n<ul>\n<li>\n<p style=\"color: #000000;\">1) un dispositif de signalisation sonore;<\/p>\n<\/li>\n<li>\n<p style=\"color: #000000;\">2) une lampe de poche \u00e9tanche ou trois signaux de d\u00e9tresse pyrotechniques autres que des signaux fumig\u00e8nes;<\/p>\n<\/li>\n<li>\n<p style=\"color: #000000;\">3) un compas magn\u00e9tique si la motomarine ne navigue pas en vue d\u2019amers;<\/p>\n<\/li>\n<li>\n<p style=\"color: #000000;\">4) des feux de navigation si la motomarine est utilis\u00e9e apr\u00e8s le coucher du soleil ou avant son lever, ou en p\u00e9riode de visibilit\u00e9 restreinte.<\/p>\n<\/li>\n<\/ul>\n<p style=\"color: #000000;\"><strong>REMARQUE :<\/strong> Le gilet de sauvetage ou le VFI doit \u00eatre fabriqu\u00e9 d\u2019un mat\u00e9riau insubmersible.<\/p>\n<\/div>\n<div id=\"motomarines-markdown223\" class=\"show-list-numbers-and-dots\" style=\"text-align: center;\">\n<p style=\"color: #000000;\">Un gilet de sauvetage \u00e0<br \/>\n<strong>flottabilit\u00e9 inh\u00e9rente<\/strong> est une veste qui flotte de lui-m\u00eame. Il offre ainsi de la flottabilit\u00e9 sans besoin d&#8217;\u00eatre gonfl\u00e9.<\/p>\n<\/div>\n<div>\n<table class=\"table\">\n<thead>\n<tr>\n<th colspan=\"2\">SIGNAUX VISUELS<\/th>\n<\/tr>\n<\/thead>\n<tbody>\n<tr>\n<td>Une (1) lampe de poche \u00e9tanche<\/p>\n<p>OU<\/p>\n<table class=\"t1\" cellspacing=\"0\" cellpadding=\"0\">\n<tbody>\n<tr>\n<td class=\"td1\" valign=\"top\">\n<p class=\"p2\">trois (3) fus\u00e9es de d\u00e9tresse de type A, B, C ou D, dont au plus une (1) peut \u00eatre de type D<\/p>\n<\/td>\n<\/tr>\n<\/tbody>\n<\/table>\n<p><a href=\"https:\/\/weathertoboat.ca\/fr\/remarques\/\">(voir remarque 2)<\/a><\/td>\n<\/tr>\n<\/tbody>\n<\/table>\n<table class=\"table\">\n<thead>\n<tr>\n<th colspan=\"2\">\u00c9QUIPEMENT DE S\u00c9CURIT\u00c9 DE B\u00c2TIMENT<\/th>\n<\/tr>\n<\/thead>\n<tbody>\n<tr>\n<td>Un (1) dispositif de propulsion manuelle<\/p>\n<p>OU<\/p>\n<p>une (1) ancre et un (1) c\u00e2ble, un (1) cordage ou une (1) cha\u00eene ou une combinaison de ceux-ci d\u2019une longueur minimale de 15 m (49 pi 3 po)<\/td>\n<\/tr>\n<tr>\n<td>Une (1) \u00e9cope ou pompe de cale manuelle<\/p>\n<p><a href=\"https:\/\/weathertoboat.ca\/fr\/remarques\/\">(voir remarque 3)<\/a><\/td>\n<\/tr>\n<\/tbody>\n<\/table>\n<table class=\"table\">\n<thead>\n<tr>\n<th colspan=\"2\">\u00c9QUIPEMENT DE NAVIGATION<\/th>\n<\/tr>\n<\/thead>\n<tbody>\n<tr>\n<td>Un (1) dispositif ou appareil de signalisation sonore<\/td>\n<\/tr>\n<tr>\n<td>Des feux de navigation<\/p>\n<p><a href=\"https:\/\/weathertoboat.ca\/fr\/remarques\/\">(voir remarque 4)<\/a><\/td>\n<\/tr>\n<tr>\n<td>Un (1) compas magn\u00e9tique<\/p>\n<p><a href=\"https:\/\/weathertoboat.ca\/fr\/remarques\/\">(voir remarque 5)<\/a><\/td>\n<\/tr>\n<tr>\n<td>Un (1) r\u00e9flecteur radar<\/p>\n<p><a href=\"https:\/\/weathertoboat.ca\/fr\/remarques\/\">(voir remarque 6)<\/a><\/td>\n<\/tr>\n<\/tbody>\n<\/table>\n<table class=\"table\">\n<thead>\n<tr>\n<th colspan=\"2\">MAT\u00c9RIEL DE LUTTE CONTRE LES INCENDIES<\/th>\n<\/tr>\n<\/thead>\n<tbody>\n<tr>\n<td>Un (1) extincteur 5BC<\/td>\n<\/tr>\n<\/tbody>\n<\/table>\n<\/div>\n<div class=\"spacer\" style=\"width: 300px; height: 20px;\"><\/div>","protected":false},"excerpt":{"rendered":"<p>Motomarines Exigences minimales en mati\u00e8re d\u2019\u00e9quipement de s\u00e9curit\u00e9 Le tableau suivant pr\u00e9sente l\u2019\u00e9quipement de s\u00e9curit\u00e9 minimal qui doit se trouver \u00e0 bord d\u2019une Motomarines. Vous pouvez d\u00e9cider de transporter plus d\u2019\u00e9quipements selon votre type d\u2019embarcation, votre activit\u00e9 ainsi que les conditions m\u00e9t\u00e9orologiques et l\u2019\u00e9tat des eaux du moment et \u00e0 venir. Apr\u00e8s avoir d\u00e9termin\u00e9 quel [&hellip;]<\/p>","protected":false},"author":1,"featured_media":0,"parent":0,"menu_order":0,"comment_status":"closed","ping_status":"closed","template":"","meta":[],"_links":{"self":[{"href":"https:\/\/weathertoboat.ca\/fr\/wp-json\/wp\/v2\/pages\/2665"}],"collection":[{"href":"https:\/\/weathertoboat.ca\/fr\/wp-json\/wp\/v2\/pages"}],"about":[{"href":"https:\/\/weathertoboat.ca\/fr\/wp-json\/wp\/v2\/types\/page"}],"author":[{"embeddable":true,"href":"https:\/\/weathertoboat.ca\/fr\/wp-json\/wp\/v2\/users\/1"}],"replies":[{"embeddable":true,"href":"https:\/\/weathertoboat.ca\/fr\/wp-json\/wp\/v2\/comments?post=2665"}],"version-history":[{"count":4,"href":"https:\/\/weathertoboat.ca\/fr\/wp-json\/wp\/v2\/pages\/2665\/revisions"}],"predecessor-version":[{"id":4563,"href":"https:\/\/weathertoboat.ca\/fr\/wp-json\/wp\/v2\/pages\/2665\/revisions\/4563"}],"wp:attachment":[{"href":"https:\/\/weathertoboat.ca\/fr\/wp-json\/wp\/v2\/media?parent=2665"}],"curies":[{"name":"wp","href":"https:\/\/api.w.org\/{rel}","templated":true}]}}