{"id":2659,"date":"2021-06-15T01:27:24","date_gmt":"2021-06-15T01:27:24","guid":{"rendered":"https:\/\/weathertoboat.ca\/?page_id=2659"},"modified":"2024-10-31T15:24:56","modified_gmt":"2024-10-31T15:24:56","slug":"voiliers-plus-de-12-m-jusqua-24-m-394-78-9","status":"publish","type":"page","link":"https:\/\/weathertoboat.ca\/fr\/voiliers-plus-de-12-m-jusqua-24-m-394-78-9\/","title":{"rendered":"Voiliers plus de 12 m jusqu\u2019\u00e0 24 m (39\u20194&#8243; &#8211; 78&#8242; 9&#8243;)"},"content":{"rendered":"<div><img style=\"display: block; width: 100%; height: auto; margin-left: auto; margin-right: auto;\" src=\"https:\/\/weathertoboat.ca\/wp-content\/uploads\/boatnotes\/fre\/img\/fAWJkRoR5emRuxfuaRCl_sail_over12m.png\" \/><\/div>\n<h4 id=\"voiliersPlusDe12M-heading109\" style=\"color: #000000; text-align: center;\">Voiliers plus de 12 m jusqu\u2019\u00e0 24 m (39\u20194&#8243; &#8211; 78&#8242; 9&#8243;)<\/h4>\n<div id=\"voiliersPlusDe12M-markdown115\" class=\"show-list-numbers-and-dots\" style=\"text-align: center;\">\n<p style=\"color: #000000;\"><strong>Exigences minimales en mati\u00e8re d\u2019\u00e9quipement de s\u00e9curit\u00e9<\/strong><\/p>\n<\/div>\n<div id=\"voiliersPlusDe12M-markdown116\" class=\"show-list-numbers-and-dots\">\n<p style=\"color: #000000;\">Le tableau suivant pr\u00e9sente l\u2019\u00e9quipement de s\u00e9curit\u00e9 minimal qui doit se trouver \u00e0 bord d\u2019une<br \/>\n<strong>Voiliers plus de 12 m jusqu\u2019\u00e0 24 m<\/strong>. Vous pouvez d\u00e9cider de transporter plus d\u2019\u00e9quipements selon votre type d\u2019embarcation, votre activit\u00e9 ainsi que les conditions m\u00e9t\u00e9orologiques et l\u2019\u00e9tat des eaux du moment et \u00e0 venir. Apr\u00e8s avoir d\u00e9termin\u00e9<br \/>\nquel \u00e9quipement vous devez avoir \u00e0 bord, lisez les sections qui suivent afin de vous renseigner sur chaque type d\u2019\u00e9quipement.<\/p>\n<\/div>\n<div>\n<table class=\"table\">\n<thead>\n<tr>\n<th colspan=\"2\">DISPOSITIFS DE SAUVETAGE INDIVIDUELS<\/th>\n<\/tr>\n<\/thead>\n<tbody>\n<tr>\n<td>Un (1) gilet de sauvetage ou VFI pour chaque personne \u00e0 bord<\/td>\n<\/tr>\n<tr>\n<td>Un (1) dispositif de remont\u00e9e \u00e0 bord<\/p>\n<p><a href=\"https:\/\/weathertoboat.ca\/fr\/remarques\/\">(voir remarque 1)<\/a><\/td>\n<\/tr>\n<tr>\n<td>Une (1) ligne d\u2019attrape flottante d\u2019au moins 15 m (49 pi 3 po) de longueur<\/td>\n<\/tr>\n<tr>\n<td>Une (1) bou\u00e9e de sauvetage munie d\u2019un feu \u00e0 allumage automatique ou attach\u00e9e \u00e0 une ligne flottante d\u2019au moins 15 m (49 pi 3 po) de longueur<\/td>\n<\/tr>\n<\/tbody>\n<\/table>\n<table class=\"table\">\n<thead>\n<tr>\n<th colspan=\"2\">SIGNAUX VISUELS<\/th>\n<\/tr>\n<\/thead>\n<tbody>\n<tr>\n<td>Une (1) lampe de poche \u00e9tanche<\/td>\n<\/tr>\n<tr>\n<td>\n<table class=\"t1\" cellspacing=\"0\" cellpadding=\"0\">\n<tbody>\n<tr>\n<td class=\"td1\" valign=\"top\">\n<p class=\"p2\">Douze (12) fus\u00e9es de d\u00e9tresse de type A, B, C ou D, dont au plus six (6) peuvent \u00eatre de type D<\/p>\n<\/td>\n<\/tr>\n<\/tbody>\n<\/table>\n<p><a href=\"https:\/\/weathertoboat.ca\/fr\/remarques\/\">(voir remarque 2)<\/a><\/td>\n<\/tr>\n<\/tbody>\n<\/table>\n<table class=\"table\">\n<thead>\n<tr>\n<th colspan=\"2\">\u00c9QUIPEMENT DE S\u00c9CURIT\u00c9 DE B\u00c2TIMENT<\/th>\n<\/tr>\n<\/thead>\n<tbody>\n<tr>\n<td>Une (1) ancre et un (1) c\u00e2ble, un (1) cordage ou une (1) cha\u00eene ou une combinaison de ceux-ci d\u2019une longueur minimale de 50 m (164 pi 1 po)<\/td>\n<\/tr>\n<tr>\n<td>Des dispositifs de pompage de cale<\/td>\n<\/tr>\n<\/tbody>\n<\/table>\n<table class=\"table\">\n<thead>\n<tr>\n<th colspan=\"2\">\u00c9QUIPEMENT DE NAVIGATION<\/th>\n<\/tr>\n<\/thead>\n<tbody>\n<tr>\n<td>Un (1) appareil de signalisation sonore. Si le bateau mesure 20 m ou plus, deux (2) appareils conformes aux normes applicables pr\u00e9cis\u00e9es dans le<br \/>\n<a href=\"http:\/\/laws-lois.justice.gc.ca\/fra\/reglements\/C.R.C.%2C_ch._1416\/\">R\u00e8glement sur les abordages<\/a><\/td>\n<\/tr>\n<tr>\n<td>Feux de navigation<\/p>\n<p><a href=\"https:\/\/weathertoboat.ca\/fr\/remarques\/\">(voir remarque 4)<\/a><\/td>\n<\/tr>\n<tr>\n<td>Un (1) compas magn\u00e9tique conforme aux exigences du<\/p>\n<p><a href=\"http:\/\/laws-lois.justice.gc.ca\/fra\/reglements\/DORS-2005-134\/\">R\u00e8glement sur la s\u00e9curit\u00e9 de la navigation<\/a><\/p>\n<p><a href=\"https:\/\/weathertoboat.ca\/fr\/remarques\/\">(voir remarque 5)<\/a><\/td>\n<\/tr>\n<tr>\n<td>Un (1) r\u00e9flecteur radar<\/p>\n<p><a href=\"https:\/\/weathertoboat.ca\/fr\/remarques\/\">(voir remarque 6)<\/a><\/td>\n<\/tr>\n<\/tbody>\n<\/table>\n<table class=\"table\">\n<thead>\n<tr>\n<th colspan=\"2\">MAT\u00c9RIEL DE LUTTE CONTRE LES INCENDIES<\/th>\n<\/tr>\n<\/thead>\n<tbody>\n<tr>\n<td>Un (1) extincteur portatif 10BC aux endroits suivants :<\/p>\n<p>\u2022 \u00e0 chaque acc\u00e8s \u00e0 tout endroit o\u00f9 se trouve un appareil de cuisson, de chauffage ou de r\u00e9frig\u00e9ration \u00e0 combustible;<\/p>\n<p>\u2022 \u00e0 l\u2019entr\u00e9e de tout local habit\u00e9;<\/p>\n<p>\u2022 \u00e0 l\u2019entr\u00e9e de la salle des machines.<\/td>\n<\/tr>\n<tr>\n<td>Une (1) hache<\/td>\n<\/tr>\n<tr>\n<td>Deux (2) seaux d\u2019au moins 10 litres chacun<\/td>\n<\/tr>\n<\/tbody>\n<\/table>\n<\/div>\n<h4 id=\"voiliersPlusDe12M-heading110\" style=\"color: #000000; text-align: center;\">EXIGENCES EN MATI\u00c8RE DE FEUX DE NAVIGATION ET DE MARQUES SELON<\/h4>\n<h5 id=\"voiliersPlusDe12M-heading111\" class=\"navtitles\" style=\"color: #ffffff; text-align: center;\">Voiliers d\u2019une longueur de 7 m (23 pi) \u00e0 moins de 20 m (65 pi 7 po) \u2013 R\u00e8gle 25<\/h5>\n<p style=\"text-align: center;\"><b>OPTION 1 <\/b><\/p>\n<p>\u2022 Des feux de c\u00f4t\u00e9<\/p>\n<p>\u2022 Un (1) feu de poupe<\/p>\n<div><img style=\"display: block; width: 100%; height: auto; margin-left: auto; margin-right: auto;\" src=\"https:\/\/weathertoboat.ca\/wp-content\/uploads\/boatnotes\/fre\/img\/1rSoU6AXT62SlRwQPZ0m_nav_lights4_fr.png\" \/><\/div>\n<p style=\"text-align: center;\"><b>OPTION 2 <\/b><\/p>\n<p>\u2022 Des feux de c\u00f4t\u00e9<\/p>\n<p>\u2022 Un (1) feu de poupe<\/p>\n<p>Deux (2) feux superpos\u00e9s visibles sur tout l\u2019horizon, le feu sup\u00e9rieur \u00e9tant rouge et le feu inf\u00e9rieur \u00e9tant vert<\/p>\n<div><img style=\"display: block; width: 100%; height: auto; margin-left: auto; margin-right: auto;\" src=\"https:\/\/weathertoboat.ca\/wp-content\/uploads\/boatnotes\/fre\/img\/xFq5xcoTnOM8DEJI27O3_nav_lights9_FR.png\" \/><\/div>\n<p style=\"text-align: center;\"><b>OPTION 3 <\/b><\/p>\n<p>\u2022 Un (1) fanal combinant les feux de c\u00f4t\u00e9 et le feu de poupe<\/p>\n<div><img style=\"display: block; width: 100%; height: auto; margin-left: auto; margin-right: auto;\" src=\"https:\/\/weathertoboat.ca\/wp-content\/uploads\/boatnotes\/fre\/img\/amVEFFNpQL2xuHKend3H_nav_lights6_FR.png\" \/><\/div>\n<h5 id=\"voiliersPlusDe12M-heading112\" class=\"navtitles\" style=\"color: #ffffff; text-align: center;\">Embarcations \u00e0 l\u2019ancre d\u2019une longueur inf\u00e9rieure \u00e0 50 m (164 pi 1 po) \u2013 R\u00e8gle 30<\/h5>\n<p style=\"text-align: center;\"><b>Ancre de nuit<\/b><\/p>\n<p>\u2022 Un (1) feu blanc visible sur tout l\u2019horizon<\/p>\n<p><b>FACULTATIF<\/b> &#8211; Un (1) autre feu blanc visible sur tout l\u2019horizon, \u00e0 l\u2019arri\u00e8re et plus bas que l\u2019autre feu<\/p>\n<p>REMARQUE : Vous pouvez utiliser tous les feux disponibles pour illuminer les ponts.<\/p>\n<div><img style=\"display: block; width: 100%; height: auto; margin-left: auto; margin-right: auto;\" src=\"https:\/\/weathertoboat.ca\/wp-content\/uploads\/boatnotes\/fre\/img\/jEhrxEZzTQeuo9d8Hqrk_nav_lights14_FR.png\" \/><\/div>\n<p style=\"text-align: center;\"><b>DAY ANCHOR<\/b><\/p>\n<p>\u2022 One (1) ball<\/p>\n<div><img style=\"display: block; width: 100%; height: auto; margin-left: auto; margin-right: auto;\" src=\"https:\/\/weathertoboat.ca\/wp-content\/uploads\/boatnotes\/fre\/img\/8Qj9mkqiSdmdq8nYhJCl_nav_lights15_FR.png\" \/><\/div>\n<h5 id=\"voiliersPlusDe12M-heading182\" class=\"navtitles\" style=\"color: #ffffff; text-align: center;\">Sous voile et au moteur<\/h5>\n<p style=\"text-align: center;\">Un voilier qui fait route simultan\u00e9ment \u00e0 la voile et au moyen d\u2019un moteur, doit montrer \u00e0 l\u2019avant, \u00e0 l\u2019endroit le plus visible, une marque de forme conique, la pointe en bas.<\/p>\n<div><img style=\"display: block; width: 100%; height: auto; margin-left: auto; margin-right: auto;\" src=\"https:\/\/weathertoboat.ca\/wp-content\/uploads\/boatnotes\/fre\/img\/icWZBF6Ty2jJxwV6BtaD_sail_under_motor.png\" \/><\/div>\n<div class=\"spacer\" style=\"height: 100px;\"><\/div>","protected":false},"excerpt":{"rendered":"<p>Voiliers plus de 12 m jusqu\u2019\u00e0 24 m (39\u20194&#8243; &#8211; 78&#8242; 9&#8243;) Exigences minimales en mati\u00e8re d\u2019\u00e9quipement de s\u00e9curit\u00e9 Le tableau suivant pr\u00e9sente l\u2019\u00e9quipement de s\u00e9curit\u00e9 minimal qui doit se trouver \u00e0 bord d\u2019une Voiliers plus de 12 m jusqu\u2019\u00e0 24 m. Vous pouvez d\u00e9cider de transporter plus d\u2019\u00e9quipements selon votre type d\u2019embarcation, votre activit\u00e9 [&hellip;]<\/p>","protected":false},"author":1,"featured_media":0,"parent":0,"menu_order":0,"comment_status":"closed","ping_status":"closed","template":"","meta":[],"_links":{"self":[{"href":"https:\/\/weathertoboat.ca\/fr\/wp-json\/wp\/v2\/pages\/2659"}],"collection":[{"href":"https:\/\/weathertoboat.ca\/fr\/wp-json\/wp\/v2\/pages"}],"about":[{"href":"https:\/\/weathertoboat.ca\/fr\/wp-json\/wp\/v2\/types\/page"}],"author":[{"embeddable":true,"href":"https:\/\/weathertoboat.ca\/fr\/wp-json\/wp\/v2\/users\/1"}],"replies":[{"embeddable":true,"href":"https:\/\/weathertoboat.ca\/fr\/wp-json\/wp\/v2\/comments?post=2659"}],"version-history":[{"count":2,"href":"https:\/\/weathertoboat.ca\/fr\/wp-json\/wp\/v2\/pages\/2659\/revisions"}],"predecessor-version":[{"id":4561,"href":"https:\/\/weathertoboat.ca\/fr\/wp-json\/wp\/v2\/pages\/2659\/revisions\/4561"}],"wp:attachment":[{"href":"https:\/\/weathertoboat.ca\/fr\/wp-json\/wp\/v2\/media?parent=2659"}],"curies":[{"name":"wp","href":"https:\/\/api.w.org\/{rel}","templated":true}]}}