{"id":2645,"date":"2021-06-15T01:14:23","date_gmt":"2021-06-15T01:14:23","guid":{"rendered":"https:\/\/weathertoboat.ca\/?page_id=2645"},"modified":"2024-10-31T15:29:13","modified_gmt":"2024-10-31T15:29:13","slug":"bateaux-a-moteur-plus-de-6-m-et-jusqua-9-m-198-296","status":"publish","type":"page","link":"https:\/\/weathertoboat.ca\/fr\/bateaux-a-moteur-plus-de-6-m-et-jusqua-9-m-198-296\/","title":{"rendered":"Bateaux \u00e0 moteur plus de 6 m et jusqu\u2019\u00e0 9 m (19\u20198&#8243; &#8211; 29&#8217;6&#8243;)"},"content":{"rendered":"<div><img style=\"display: block; width: 100%; height: auto; margin-left: auto; margin-right: auto;\" src=\"https:\/\/weathertoboat.ca\/wp-content\/uploads\/boatnotes\/fre\/img\/WrjpNaSSnuAqRCaOlNEJ_power_boats_over9m.png\" \/><\/div>\n<h4 id=\"bateauxMoteurPlusDe6M-heading32\" style=\"color: #000000; text-align: center;\">Bateaux \u00e0 moteur plus de 6 m et jusqu\u2019\u00e0 9 m (19\u20198&#8243; &#8211; 29&#8217;6&#8243;)<\/h4>\n<div id=\"bateauxMoteurPlusDe6M-markdown52\" class=\"show-list-numbers-and-dots\" style=\"text-align: center;\">\n<p style=\"color: #000000;\"><strong>Exigences minimales en mati\u00e8re d\u2019\u00e9quipement de s\u00e9curit\u00e9<\/strong><\/p>\n<\/div>\n<div id=\"bateauxMoteurPlusDe6M-markdown53\" class=\"show-list-numbers-and-dots\">\n<p style=\"color: #000000;\">Le tableau suivant pr\u00e9sente l\u2019\u00e9quipement de s\u00e9curit\u00e9 minimal qui doit se trouver \u00e0 bord d\u2019une<br \/>\n<strong>Bateaux \u00e0 moteur plus de 6 m et jusqu\u2019\u00e0 9 m (19\u20198&#8243; &#8211; 29&#8217;6&#8243;)<\/strong>. Vous pouvez d\u00e9cider de transporter plus d\u2019\u00e9quipements selon votre type d\u2019embarcation, votre activit\u00e9 ainsi que les conditions m\u00e9t\u00e9orologiques et l\u2019\u00e9tat des eaux du moment et<br \/>\n\u00e0 venir. Apr\u00e8s avoir d\u00e9termin\u00e9 quel \u00e9quipement vous devez avoir \u00e0 bord, lisez les sections qui suivent afin de vous renseigner sur chaque type d\u2019\u00e9quipement.<\/p>\n<\/div>\n<div>\n<table class=\"table\">\n<thead>\n<tr>\n<th colspan=\"2\">DISPOSITIFS DE SAUVETAGE INDIVIDUELS<\/th>\n<\/tr>\n<\/thead>\n<tbody>\n<tr>\n<td>Un (1) gilet de sauvetage ou VFI pour chaque personne \u00e0 bord<\/td>\n<\/tr>\n<tr>\n<td>Un (1) dispositif de remont\u00e9e \u00e0 bord<\/p>\n<p><a href=\"https:\/\/weathertoboat.ca\/fr\/remarques\/\">(voir remarque 1)<\/a><\/td>\n<\/tr>\n<tr>\n<td>Une (1) ligne d\u2019attrape flottante d\u2019au moins 15 m (49 pi 3 po) de longueur<\/p>\n<p>OU<\/p>\n<p>une (1) bou\u00e9e de sauvetage attach\u00e9e \u00e0 une ligne de sauvetage flottante d\u2019au moins 15 m (49 pi 3 po) de longueur<\/td>\n<\/tr>\n<\/tbody>\n<\/table>\n<table class=\"table\">\n<thead>\n<tr>\n<th colspan=\"2\">SIGNAUX VISUELS<\/th>\n<\/tr>\n<\/thead>\n<tbody>\n<tr>\n<td>Une (1) lampe de poche \u00e9tanche<\/td>\n<\/tr>\n<tr>\n<td>\n<table class=\"t1\" cellspacing=\"0\" cellpadding=\"0\">\n<tbody>\n<tr>\n<td class=\"td1\" valign=\"top\">\n<p class=\"p2\">Six (6) fus\u00e9es de d\u00e9tresse de type A, B, C ou D, dont au plus deux (2) peuvent \u00eatre de type D<\/p>\n<\/td>\n<\/tr>\n<\/tbody>\n<\/table>\n<p><a href=\"https:\/\/weathertoboat.ca\/fr\/remarques\/\">(voir remarque 2)<\/a><\/td>\n<\/tr>\n<\/tbody>\n<\/table>\n<table class=\"table\">\n<thead>\n<tr>\n<th colspan=\"2\">\u00c9QUIPEMENT DE S\u00c9CURIT\u00c9 DE B\u00c2TIMENT<\/th>\n<\/tr>\n<\/thead>\n<tbody>\n<tr>\n<td>Un (1) dispositif de propulsion manuelle<\/p>\n<p>OU<\/p>\n<p>une (1) ancre et un (1) c\u00e2ble, un (1) cordage ou une (1) cha\u00eene ou une combinaison de ceux-ci d\u2019une longueur minimale de 15 m (49 pi 3 po)<\/td>\n<\/tr>\n<tr>\n<td>Une (1) \u00e9cope ou pompe de cale manuelle<\/p>\n<p><a href=\"https:\/\/weathertoboat.ca\/fr\/remarques\/\">(voir remarque 3)<\/a><\/td>\n<\/tr>\n<\/tbody>\n<\/table>\n<table class=\"table\">\n<thead>\n<tr>\n<th colspan=\"2\">\u00c9QUIPEMENT DE NAVIGATION<\/th>\n<\/tr>\n<\/thead>\n<tbody>\n<tr>\n<td>Un (1) dispositif ou appareil de signalisation sonore<\/td>\n<\/tr>\n<tr>\n<td>Des feux de navigation<\/p>\n<p><a href=\"https:\/\/weathertoboat.ca\/fr\/remarques\/\">(voir remarque 4)<\/a><\/td>\n<\/tr>\n<tr>\n<td>Un (1) compas magn\u00e9tique<\/p>\n<p><a href=\"https:\/\/weathertoboat.ca\/fr\/remarques\/\">(voir remarque 5)<\/a><\/td>\n<\/tr>\n<tr>\n<td>Un (1) r\u00e9flecteur radar<\/p>\n<p><a href=\"https:\/\/weathertoboat.ca\/fr\/remarques\/\">(voir remarque 6)<\/a><\/td>\n<\/tr>\n<\/tbody>\n<\/table>\n<table class=\"table\">\n<thead>\n<tr>\n<th colspan=\"2\">MAT\u00c9RIEL DE LUTTE CONTRE LES INCENDIES<\/th>\n<\/tr>\n<\/thead>\n<tbody>\n<tr>\n<td>Un (1) extincteur portatif 5BC si l\u2019embarcation est \u00e9quip\u00e9e d\u2019un moteur<\/td>\n<\/tr>\n<tr>\n<td>Un (1) extincteur portatif 5BC si l\u2019embarcation est \u00e9quip\u00e9e d\u2019un appareil de cuisson, de chauffage ou de r\u00e9frig\u00e9ration \u00e0 combustible<\/td>\n<\/tr>\n<\/tbody>\n<\/table>\n<\/div>\n<h4 id=\"bateauxMoteurPlusDe6M-heading33\" style=\"color: #000000; text-align: center;\">EXIGENCES EN MATI\u00c8RE DE FEUX DE NAVIGATION ET DE MARQUES SELON<\/h4>\n<h5 id=\"bateauxMoteurPlusDe6M-heading34\" class=\"navtitles\" style=\"color: #ffffff; text-align: center;\">Bateaux \u00e0 moteur d\u2019une longueur inf\u00e9rieure \u00e0 12 m (39 pi 4 po) \u2013 R\u00e8gle 23<\/h5>\n<p style=\"text-align: center;\"><b>OPTION 1 <\/b><\/p>\n<p>\u2022 Un (1) feu de t\u00eate de m\u00e2t<\/p>\n<p>\u2022 Des feux de c\u00f4t\u00e9<\/p>\n<p>\u2022 Un (1) feu de poupe<\/p>\n<p><b>FACULTATIF<\/b><\/p>\n<p>Un (1) second feu de t\u00eate de m\u00e2t \u00e0 l\u2019arri\u00e8re du premier et plus haut que celui-ci<\/p>\n<div><img style=\"display: block; width: 100%; height: auto; margin-left: auto; margin-right: auto;\" src=\"https:\/\/weathertoboat.ca\/wp-content\/uploads\/boatnotes\/fre\/img\/Aw4loz7QUG3RtJpO0Ua2_nav_lights1_FR.png\" \/><\/div>\n<p style=\"text-align: center;\">\n<b>OPTION 2 <\/b><\/p>\n<p>\u2022 Un (1) feu blanc visible sur tout l\u2019horizon<\/p>\n<p>\u2022 Des feux de c\u00f4t\u00e9<\/p>\n<div><img style=\"display: block; width: 100%; height: auto; margin-left: auto; margin-right: auto;\" src=\"https:\/\/weathertoboat.ca\/wp-content\/uploads\/boatnotes\/fre\/img\/QTZR1A1fReSSMrld08YJ_nav_lights2_FR.png\" \/><\/div>\n<h5 id=\"bateauxMoteurPlusDe6M-heading26\" class=\"navtitles\" style=\"color: #ffffff; text-align: center;\">Embarcations \u00e0 l\u2019ancre d\u2019une longueur inf\u00e9rieure \u00e0 50 m (164 pi 1 po) \u2013 R\u00e8gle 30<\/h5>\n<div id=\"bateauxMoteurPlusDe6M-markdown38\" class=\"show-list-numbers-and-dots callout\">\n<p style=\"color: #000000;\"><strong>Les embarcations de moins de 7 m<\/strong> ne sont pas tenues de montrer les feux ou marques prescrits, sauf lorsqu\u2019ils se trouvent \u00e0 l\u2019int\u00e9rieur ou \u00e0 proximit\u00e9 d\u2019un chenal \u00e9troit, d\u2019une voie d\u2019acc\u00e8s ou d\u2019un ancrage, ou sur les routes habituellement<br \/>\nfr\u00e9quent\u00e9es par d\u2019autres embarcations<\/p>\n<\/div>\n<p style=\"text-align: center;\"><b>Ancre de nuit<\/b><\/p>\n<p>\u2022 Un (1) feu blanc visible sur tout l\u2019horizon<\/p>\n<p><b>FACULTATIF<\/b> &#8211; Un (1) autre feu blanc visible sur tout l\u2019horizon, \u00e0 l\u2019arri\u00e8re et plus bas que l\u2019autre feu<\/p>\n<p>REMARQUE : Vous pouvez utiliser tous les feux disponibles pour illuminer les ponts.<\/p>\n<div><img style=\"display: block; width: 100%; height: auto; margin-left: auto; margin-right: auto;\" src=\"https:\/\/weathertoboat.ca\/wp-content\/uploads\/boatnotes\/fre\/img\/JWzuomz2QpOcFlr6yTH1_nav_lights14_FR.png\" \/><\/div>\n<p style=\"text-align: center;\"><b>Le jour<\/b><\/p>\n<p>\u2022 Une (1) boule<\/p>\n<div><img style=\"display: block; width: 100%; height: auto; margin-left: auto; margin-right: auto;\" src=\"https:\/\/weathertoboat.ca\/wp-content\/uploads\/boatnotes\/fre\/img\/VRSAD8oQmSmWAadndOdA_nav_lights15_FR.png\" \/><\/div>\n<div class=\"spacer\" style=\"height: 100px;\"><\/div>","protected":false},"excerpt":{"rendered":"<p>Bateaux \u00e0 moteur plus de 6 m et jusqu\u2019\u00e0 9 m (19\u20198&#8243; &#8211; 29&#8217;6&#8243;) Exigences minimales en mati\u00e8re d\u2019\u00e9quipement de s\u00e9curit\u00e9 Le tableau suivant pr\u00e9sente l\u2019\u00e9quipement de s\u00e9curit\u00e9 minimal qui doit se trouver \u00e0 bord d\u2019une Bateaux \u00e0 moteur plus de 6 m et jusqu\u2019\u00e0 9 m (19\u20198&#8243; &#8211; 29&#8217;6&#8243;). Vous pouvez d\u00e9cider de transporter [&hellip;]<\/p>","protected":false},"author":1,"featured_media":0,"parent":0,"menu_order":0,"comment_status":"closed","ping_status":"closed","template":"","meta":[],"_links":{"self":[{"href":"https:\/\/weathertoboat.ca\/fr\/wp-json\/wp\/v2\/pages\/2645"}],"collection":[{"href":"https:\/\/weathertoboat.ca\/fr\/wp-json\/wp\/v2\/pages"}],"about":[{"href":"https:\/\/weathertoboat.ca\/fr\/wp-json\/wp\/v2\/types\/page"}],"author":[{"embeddable":true,"href":"https:\/\/weathertoboat.ca\/fr\/wp-json\/wp\/v2\/users\/1"}],"replies":[{"embeddable":true,"href":"https:\/\/weathertoboat.ca\/fr\/wp-json\/wp\/v2\/comments?post=2645"}],"version-history":[{"count":2,"href":"https:\/\/weathertoboat.ca\/fr\/wp-json\/wp\/v2\/pages\/2645\/revisions"}],"predecessor-version":[{"id":4569,"href":"https:\/\/weathertoboat.ca\/fr\/wp-json\/wp\/v2\/pages\/2645\/revisions\/4569"}],"wp:attachment":[{"href":"https:\/\/weathertoboat.ca\/fr\/wp-json\/wp\/v2\/media?parent=2645"}],"curies":[{"name":"wp","href":"https:\/\/api.w.org\/{rel}","templated":true}]}}