{"id":2637,"date":"2021-06-14T21:49:28","date_gmt":"2021-06-14T21:49:28","guid":{"rendered":"https:\/\/weathertoboat.ca\/?page_id=2637"},"modified":"2021-06-14T21:49:28","modified_gmt":"2021-06-14T21:49:28","slug":"stand-up-paddle-boards","status":"publish","type":"page","link":"https:\/\/weathertoboat.ca\/fr\/stand-up-paddle-boards\/","title":{"rendered":"Stand Up Paddle Boards"},"content":{"rendered":"<div>\n      <img src=\"https:\/\/weathertoboat.ca\/wp-content\/uploads\/boatnotes\/eng\/img\/SDKFzDmgRCKxcaAVKWeA_stand_up_paddle_board.png\" style=\"display: block; width: 100%; height: auto; margin-left: auto; margin-right: auto;\">\n    <\/div>\n<h4 id=\"standUpPaddleBoards-heading177\" style=\"color:#000000;text-align:center;\">Stand Up Paddle Boards<\/h4>\n<div id=\"standUpPaddleBoards-markdown216\" style=\"text-align:center;\" class=\"show-list-numbers-and-dots\">\n<p style=\"color:#000000;\">\n        <strong>Exigences minimales en mati\u00e8re d\u2019\u00e9quipement de s\u00e9curit\u00e9<\/strong>\n      <\/p>\n<\/p><\/div>\n<div id=\"standUpPaddleBoards-markdown217\" class=\"show-list-numbers-and-dots\">\n<p style=\"color:#000000;\">Transport Canada, classifies Stand Up Paddleboards as human powered vessels when they are being used for navigation. When being used within the surf zone for surfing activities these requirements are not in force. When undertaking a trip or circuit<br \/>\n        such as a group crossing or solo outing, this is considered navigation.<\/p>\n<p style=\"color:#000000;\">As human powered vessels, Stand Up Paddleboards are subject to all carriage requirements, including lifejackets. There must be one Canadian approved lifejacket or personal floatation device available on board and available for immediate use. There<br \/>\n        are many PFD options available for ease of use, such as waist-pack inflatables (a popular choice among competitive rowers, who are also short on space and require a broad range of movement) or low profile paddling vests.<\/p>\n<\/p><\/div>\n<div id=\"standUpPaddleBoards-markdown219\" class=\"show-list-numbers-and-dots callout\">\n<p style=\"color:#000000;\">\n        <strong>Transport Canada does not recognize the leash\/paddleboard combination as a floatation device.<\/strong>\n      <\/p>\n<p style=\"color:#000000;\">Transport Canada supports leash use, but not as an alternative to a lifejacket or personal floatation device.<\/p>\n<\/p><\/div>\n<div>\n<table class=\"table\">\n<thead>\n<tr>\n<th colspan=\"2\">PERSONAL LIFESAVING APPLIANCES<\/th>\n<\/tr>\n<\/thead>\n<tbody>\n<tr>\n<td>One (1) lifejacket or PFD for each person on board.<\/td>\n<\/tr>\n<tr>\n<td>One (1) reboarding device<br \/>\n              <br \/>\n              <a href=\"https:\/\/weathertoboat.ca\/fr\/notes\/\">(See Note 1)<\/a>\n            <\/td>\n<\/tr>\n<tr>\n<td>One (1) buoyant heaving line at least 15 m (49&#8217;3&#8243;) long.<\/td>\n<\/tr>\n<\/tbody>\n<\/table>\n<table class=\"table\">\n<thead>\n<tr>\n<th colspan=\"2\">VISUAL SIGNALS<\/th>\n<\/tr>\n<\/thead>\n<tbody>\n<tr>\n<td colspan=\"2\" style=\"font-style: italic\">If boat is over 6m<\/td>\n<\/tr>\n<tr>\n<td>One (1) watertight flashlight<br \/>\n              <br \/>OR<br \/>\n              <br \/>Six (6) flares of type A, B or C<br \/>\n              <br \/>\n              <a href=\"https:\/\/weathertoboat.ca\/fr\/notes\/\">(See Note 2)<\/a>\n            <\/td>\n<\/tr>\n<\/tbody>\n<\/table>\n<table class=\"table\">\n<thead>\n<tr>\n<th colspan=\"2\">VESSEL SAFETY EQUIPMENT<\/th>\n<\/tr>\n<\/thead>\n<tbody>\n<tr>\n<td>One (1) bailer<br \/>\n              <br \/>OR<br \/>\n              <br \/>One (1) manual bilge pump<br \/>\n              <br \/>\n              <a href=\"https:\/\/weathertoboat.ca\/fr\/notes\/\">(See Note 3)<\/a><br \/>\n              <br \/>OR<br \/>\n              <br< td=\"\"><br \/>\n              <\/br<>\n            <\/td>\n<\/tr>\n<tr>\n<td>Bilge-pumping arrangements<br \/>\n              \n            <\/td>\n<\/tr>\n<\/tbody>\n<\/table>\n<table class=\"table\">\n<thead>\n<tr>\n<th colspan=\"2\">NAVIGATION EQUIPMENT<\/th>\n<\/tr>\n<\/thead>\n<tbody>\n<tr>\n<td>One (1) sound-signalling device or appliance<\/td>\n<\/tr>\n<tr>\n<td>Navigation lights<br \/>\n              <br \/>\n              <a href=\"https:\/\/weathertoboat.ca\/fr\/notes\/\">(See Note 4)<\/a>\n            <\/td>\n<\/tr>\n<tr>\n<td>One (1) magnetic compass<br \/>\n              <br \/>\n              <a href=\"https:\/\/weathertoboat.ca\/fr\/notes\/\">(See Note 5)<\/a>\n            <\/td>\n<\/tr>\n<tr>\n<td>One (1) radar reflector<br \/>\n              <br \/>\n              <a href=\"https:\/\/weathertoboat.ca\/fr\/notes\/\">(See Note 6)<\/a>\n            <\/td>\n<\/tr>\n<\/tbody>\n<\/table>\n<table class=\"table\">\n<thead>\n<tr>\n<th colspan=\"2\">FIRE FIGHTING EQUIPMENT<\/th>\n<\/tr>\n<\/thead>\n<tbody>\n<tr>\n<td>None<\/td>\n<\/tr>\n<\/tbody>\n<\/table><\/div>\n<h4 id=\"standUpPaddleBoards-heading178\" style=\"color:#000000;text-align:center;\">NAVIGATION LIGHT AND SHAPE REQUIREMENTS<\/h4>\n<h5 id=\"standUpPaddleBoards-heading179\" style=\"color:#FFFFFF;text-align:center;\" class=\"navtitles\">Human-Powered Boats &#8211; Rule 25<\/h5>\n<p style=\"text-align: center\">\n      <b>OPTION 1 <\/b><br \/>\n      <br \/> An electric torch or lighted lantern showing a white light (a watertight flashlight is acceptable) ready to use far enough in advance to prevent a collision\n    <\/p>\n<div>\n      <img src=\"https:\/\/weathertoboat.ca\/wp-content\/uploads\/boatnotes\/eng\/img\/SUSobqvdQkKKSA38T8Ao_nav_lights13.png\" style=\"display: block; width: 100%; height: auto; margin-left: auto; margin-right: auto;\">\n    <\/div>\n<h5 id=\"standUpPaddleBoards-heading180\" style=\"color:#FFFFFF;text-align:center;\" class=\"navtitles\">Boats at Anchor under 50 m (164\u20191\u2019\u2019) &#8211; Rule 30<\/h5>\n<div id=\"standUpPaddleBoards-markdown218\" style=\"text-align:center;\" class=\"show-list-numbers-and-dots callout\">\n<p style=\"color:#000000;\">\n        <strong>Note:<\/strong><br \/>\n        <strong>Boats under 7m are not required<\/strong> to show prescribed lights and marks, except in or near a narrow channel, fairway or anchorage, or where other vessels normally navigate.<\/p>\n<\/p><\/div>","protected":false},"excerpt":{"rendered":"<p>Stand Up Paddle Boards Minimum Safety Equipment Requirements Transport Canada, classifies Stand Up Paddleboards as human powered vessels when they are being used for navigation. When being used within the surf zone for surfing activities these requirements are not in force. When undertaking a trip or circuit such as a group crossing or solo outing, [&hellip;]<\/p>","protected":false},"author":1,"featured_media":0,"parent":0,"menu_order":0,"comment_status":"closed","ping_status":"closed","template":"","meta":[],"_links":{"self":[{"href":"https:\/\/weathertoboat.ca\/fr\/wp-json\/wp\/v2\/pages\/2637"}],"collection":[{"href":"https:\/\/weathertoboat.ca\/fr\/wp-json\/wp\/v2\/pages"}],"about":[{"href":"https:\/\/weathertoboat.ca\/fr\/wp-json\/wp\/v2\/types\/page"}],"author":[{"embeddable":true,"href":"https:\/\/weathertoboat.ca\/fr\/wp-json\/wp\/v2\/users\/1"}],"replies":[{"embeddable":true,"href":"https:\/\/weathertoboat.ca\/fr\/wp-json\/wp\/v2\/comments?post=2637"}],"version-history":[{"count":1,"href":"https:\/\/weathertoboat.ca\/fr\/wp-json\/wp\/v2\/pages\/2637\/revisions"}],"predecessor-version":[{"id":2638,"href":"https:\/\/weathertoboat.ca\/fr\/wp-json\/wp\/v2\/pages\/2637\/revisions\/2638"}],"wp:attachment":[{"href":"https:\/\/weathertoboat.ca\/fr\/wp-json\/wp\/v2\/media?parent=2637"}],"curies":[{"name":"wp","href":"https:\/\/api.w.org\/{rel}","templated":true}]}}