{"id":2635,"date":"2021-06-14T21:47:22","date_gmt":"2021-06-14T21:47:22","guid":{"rendered":"https:\/\/weathertoboat.ca\/?page_id=2635"},"modified":"2021-06-14T21:47:22","modified_gmt":"2021-06-14T21:47:22","slug":"sailboards-kiteboards","status":"publish","type":"page","link":"https:\/\/weathertoboat.ca\/fr\/sailboards-kiteboards\/","title":{"rendered":"Sailboards &#038; Kiteboards"},"content":{"rendered":"<div>\n      <img src=\"https:\/\/weathertoboat.ca\/wp-content\/uploads\/boatnotes\/eng\/img\/yHX4cGmIRcOsdaAU984d_sail_board_header.png\" style=\"display: block; width: 100%; height: auto; margin-left: auto; margin-right: auto;\">\n    <\/div>\n<h4 id=\"sailboardsKiteboards-heading88\" style=\"color:#000000;text-align:center;\">Sailboards &amp; Kiteboards<\/h4>\n<div id=\"sailboardsKiteboards-markdown99\" style=\"text-align:center;\" class=\"show-list-numbers-and-dots\">\n<p style=\"color:#000000;\">\n        <strong>Exigences minimales en mati\u00e8re d\u2019\u00e9quipement de s\u00e9curit\u00e9<\/strong>\n      <\/p>\n<\/p><\/div>\n<div id=\"sailboardsKiteboards-markdown100\" class=\"show-list-numbers-and-dots\">\n<p style=\"color:#000000;\">The following list outlines the minimum safety equipment required on<br \/>\n        <strong>Sailboards &amp; Kiteboards<\/strong>. You may want to bring more equipment based on your type of boat, your activity and the current and forecasted weather and water conditions. You can review the equipment you must carry aboard your boat and<br \/>\n        get specific information about each piece.<\/p>\n<\/p><\/div>\n<div>\n<table class=\"table\">\n<thead>\n<tr>\n<th colspan=\"2\">PERSONAL LIFESAVING APPLIANCES<\/th>\n<\/tr>\n<\/thead>\n<tbody>\n<tr>\n<td>One (1) lifejacket or PFD for each person on board.<\/td>\n<\/tr>\n<tr>\n<td>One (1) reboarding device<br \/>\n              <br \/>\n              <a href=\"https:\/\/weathertoboat.ca\/fr\/notes\/\">(See Note 1)<\/a>\n            <\/td>\n<\/tr>\n<tr>\n<td>One (1) buoyant heaving line at least 15 m (49&#8217;3&#8243;) long.<\/td>\n<\/tr>\n<\/tbody>\n<\/table>\n<table class=\"table\">\n<thead>\n<tr>\n<th colspan=\"2\">VISUAL SIGNALS<\/th>\n<\/tr>\n<\/thead>\n<tbody>\n<tr>\n<td colspan=\"2\"> None<\/td>\n<\/tr>\n<\/tbody>\n<\/table>\n<table class=\"table\">\n<thead>\n<tr>\n<th colspan=\"2\">VESSEL SAFETY EQUIPMENT<\/th>\n<\/tr>\n<\/thead>\n<tbody>\n<tr>\n<td>One (1) manual propelling device<br \/>\n              <br \/>OR<br \/>\n              <br \/>One (1) anchor and at least 15 m (49\u20193\u201d) of cable, rope or chain in any combination<\/td>\n<\/tr>\n<tr>\n<td>One (1) bailer<br \/>\n              <br \/>OR<br \/>\n              <br \/>One (1) manual bilge pump<br \/>\n              <br \/>\n              <a href=\"https:\/\/weathertoboat.ca\/fr\/notes\/\">(See Note 3)<\/a>\n            <\/td>\n<\/tr>\n<\/tbody>\n<\/table>\n<table class=\"table\">\n<thead>\n<tr>\n<th colspan=\"2\">NAVIGATION EQUIPMENT<\/th>\n<\/tr>\n<\/thead>\n<tbody>\n<tr>\n<td>One (1) sound-signalling device or appliance<\/td>\n<\/tr>\n<tr>\n<td>Navigation lights<br \/>\n              <br \/>\n              <a href=\"https:\/\/weathertoboat.ca\/fr\/notes\/\">(See Note 4)<\/a>\n            <\/td>\n<\/tr>\n<tr>\n<td>One (1) magnetic compass<br \/>\n              <br \/>\n              <a href=\"https:\/\/weathertoboat.ca\/fr\/notes\/\">(See Note 5)<\/a>\n            <\/td>\n<\/tr>\n<tr>\n<td>One (1) radar reflector<br \/>\n              <br \/>\n              <a href=\"https:\/\/weathertoboat.ca\/fr\/notes\/\">(See Note 6)<\/a>\n            <\/td>\n<\/tr>\n<\/tbody>\n<\/table>\n<table class=\"table\">\n<thead>\n<tr>\n<th colspan=\"2\">FIRE FIGHTING EQUIPMENT<\/th>\n<\/tr>\n<\/thead>\n<tbody>\n<tr>\n<td>None<\/td>\n<\/tr>\n<\/tbody>\n<\/table><\/div>\n<div id=\"sailboardsKiteboards-markdown103\" class=\"show-list-numbers-and-dots callout\">\n<p style=\"color:#000000;\">If everyone on board is wearing a lifejacket or a PFD of appropriate size, you are only required to carry<\/p>\n<ul>\n<li>\n<p style=\"color:#000000;\">1) a sound-signalling device; and<\/p>\n<\/li>\n<li>\n<p style=\"color:#000000;\">2) a watertight flashlight if the boat is used after sunset or before sunrise or in periods of restricted visibility.<\/p>\n<\/li>\n<\/ul>\n<p style=\"color:#000000;\">\n        <strong>NOTE:<\/strong> Kiteboarders and sailboarders should not wear a lifejacket or PFD that is fitted with an automatic inflator.<\/p>\n<\/p><\/div>\n<p>  <\/ion-content><br \/>\n<\/ion-view><\/p>","protected":false},"excerpt":{"rendered":"<p>Sailboards &amp; Kiteboards Minimum Safety Equipment Requirements The following list outlines the minimum safety equipment required on Sailboards &amp; Kiteboards. You may want to bring more equipment based on your type of boat, your activity and the current and forecasted weather and water conditions. You can review the equipment you must carry aboard your boat [&hellip;]<\/p>","protected":false},"author":1,"featured_media":0,"parent":0,"menu_order":0,"comment_status":"closed","ping_status":"closed","template":"","meta":[],"_links":{"self":[{"href":"https:\/\/weathertoboat.ca\/fr\/wp-json\/wp\/v2\/pages\/2635"}],"collection":[{"href":"https:\/\/weathertoboat.ca\/fr\/wp-json\/wp\/v2\/pages"}],"about":[{"href":"https:\/\/weathertoboat.ca\/fr\/wp-json\/wp\/v2\/types\/page"}],"author":[{"embeddable":true,"href":"https:\/\/weathertoboat.ca\/fr\/wp-json\/wp\/v2\/users\/1"}],"replies":[{"embeddable":true,"href":"https:\/\/weathertoboat.ca\/fr\/wp-json\/wp\/v2\/comments?post=2635"}],"version-history":[{"count":1,"href":"https:\/\/weathertoboat.ca\/fr\/wp-json\/wp\/v2\/pages\/2635\/revisions"}],"predecessor-version":[{"id":2636,"href":"https:\/\/weathertoboat.ca\/fr\/wp-json\/wp\/v2\/pages\/2635\/revisions\/2636"}],"wp:attachment":[{"href":"https:\/\/weathertoboat.ca\/fr\/wp-json\/wp\/v2\/media?parent=2635"}],"curies":[{"name":"wp","href":"https:\/\/api.w.org\/{rel}","templated":true}]}}