{"id":2608,"date":"2021-06-14T19:30:15","date_gmt":"2021-06-14T19:30:15","guid":{"rendered":"https:\/\/weathertoboat.ca\/?page_id=2608"},"modified":"2024-10-31T15:13:26","modified_gmt":"2024-10-31T15:13:26","slug":"power-boats-over-12m-and-up-to-24m-394-78-9-2","status":"publish","type":"page","link":"https:\/\/weathertoboat.ca\/fr\/power-boats-over-12m-and-up-to-24m-394-78-9-2\/","title":{"rendered":"Power Boats over 12m and up to 24m (39\u20194&#8243; &#8211; 78&#8242; 9&#8243;)"},"content":{"rendered":"<div><img style=\"display: block; width: 100%; height: auto; margin-left: auto; margin-right: auto;\" src=\"https:\/\/weathertoboat.ca\/wp-content\/uploads\/boatnotes\/eng\/img\/0C2sHmhReqej0SHG3GUD_power_boats_over12m.png\" \/><\/div>\n<h4 id=\"powerBoatSafetyOver12M-heading38\" style=\"color: #000000; text-align: center;\">Power Boats over 12m and up to 24m (39\u20194&#8243; &#8211; 78&#8242; 9&#8243;)<\/h4>\n<div id=\"powerBoatSafetyOver12M-markdown56\" class=\"show-list-numbers-and-dots\" style=\"text-align: center;\">\n<p style=\"color: #000000;\"><strong>Exigences minimales en mati\u00e8re d\u2019\u00e9quipement de s\u00e9curit\u00e9<\/strong><\/p>\n<\/div>\n<div id=\"powerBoatSafetyOver12M-markdown57\" class=\"show-list-numbers-and-dots\">\n<p style=\"color: #000000;\">The following list outlines the minimum safety equipment required on<br \/>\n<strong>Power Boats over 12m and up to 24m (39\u20194&#8243; &#8211; 78&#8242; 9&#8243;)<\/strong>. You may want to bring more equipment based on your type of boat, your activity and the current and forecasted weather and water conditions. You can review the equipment you must carry<br \/>\naboard your boat and get specific information about each piece.<\/p>\n<\/div>\n<div>\n<table class=\"table\">\n<thead>\n<tr>\n<th colspan=\"2\">PERSONAL LIFESAVING APPLIANCES<\/th>\n<\/tr>\n<\/thead>\n<tbody>\n<tr>\n<td>One (1) lifejacket or PFD for each person on board.<\/td>\n<\/tr>\n<tr>\n<td>One (1) reboarding device<\/p>\n<p><a href=\"https:\/\/weathertoboat.ca\/fr\/notes\/\">(See Note 1)<\/a><\/td>\n<\/tr>\n<tr>\n<td>One (1) buoyant heaving line at least 15 m (49&#8217;3&#8243;) long.<\/td>\n<\/tr>\n<tr>\n<td>One (1) lifebuoy equipped with a self-igniting light or attached to a buoyant line at least 15 m (49\u20193\u201d) long<\/td>\n<\/tr>\n<\/tbody>\n<\/table>\n<table class=\"table\">\n<thead>\n<tr>\n<th colspan=\"2\">VISUAL SIGNALS<\/th>\n<\/tr>\n<\/thead>\n<tbody>\n<tr>\n<td>One (1) watertight flashlight<\/td>\n<\/tr>\n<tr>\n<td>Twelve (12) flares of Type A, B, C or D, only six (6) can be Type D<\/p>\n<p><a href=\"https:\/\/weathertoboat.ca\/fr\/notes\/\">(See Note 2)<\/a><\/td>\n<\/tr>\n<\/tbody>\n<\/table>\n<table class=\"table\">\n<thead>\n<tr>\n<th colspan=\"2\">VESSEL SAFETY EQUIPMENT<\/th>\n<\/tr>\n<\/thead>\n<tbody>\n<tr>\n<td>One (1) anchor and at least 50 m (164&#8217;1&#8243;) of cable, rope or chain in any combination<\/td>\n<\/tr>\n<tr>\n<td>Bilge-pumping arrangements<\/td>\n<\/tr>\n<\/tbody>\n<\/table>\n<table class=\"table\">\n<thead>\n<tr>\n<th colspan=\"2\">NAVIGATION EQUIPMENT<\/th>\n<\/tr>\n<\/thead>\n<tbody>\n<tr>\n<td>One (1) sound-signalling appliance. Two required if the boat is 20 m and over that meets the applicable standards set out in the<br \/>\n<a href=\"https:\/\/laws-lois.justice.gc.ca\/fra\/reglements\/C.R.C._ch._1416\/\">R\u00e8glement sur les abordages<\/a><\/td>\n<\/tr>\n<tr>\n<td>Navigation lights<\/p>\n<p><a href=\"https:\/\/weathertoboat.ca\/fr\/notes\/\">(See Note 4)<\/a><\/td>\n<\/tr>\n<tr>\n<td>One (1) magnetic compass that meets the requirements set out in the<\/p>\n<p><a href=\"http:\/\/laws-lois.justice.gc.ca\/eng\/regulations\/SOR-2005-134\/\">Navigation Safety Regulations<\/a><\/p>\n<p><a href=\"https:\/\/weathertoboat.ca\/fr\/notes\/\">(See Note 5)<\/a><\/td>\n<\/tr>\n<tr>\n<td>One (1) radar reflector<\/p>\n<p><a href=\"https:\/\/weathertoboat.ca\/fr\/notes\/\">(See Note 6)<\/a><\/td>\n<\/tr>\n<\/tbody>\n<\/table>\n<table class=\"table\">\n<thead>\n<tr>\n<th colspan=\"2\">FIRE FIGHTING EQUIPMENT<\/th>\n<\/tr>\n<\/thead>\n<tbody>\n<tr>\n<td>One (1) 10BC fire extinguisher at all of the following locations:<\/p>\n<p>\u2022 at each access to any space where a fuelburning cooking, heating or refrigerating appliance is fitted;<\/p>\n<p>\u2022 at the entrance to any accommodation space; and<\/p>\n<p>\u2022 at the entrance to the machinery space.<\/td>\n<\/tr>\n<tr>\n<td>One (1) axe<\/td>\n<\/tr>\n<tr>\n<td>Two (2) buckets of at least 10 L each<\/td>\n<\/tr>\n<\/tbody>\n<\/table>\n<\/div>\n<h4 id=\"powerBoatSafetyOver12M-heading39\" style=\"color: #000000; text-align: center;\">NAVIGATION LIGHT AND SHAPE REQUIREMENTS<\/h4>\n<h5 id=\"powerBoatSafetyOver12M-heading40\" class=\"navtitles\" style=\"color: #ffffff; text-align: center;\">Power Boats from 12 m (39\u20194\u201d) to under 50 m (164\u20191\u201d) &#8211; Rule 23<\/h5>\n<p style=\"text-align: center;\"><b>OPTION 1 <\/b><\/p>\n<p>\u2022 One (1) masthead light;<\/p>\n<p>\u2022 Sidelights; and<\/p>\n<p>\u2022 One (1) sternlight<\/p>\n<p><b>OPTIONAL<\/b><\/p>\n<p>A second masthead abaft of and higher than the forward one light<\/p>\n<div><img style=\"display: block; width: 100%; height: auto; margin-left: auto; margin-right: auto;\" src=\"https:\/\/weathertoboat.ca\/wp-content\/uploads\/boatnotes\/eng\/img\/AvdqvG8HTglIXB7TZskd_nav_lights1.png\" \/><\/div>\n<h5 id=\"powerBoatSafetyOver12M-heading46\" class=\"navtitles\" style=\"color: #ffffff; text-align: center;\">Boats at Anchor under 50 m (164\u20191\u2019\u2019) &#8211; Rule 30<\/h5>\n<p style=\"text-align: center;\"><b>NIGHT ANCHOR<\/b><\/p>\n<p>\u2022 One (1) all-round white light<\/p>\n<p><b>OPTIONAL<\/b> &#8211; Another all-round white light at or near the stern and at a lower level than the other light NOTE: You may use any available lights to illuminate decks<\/p>\n<div><img style=\"display: block; width: 100%; height: auto; margin-left: auto; margin-right: auto;\" src=\"https:\/\/weathertoboat.ca\/wp-content\/uploads\/boatnotes\/eng\/img\/M3k5vDTZRgC10hG2TiiU_nav_lights14.png\" \/><\/div>\n<p style=\"text-align: center;\"><b>DAY ANCHOR<\/b><\/p>\n<p>\u2022 One (1) ball<\/p>\n<div><img style=\"display: block; width: 100%; height: auto; margin-left: auto; margin-right: auto;\" src=\"https:\/\/weathertoboat.ca\/wp-content\/uploads\/boatnotes\/eng\/img\/kHq4SEq3TTiQWPWshRn3_nav_lights15.png\" \/><\/div>\n<div class=\"spacer\" style=\"width: 300px; height: 100px;\"><\/div>","protected":false},"excerpt":{"rendered":"<p>Power Boats over 12m and up to 24m (39\u20194&#8243; &#8211; 78&#8242; 9&#8243;) Minimum Safety Equipment Requirements The following list outlines the minimum safety equipment required on Power Boats over 12m and up to 24m (39\u20194&#8243; &#8211; 78&#8242; 9&#8243;). You may want to bring more equipment based on your type of boat, your activity and the [&hellip;]<\/p>","protected":false},"author":1,"featured_media":0,"parent":0,"menu_order":0,"comment_status":"closed","ping_status":"closed","template":"","meta":[],"_links":{"self":[{"href":"https:\/\/weathertoboat.ca\/fr\/wp-json\/wp\/v2\/pages\/2608"}],"collection":[{"href":"https:\/\/weathertoboat.ca\/fr\/wp-json\/wp\/v2\/pages"}],"about":[{"href":"https:\/\/weathertoboat.ca\/fr\/wp-json\/wp\/v2\/types\/page"}],"author":[{"embeddable":true,"href":"https:\/\/weathertoboat.ca\/fr\/wp-json\/wp\/v2\/users\/1"}],"replies":[{"embeddable":true,"href":"https:\/\/weathertoboat.ca\/fr\/wp-json\/wp\/v2\/comments?post=2608"}],"version-history":[{"count":3,"href":"https:\/\/weathertoboat.ca\/fr\/wp-json\/wp\/v2\/pages\/2608\/revisions"}],"predecessor-version":[{"id":4546,"href":"https:\/\/weathertoboat.ca\/fr\/wp-json\/wp\/v2\/pages\/2608\/revisions\/4546"}],"wp:attachment":[{"href":"https:\/\/weathertoboat.ca\/fr\/wp-json\/wp\/v2\/media?parent=2608"}],"curies":[{"name":"wp","href":"https:\/\/api.w.org\/{rel}","templated":true}]}}