{"id":2589,"date":"2021-06-14T14:40:29","date_gmt":"2021-06-14T14:40:29","guid":{"rendered":"https:\/\/weathertoboat.ca\/?page_id=2589"},"modified":"2021-06-14T19:54:58","modified_gmt":"2021-06-14T19:54:58","slug":"regles-de-route","status":"publish","type":"page","link":"https:\/\/weathertoboat.ca\/fr\/regles-de-route\/","title":{"rendered":"R\u00e8gles de route"},"content":{"rendered":"<div>\n      <img src=\"https:\/\/weathertoboat.ca\/wp-content\/uploads\/boatnotes\/eng\/img\/6M9vjUlqT4m7CuAanoQj_rules_of_the_road.jpg\" style=\"display: block; width: 100%; height: auto; margin-left: auto; margin-right: auto;\">\n    <\/div>\n<h3 id=\"rGlesDeRoute-heading16\" style=\"color:#000000;\">R\u00e8gles de route<\/h3>\n<div id=\"rGlesDeRoute-markdown17\" class=\"show-list-numbers-and-dots\">\n<p style=\"color:#000000;\">Les \u00ab r\u00e8gles de route \u00bb sur les voies navigables du Canada visent \u00e0 \u00e9viter les abordages. Elles disent \u00e0 chaque plaisancier ce qu\u2019il doit faire pour \u00e9viter d\u2019\u00eatre victime d\u2019un abordage ou d\u2019aborder une autre embarcation.. <\/p>\n<p style=\"color:#000000;\">\n        <strong>Quelques r\u00e8gles de base :<\/strong>\n      <\/p>\n<ol>\n<li>Les embarcations \u00e0 moteur doivent c\u00e9der le passage aux voiliers et aux embarcations \u00e0 propulsion humaine.<\/li>\n<li>Les voiliers doivent c\u00e9der le passage aux embarcations \u00e0 propulsion humaine.<\/li>\n<li>Les voiliers qui naviguent \u00e0 moteur sont consid\u00e9r\u00e9s comme des embarcations \u00e0 moteur et doivent respecter les r\u00e8gles qui s\u2019appliquent dans ce cas.<\/li>\n<\/ol><\/div>\n<div>\n      <img src=\"https:\/\/weathertoboat.ca\/wp-content\/uploads\/boatnotes\/eng\/img\/pwip5tqTRXa2mnHjhOp6_rules_or_the_road1.png\" style=\"display: block; width: 100%; height: auto; margin-left: auto; margin-right: auto;\">\n    <\/div>\n<div id=\"rGlesDeRoute-markdown18\" class=\"show-list-numbers-and-dots\">\n<p style=\"color:#F31515;\">\n        <strong>1. B\u00e2bord<\/strong> Si une embarcation \u00e0 moteur s\u2019approche dans cette zone, maintenez votre route et votre vitesse, mais proc\u00e9dez avec prudence.<\/p>\n<\/p><\/div>\n<div id=\"rGlesDeRoute-markdown19\" class=\"show-list-numbers-and-dots\">\n<p style=\"color:#11860D;\">\n        <strong>2. Tribord<\/strong> \u00c9cartez-vous de la route de tout bateau qui s\u2019approche dans cette zone afin d\u2019\u00e9viter une collision et passez derri\u00e8re lui.<\/p>\n<\/p><\/div>\n<div id=\"rGlesDeRoute-markdown20\" class=\"show-list-numbers-and-dots\">\n<p style=\"color:#000000;\">\n        <strong>3. Arri\u00e8re<\/strong> Si un bateau s\u2019approche dans cette zone, maintenez votre route et votre vitesse, mais proc\u00e9dez avec prudence.<\/p>\n<\/p><\/div>\n<div>\n      <img src=\"https:\/\/weathertoboat.ca\/wp-content\/uploads\/boatnotes\/eng\/img\/cv1U162YQPmPAEFy6dH2_rules1.png\" style=\"display: block; width: 100%; height: auto; margin-left: auto; margin-right: auto;\">\n    <\/div>\n<div id=\"rGlesDeRoute-markdown21\" class=\"show-list-numbers-and-dots\">\n<p style=\"color:#000000;\">\n        <strong>A<\/strong> \u00e9met un coup de klaxon et s\u2019\u00e9carte vers tribord.<br \/>\n        <strong>B<\/strong> \u00e9met un coup de klaxon et s\u2019\u00e9carte vers tribord.<\/p>\n<\/p><\/div>\n<div class=\"spacer\" style=\"height: 20px;\"><\/div>\n<div>\n      <img src=\"https:\/\/weathertoboat.ca\/wp-content\/uploads\/boatnotes\/eng\/img\/dOwWEaZSSl2RsZlfEXY3_rules2.png\" style=\"display: block; width: 100%; height: auto; margin-left: auto; margin-right: auto;\">\n    <\/div>\n<div id=\"rGlesDeRoute-markdown22\" class=\"show-list-numbers-and-dots\">\n<p style=\"color:#000000;\">\n        <strong>A<\/strong> s&#8217;\u00e9carte et doit \u00e9viter de couper la route sur l&#8217;avant de<br \/>\n        <strong>B<\/strong>.<\/p>\n<\/p><\/div>\n<div class=\"spacer\" style=\"height: 20px;\"><\/div>\n<div>\n      <img src=\"https:\/\/weathertoboat.ca\/wp-content\/uploads\/boatnotes\/eng\/img\/k9tvIWNETbqbqlnO3njG_rules3.png\" style=\"display: block; width: 100%; height: auto; margin-left: auto; margin-right: auto;\">\n    <\/div>\n<div id=\"rGlesDeRoute-markdown23\" class=\"show-list-numbers-and-dots\">\n<p style=\"color:#000000;\">Tout bateau qui en d\u00e9passe un autre doit s\u2019en \u00e9carter.<\/p>\n<\/p><\/div>\n<div class=\"spacer\" style=\"height: 20px;\"><\/div>\n<div>\n      <img src=\"https:\/\/weathertoboat.ca\/wp-content\/uploads\/boatnotes\/eng\/img\/FouX08JJTBajZq61tWbr_rules4.png\" style=\"display: block; width: 100%; height: auto; margin-left: auto; margin-right: auto;\">\n    <\/div>\n<div id=\"rGlesDeRoute-markdown24\" class=\"show-list-numbers-and-dots\">\n<p style=\"color:#000000;\">\n        <strong>A<\/strong> une embarcation \u00e0 moteur doit s\u2019\u00e9carter de<br \/>\n        <strong>B<\/strong> un voilier.<\/p>\n<\/p><\/div>\n<div class=\"spacer\" style=\"height: 20px;\"><\/div>\n<div>\n      <img src=\"https:\/\/weathertoboat.ca\/wp-content\/uploads\/boatnotes\/eng\/img\/2WbdbaISRoqDYjSzhhJZ_rules5.png\" style=\"display: block; width: 100%; height: auto; margin-left: auto; margin-right: auto;\">\n    <\/div>\n<div id=\"rGlesDeRoute-markdown25\" style=\"text-align:center;\" class=\"show-list-numbers-and-dots\">\n<p style=\"color:#000000;\">\n        <strong>A<\/strong> s\u2019\u00e9carte de<br \/>\n        <strong>B<\/strong>\n      <\/p>\n<p style=\"color:#000000;\">\n        <strong>B<\/strong> s\u2019\u00e9carte de<br \/>\n        <strong>D<\/strong>\n      <\/p>\n<p style=\"color:#000000;\">\n        <strong>C<\/strong> s\u2019\u00e9carte de<br \/>\n        <strong>A<\/strong> et<br \/>\n        <strong>B<\/strong>\n      <\/p>\n<p style=\"color:#000000;\">\n        <strong>D<\/strong> s\u2019\u00e9carte de<br \/>\n        <strong>A<\/strong> et<br \/>\n        <strong>C<\/strong>\n      <\/p>\n<\/p><\/div>\n<div class=\"spacer\" style=\"height: 20px;\"><\/div>\n<h4 id=\"rGlesDeRoute-heading17\" style=\"color:#000000;text-align:center;\">Maintenez une vigie afin d\u2019\u00e9viter les abordages<\/h4>\n<div id=\"rGlesDeRoute-markdown26\" class=\"show-list-numbers-and-dots\">\n<p style=\"color:#000000;\">Maintenir une vigie en tout temps est une affaire de bon sens et c\u2019est la loi. En pr\u00e9sence de navires : il leur est difficile de vous voir ou de changer de cap pour vous \u00e9viter et ils ne peuvent s\u2019arr\u00eater rapidement. <\/p>\n<p style=\"color:#000000;\">Voil\u00e0 autant de raisons de s\u2019en \u00e9carter. Sur les voies navigables emprunt\u00e9es par des navires de commerce &#8211; remorqueurs, barges en remorque, navires de p\u00eache en mouvement ou \u00e0 l\u2019arr\u00eat &#8211; la pratique la plus s\u00fbre consiste \u00e0 s\u2019en \u00e9carter.<\/p>\n<\/p><\/div>\n<div class=\"spacer\" style=\"height: 20px;\"><\/div>\n<h4 id=\"rGlesDeRoute-heading18\" style=\"color:#000000;text-align:center;\">Quand des voiliers se rencontrent<\/h4>\n<div id=\"rGlesDeRoute-markdown27\" class=\"show-list-numbers-and-dots\">\n<p style=\"color:#000000;\">Les voiliers qui naviguent \u00e0 moteur sont consid\u00e9r\u00e9s comme des embarcations \u00e0 moteur et doivent respecter les r\u00e8gles qui s\u2019appliquent dans ce cas.<\/p>\n<\/p><\/div>\n<div id=\"rGlesDeRoute-markdown30\" style=\"text-align:center;\" class=\"show-list-numbers-and-dots\">\n<p style=\"color:#000000;\">\n        <strong>Quand des voiliers re\u00e7oivent le vent d\u2019un bord diff\u00e9rent.<\/strong>\n      <\/p>\n<\/p><\/div>\n<div>\n      <img src=\"https:\/\/weathertoboat.ca\/wp-content\/uploads\/boatnotes\/fre\/img\/oOOnFfAlT4KxkRtIuJU5_rules6.png\" style=\"display: block; width: 100%; height: auto; margin-left: auto; margin-right: auto;\">\n    <\/div>\n<div class=\"spacer\" style=\"height: 10px;\"><\/div>\n<div id=\"rGlesDeRoute-markdown28\" class=\"show-list-numbers-and-dots\">\n<p style=\"color:#000000;\">\n        <strong>A<\/strong> re\u00e7oit le vent sur son c\u00f4t\u00e9 b\u00e2bord (gauche) et doit s\u2019\u00e9carter de<br \/>\n        <strong>B<\/strong>.<\/p>\n<p style=\"color:#000000;\">Si un voilier re\u00e7oit le vent sur son c\u00f4t\u00e9 b\u00e2bord et que son conducteur ne peut d\u00e9terminer si l\u2019autre voilier re\u00e7oit le vent sur son c\u00f4t\u00e9 b\u00e2bord ou tribord (droit), le premier doit s\u2019\u00e9carter de la route de l\u2019autre.<\/p>\n<\/p><\/div>\n<div id=\"rGlesDeRoute-markdown31\" style=\"text-align:center;\" class=\"show-list-numbers-and-dots\">\n<p style=\"color:#000000;\">\n        <strong>Quand les deux voiliers re\u00e7oivent le vent du m\u00eame c\u00f4t\u00e9&nbsp;:<\/strong>\n      <\/p>\n<\/p><\/div>\n<div>\n      <img src=\"https:\/\/weathertoboat.ca\/wp-content\/uploads\/boatnotes\/fre\/img\/LyIZZTD6QHCpE9hUmwsQ_rules7.png\" style=\"display: block; width: 100%; height: auto; margin-left: auto; margin-right: auto;\">\n    <\/div>\n<div id=\"rGlesDeRoute-markdown29\" class=\"show-list-numbers-and-dots\">\n<p style=\"color:#000000;\">\n        <strong>B<\/strong> qui est au vent* doit s\u2019\u00e9carter de<br \/>\n        <strong>A<\/strong> qui est sous le vent.<\/p>\n<p style=\"color:#000000;\">*Le c\u00f4t\u00e9 expos\u00e9 au vent est celui du bord oppos\u00e9 au bord de brassage de la grand-voile. Dans le cas d\u2019un navire gr\u00e9\u00e9 en carr\u00e9, ce sera le c\u00f4t\u00e9 oppos\u00e9 au bord de brassage de la plus grande voile aurique.<\/p>\n<\/p><\/div>\n<div class=\"spacer\" style=\"height: 100px;\"><\/div>","protected":false},"excerpt":{"rendered":"<p>R\u00e8gles de route Les \u00ab r\u00e8gles de route \u00bb sur les voies navigables du Canada visent \u00e0 \u00e9viter les abordages. Elles disent \u00e0 chaque plaisancier ce qu\u2019il doit faire pour \u00e9viter d\u2019\u00eatre victime d\u2019un abordage ou d\u2019aborder une autre embarcation.. Quelques r\u00e8gles de base : Les embarcations \u00e0 moteur doivent c\u00e9der le passage aux voiliers [&hellip;]<\/p>","protected":false},"author":1,"featured_media":0,"parent":0,"menu_order":0,"comment_status":"closed","ping_status":"closed","template":"","meta":[],"_links":{"self":[{"href":"https:\/\/weathertoboat.ca\/fr\/wp-json\/wp\/v2\/pages\/2589"}],"collection":[{"href":"https:\/\/weathertoboat.ca\/fr\/wp-json\/wp\/v2\/pages"}],"about":[{"href":"https:\/\/weathertoboat.ca\/fr\/wp-json\/wp\/v2\/types\/page"}],"author":[{"embeddable":true,"href":"https:\/\/weathertoboat.ca\/fr\/wp-json\/wp\/v2\/users\/1"}],"replies":[{"embeddable":true,"href":"https:\/\/weathertoboat.ca\/fr\/wp-json\/wp\/v2\/comments?post=2589"}],"version-history":[{"count":5,"href":"https:\/\/weathertoboat.ca\/fr\/wp-json\/wp\/v2\/pages\/2589\/revisions"}],"predecessor-version":[{"id":2613,"href":"https:\/\/weathertoboat.ca\/fr\/wp-json\/wp\/v2\/pages\/2589\/revisions\/2613"}],"wp:attachment":[{"href":"https:\/\/weathertoboat.ca\/fr\/wp-json\/wp\/v2\/media?parent=2589"}],"curies":[{"name":"wp","href":"https:\/\/api.w.org\/{rel}","templated":true}]}}